{"id":26475,"date":"2026-04-02T12:36:09","date_gmt":"2026-04-02T10:36:09","guid":{"rendered":"https:\/\/3dtone.com\/?post_type=product&#038;p=26475"},"modified":"2026-04-02T13:01:16","modified_gmt":"2026-04-02T11:01:16","slug":"atril-de-fliscorno-para-movil","status":"publish","type":"product","link":"https:\/\/3dtone.com\/de\/product\/atril-de-fliscorno-para-movil\/","title":{"rendered":"Atril de Fliscorno para M\u00f3vil"},"content":{"rendered":"<p class=\"\" data-start=\"125\" data-end=\"343\">Diese<strong> Atril de Marcha para Fliscorno <\/strong>zeichnet sich durch seine<em> einteiliges Design<\/em>Bereitstellung von <em><strong>Stabilit\u00e4t<\/strong> <\/em>und Komfort in einem leichten, einfach zu transportierenden Format.<\/p>\n<p class=\"\" data-start=\"345\" data-end=\"554\">Montage <em>schnell und einfach<\/em>. Einmal angebracht, bleibt der Notenst\u00e4nder fest und sicher und optimiert Ihr Spielerlebnis in jeder Situation.<\/p>\n<p class=\"\" data-start=\"589\" data-end=\"758\">Seine R\u00fcckseite, die f\u00fcr die \u00d6ffentlichkeit sichtbar ist, ist\u00a0<em><strong>Individuell gestaltbar<\/strong><\/em>\u00a0mit Logos, Initialen oder speziellen Motiven, die dem Rednerpult eine einzigartige und professionelle Note verleihen.<\/p>\n<p class=\"\" data-start=\"65\" data-end=\"371\">Inklusive einer metallischen Klebefolie zur Befestigung an der H\u00fclle Ihres Mobilger\u00e4ts oder eBooks. Um die beste Leistung und Stabilit\u00e4t zu gew\u00e4hrleisten, ist es\u00a0<strong><em>grundlegend<\/em><\/strong>\u00a0Die Folie sollte nicht direkt mit dem Magneten des Rednerpults in Ber\u00fchrung kommen, daher empfehlen wir, die Folie direkt an der Abdeckung zu befestigen.<\/p>\n<p class=\"\" data-start=\"373\" data-end=\"477\">Au\u00dferdem k\u00f6nnen Sie beruhigt sein:\u00a0<strong><em>der Magnet besch\u00e4digt den Akku Ihres Telefons nicht<\/em><\/strong>\u00a0und beeintr\u00e4chtigt seine Funktion nicht.<\/p>\n<hr \/>\n<h2>C\u00f3mo montar tu Atril de Fliscorno para m\u00f3vil:<\/h2>\n<hr \/>\n<h2 data-start=\"301\" data-end=\"370\"><strong data-start=\"306\" data-end=\"368\">\u00bfPor qu\u00e9 elegir el Atril de Fliscorno para M\u00f3vil de 3DTONE?<\/strong><\/h2>\n<p class=\"\" data-start=\"371\" data-end=\"618\">Die <strong data-start=\"374\" data-end=\"406\">Atril de Fliscorno para M\u00f3vil<\/strong> von <b>3DTONE <\/b>wurde mit Blick auf den Komfort und die Vielseitigkeit von Musikern entwickelt. Mit diesem innovativen Zubeh\u00f6r k\u00f6nnen Sie Ihr mobiles Ger\u00e4t halten, w\u00e4hrend Sie spielen, was es ideal f\u00fcr Proben, Konzerte und Unterricht macht.<\/p>\n<p class=\"\" data-start=\"621\" data-end=\"681\">\u2705 <strong data-start=\"623\" data-end=\"645\">Leicht und kompakt:<\/strong> Leicht zu transportieren und zu lagern.<br \/>\n\u2705 <strong data-start=\"686\" data-end=\"704\">Sicherer Sitz:<\/strong> Compatible con la mayor\u00eda de dispositivos m\u00f3viles y fliscornos.<\/p>\n<p class=\"\" data-start=\"860\" data-end=\"965\">Si buscas un atril que se adapte a tus necesidades como fliscorno moderno, \u00a1este es el ideal para ti!<\/p>\n<hr class=\"\" data-start=\"967\" data-end=\"970\" \/>\n<h2 data-start=\"972\" data-end=\"1031\"><strong data-start=\"977\" data-end=\"1029\">Ventajas de nuestro Atril de Fliscorno para ebook<\/strong><\/h2>\n<ul data-start=\"1032\" data-end=\"1379\">\n<li class=\"\" data-start=\"1032\" data-end=\"1113\">\n<p class=\"\" data-start=\"1034\" data-end=\"1113\"><strong data-start=\"1034\" data-end=\"1063\">Universelle Kompatibilit\u00e4t:<\/strong> Kompatibilit\u00e4t mit allen Arten von Mobiltelefonen und Ger\u00e4ten.<\/p>\n<\/li>\n<li class=\"\" data-start=\"1114\" data-end=\"1201\">\n<p class=\"\" data-start=\"1116\" data-end=\"1201\"><strong data-start=\"1116\" data-end=\"1147\">Einfache Montage und Demontage:<\/strong> In nur wenigen Sekunden ist Ihr Rednerpult einsatzbereit.<\/p>\n<\/li>\n<li class=\"\" data-start=\"1202\" data-end=\"1271\">\n<p class=\"\" data-start=\"1204\" data-end=\"1271\"><strong data-start=\"1204\" data-end=\"1228\">Rutschfester Boden:<\/strong> Gew\u00e4hrleistet die Stabilit\u00e4t w\u00e4hrend des Gebrauchs.<\/p>\n<\/li>\n<\/ul>\n<p class=\"\" data-start=\"1381\" data-end=\"1521\">Dieser Notenst\u00e4nder ist sowohl f\u00fcr professionelle Musiker als auch f\u00fcr Trompetensch\u00fcler, die eine praktische und effiziente L\u00f6sung ben\u00f6tigen, perfekt geeignet.<\/p>\n<hr class=\"\" data-start=\"2041\" data-end=\"2044\" \/>\n<h2 data-start=\"2046\" data-end=\"2132\"><strong data-start=\"2051\" data-end=\"2130\">\u00bfC\u00f3mo utilizar el Atril de Fliscorno de marcha en tus ensayos y conciertos?<\/strong><\/h2>\n<ol data-start=\"2133\" data-end=\"2541\">\n<li class=\"\" data-start=\"2133\" data-end=\"2233\">\n<p class=\"\" data-start=\"2136\" data-end=\"2233\"><strong data-start=\"2136\" data-end=\"2159\">Montage:<\/strong> Mediante el sistema de bisagra, incorpora el atril en tu fliscorno.<\/p>\n<\/li>\n<li class=\"\" data-start=\"2234\" data-end=\"2316\">\n<p class=\"\" data-start=\"2237\" data-end=\"2316\"><strong data-start=\"2237\" data-end=\"2259\">Metallische Folie: <\/strong>Kleben Sie die Metallfolie auf das Geh\u00e4use Ihres Ger\u00e4ts.<\/p>\n<\/li>\n<li class=\"\" data-start=\"2234\" data-end=\"2316\">\n<p class=\"\" data-start=\"2237\" data-end=\"2316\"><strong data-start=\"2421\" data-end=\"2442\">Ger\u00e4t:<\/strong> Befestigen Sie das Ger\u00e4t an dem Magneten. Der Magnet muss mit der Metallfolie in Kontakt kommen.<\/p>\n<\/li>\n<li class=\"\" data-start=\"2234\" data-end=\"2316\">\n<p class=\"\" data-start=\"2237\" data-end=\"2316\"><strong data-start=\"2421\" data-end=\"2442\">Ergebnis:<\/strong> Bereiten Sie die Partitur vor, die Sie studieren oder auff\u00fchren werden.<\/p>\n<\/li>\n<li class=\"\" data-start=\"2234\" data-end=\"2316\">\n<p class=\"\" data-start=\"2237\" data-end=\"2316\"><strong data-start=\"2526\" data-end=\"2539\">Lasst uns spielen!<\/strong><\/p>\n<\/li>\n<\/ol>\n<hr class=\"\" data-start=\"3079\" data-end=\"3082\" \/>\n<h2 data-start=\"3084\" data-end=\"3153\"><strong data-start=\"3089\" data-end=\"3151\">Preguntas Frecuentes sobre el Atril de Fliscorno para M\u00f3vil<\/strong><\/h2>\n<h3 data-start=\"3155\" data-end=\"3294\"><strong data-start=\"3155\" data-end=\"3216\">\u00bfEl atril de fliscorno para m\u00f3vil es compatible con fliscornos de cualquier marca?<\/strong><\/h3>\n<p data-start=\"3155\" data-end=\"3294\">S\u00ed, el dise\u00f1o universal permite adaptarse a todos los fliscornos est\u00e1ndar.<\/p>\n<h3 data-start=\"3573\" data-end=\"3669\"><strong data-start=\"3573\" data-end=\"3595\">Beinhaltet er eine Garantie?<\/strong><\/h3>\n<p data-start=\"3573\" data-end=\"3669\">Ja, es gibt eine 2-j\u00e4hrige Garantie auf Herstellungsfehler.<\/p>\n<p>&nbsp;<\/p>","protected":false},"excerpt":{"rendered":"<p><strong>St\u00e4nder f\u00fcr Mobiltelefone<\/strong>, dise\u00f1ado especialmente para m\u00fasicos de Fliscorno.<\/p>\n<p><em>Schnelle Montage<\/em>\u00a0in Sekundenschnelle, ideal f\u00fcr Proben und Konzerte.<\/p>\n<p><em><strong>Individuell gestaltbar mit Logos oder Initialen<\/strong><\/em>\u00a0auf der R\u00fcckseite.<\/p>\n<p><strong>Enth\u00e4lt\u00a0<\/strong><em>Klebefolie<\/em>\u00a0Metall, das am Geh\u00e4use des Ger\u00e4ts befestigt wird, um den besten Kontakt mit dem Magneten zu gew\u00e4hrleisten.<\/p>\n<p>*Der Magnet besch\u00e4digt den Akku des Mobiltelefons nicht.<\/p>","protected":false},"featured_media":26487,"comment_status":"closed","ping_status":"closed","template":"","meta":{"_joinchat":[]},"product_brand":[],"product_cat":[21,29],"product_tag":[],"class_list":{"0":"post-26475","1":"product","2":"type-product","3":"status-publish","4":"has-post-thumbnail","6":"product_cat-accesorios-musicales","7":"product_cat-atril-para-movil-y-ebook","9":"first","10":"instock","11":"taxable","12":"shipping-taxable","13":"purchasable","14":"product-type-simple"},"yoast_head":"<!-- This site is optimized with the Yoast SEO plugin v27.1.1 - https:\/\/yoast.com\/product\/yoast-seo-wordpress\/ -->\n<title>Atril de Fliscorno para M\u00f3vil - 3DTONE<\/title>\n<meta name=\"description\" content=\"Descubre el atril fliscorno de 3DTONE. Dise\u00f1o de una sola pieza, ligero y resistente, perfecto para m\u00fasicos. \u00a1Compra ahora!\" \/>\n<meta name=\"robots\" content=\"index, follow, max-snippet:-1, max-image-preview:large, max-video-preview:-1\" \/>\n<link rel=\"canonical\" href=\"https:\/\/3dtone.com\/de\/produkt-2\/atril-de-fliscorno-para-movil\/\" \/>\n<meta property=\"og:locale\" content=\"de_DE\" \/>\n<meta property=\"og:type\" content=\"article\" \/>\n<meta property=\"og:title\" content=\"Atril de Fliscorno para M\u00f3vil - 3DTONE\" \/>\n<meta property=\"og:description\" content=\"Descubre el atril fliscorno de 3DTONE. Dise\u00f1o de una sola pieza, ligero y resistente, perfecto para m\u00fasicos. \u00a1Compra ahora!\" \/>\n<meta property=\"og:url\" content=\"https:\/\/3dtone.com\/de\/produkt-2\/atril-de-fliscorno-para-movil\/\" \/>\n<meta property=\"og:site_name\" content=\"3DTONE\" \/>\n<meta property=\"article:modified_time\" content=\"2026-04-02T11:01:16+00:00\" \/>\n<meta property=\"og:image\" content=\"https:\/\/3dtone.com\/wp-content\/uploads\/2026\/04\/Diseno-sin-titulo-2.png\" \/>\n\t<meta property=\"og:image:width\" content=\"1080\" \/>\n\t<meta property=\"og:image:height\" content=\"1080\" \/>\n\t<meta property=\"og:image:type\" content=\"image\/png\" \/>\n<meta name=\"twitter:card\" content=\"summary_large_image\" \/>\n<script type=\"application\/ld+json\" class=\"yoast-schema-graph\">{\"@context\":\"https:\/\/schema.org\",\"@graph\":[{\"@type\":\"WebPage\",\"@id\":\"https:\/\/3dtone.com\/product\/atril-de-fliscorno-para-movil\/\",\"url\":\"https:\/\/3dtone.com\/product\/atril-de-fliscorno-para-movil\/\",\"name\":\"Atril de Fliscorno para M\u00f3vil - 3DTONE\",\"isPartOf\":{\"@id\":\"https:\/\/3dtone.com\/#website\"},\"primaryImageOfPage\":{\"@id\":\"https:\/\/3dtone.com\/product\/atril-de-fliscorno-para-movil\/#primaryimage\"},\"image\":{\"@id\":\"https:\/\/3dtone.com\/product\/atril-de-fliscorno-para-movil\/#primaryimage\"},\"thumbnailUrl\":\"https:\/\/3dtone.com\/wp-content\/uploads\/2026\/04\/Diseno-sin-titulo-2.png\",\"datePublished\":\"2026-04-02T10:36:09+00:00\",\"dateModified\":\"2026-04-02T11:01:16+00:00\",\"description\":\"Descubre el atril fliscorno de 3DTONE. Dise\u00f1o de una sola pieza, ligero y resistente, perfecto para m\u00fasicos. \u00a1Compra ahora!\",\"breadcrumb\":{\"@id\":\"https:\/\/3dtone.com\/product\/atril-de-fliscorno-para-movil\/#breadcrumb\"},\"inLanguage\":\"de\",\"potentialAction\":[{\"@type\":\"ReadAction\",\"target\":[\"https:\/\/3dtone.com\/product\/atril-de-fliscorno-para-movil\/\"]}]},{\"@type\":\"ImageObject\",\"inLanguage\":\"de\",\"@id\":\"https:\/\/3dtone.com\/product\/atril-de-fliscorno-para-movil\/#primaryimage\",\"url\":\"https:\/\/3dtone.com\/wp-content\/uploads\/2026\/04\/Diseno-sin-titulo-2.png\",\"contentUrl\":\"https:\/\/3dtone.com\/wp-content\/uploads\/2026\/04\/Diseno-sin-titulo-2.png\",\"width\":1080,\"height\":1080,\"caption\":\"ATRIL-FLISCORNO-PARA-EBOOK\"},{\"@type\":\"BreadcrumbList\",\"@id\":\"https:\/\/3dtone.com\/product\/atril-de-fliscorno-para-movil\/#breadcrumb\",\"itemListElement\":[{\"@type\":\"ListItem\",\"position\":1,\"name\":\"Portada\",\"item\":\"https:\/\/3dtone.com\/es\/\"},{\"@type\":\"ListItem\",\"position\":2,\"name\":\"Tienda\",\"item\":\"https:\/\/3dtone.com\/tienda\/\"},{\"@type\":\"ListItem\",\"position\":3,\"name\":\"Atril de Fliscorno para M\u00f3vil\"}]},{\"@type\":\"WebSite\",\"@id\":\"https:\/\/3dtone.com\/#website\",\"url\":\"https:\/\/3dtone.com\/\",\"name\":\"3DTONE\",\"description\":\"Accesorios musicales\",\"publisher\":{\"@id\":\"https:\/\/3dtone.com\/#organization\"},\"potentialAction\":[{\"@type\":\"SearchAction\",\"target\":{\"@type\":\"EntryPoint\",\"urlTemplate\":\"https:\/\/3dtone.com\/?s={search_term_string}\"},\"query-input\":{\"@type\":\"PropertyValueSpecification\",\"valueRequired\":true,\"valueName\":\"search_term_string\"}}],\"inLanguage\":\"de\"},{\"@type\":\"Organization\",\"@id\":\"https:\/\/3dtone.com\/#organization\",\"name\":\"3DTONE\",\"url\":\"https:\/\/3dtone.com\/\",\"logo\":{\"@type\":\"ImageObject\",\"inLanguage\":\"de\",\"@id\":\"https:\/\/3dtone.com\/#\/schema\/logo\/image\/\",\"url\":\"https:\/\/3dtone.com\/wp-content\/uploads\/2025\/01\/cropped-instagram-06.png\",\"contentUrl\":\"https:\/\/3dtone.com\/wp-content\/uploads\/2025\/01\/cropped-instagram-06.png\",\"width\":1341,\"height\":911,\"caption\":\"3DTONE\"},\"image\":{\"@id\":\"https:\/\/3dtone.com\/#\/schema\/logo\/image\/\"}}]}<\/script>\n<!-- \/ Yoast SEO plugin. -->","yoast_head_json":{"title":"Atril de Fliscorno para M\u00f3vil - 3DTONE","description":"Descubre el atril fliscorno de 3DTONE. Dise\u00f1o de una sola pieza, ligero y resistente, perfecto para m\u00fasicos. \u00a1Compra ahora!","robots":{"index":"index","follow":"follow","max-snippet":"max-snippet:-1","max-image-preview":"max-image-preview:large","max-video-preview":"max-video-preview:-1"},"canonical":"https:\/\/3dtone.com\/de\/produkt-2\/atril-de-fliscorno-para-movil\/","og_locale":"de_DE","og_type":"article","og_title":"Atril de Fliscorno para M\u00f3vil - 3DTONE","og_description":"Descubre el atril fliscorno de 3DTONE. Dise\u00f1o de una sola pieza, ligero y resistente, perfecto para m\u00fasicos. \u00a1Compra ahora!","og_url":"https:\/\/3dtone.com\/de\/produkt-2\/atril-de-fliscorno-para-movil\/","og_site_name":"3DTONE","article_modified_time":"2026-04-02T11:01:16+00:00","og_image":[{"width":1080,"height":1080,"url":"https:\/\/3dtone.com\/wp-content\/uploads\/2026\/04\/Diseno-sin-titulo-2.png","type":"image\/png"}],"twitter_card":"summary_large_image","schema":{"@context":"https:\/\/schema.org","@graph":[{"@type":"WebPage","@id":"https:\/\/3dtone.com\/product\/atril-de-fliscorno-para-movil\/","url":"https:\/\/3dtone.com\/product\/atril-de-fliscorno-para-movil\/","name":"Atril de Fliscorno para M\u00f3vil - 3DTONE","isPartOf":{"@id":"https:\/\/3dtone.com\/#website"},"primaryImageOfPage":{"@id":"https:\/\/3dtone.com\/product\/atril-de-fliscorno-para-movil\/#primaryimage"},"image":{"@id":"https:\/\/3dtone.com\/product\/atril-de-fliscorno-para-movil\/#primaryimage"},"thumbnailUrl":"https:\/\/3dtone.com\/wp-content\/uploads\/2026\/04\/Diseno-sin-titulo-2.png","datePublished":"2026-04-02T10:36:09+00:00","dateModified":"2026-04-02T11:01:16+00:00","description":"Descubre el atril fliscorno de 3DTONE. Dise\u00f1o de una sola pieza, ligero y resistente, perfecto para m\u00fasicos. \u00a1Compra ahora!","breadcrumb":{"@id":"https:\/\/3dtone.com\/product\/atril-de-fliscorno-para-movil\/#breadcrumb"},"inLanguage":"de","potentialAction":[{"@type":"ReadAction","target":["https:\/\/3dtone.com\/product\/atril-de-fliscorno-para-movil\/"]}]},{"@type":"ImageObject","inLanguage":"de","@id":"https:\/\/3dtone.com\/product\/atril-de-fliscorno-para-movil\/#primaryimage","url":"https:\/\/3dtone.com\/wp-content\/uploads\/2026\/04\/Diseno-sin-titulo-2.png","contentUrl":"https:\/\/3dtone.com\/wp-content\/uploads\/2026\/04\/Diseno-sin-titulo-2.png","width":1080,"height":1080,"caption":"ATRIL-FLISCORNO-PARA-EBOOK"},{"@type":"BreadcrumbList","@id":"https:\/\/3dtone.com\/product\/atril-de-fliscorno-para-movil\/#breadcrumb","itemListElement":[{"@type":"ListItem","position":1,"name":"Portada","item":"https:\/\/3dtone.com\/es\/"},{"@type":"ListItem","position":2,"name":"Tienda","item":"https:\/\/3dtone.com\/tienda\/"},{"@type":"ListItem","position":3,"name":"Atril de Fliscorno para M\u00f3vil"}]},{"@type":"WebSite","@id":"https:\/\/3dtone.com\/#website","url":"https:\/\/3dtone.com\/","name":"3DTONE","description":"Musikalisches Zubeh\u00f6r","publisher":{"@id":"https:\/\/3dtone.com\/#organization"},"potentialAction":[{"@type":"SearchAction","target":{"@type":"EntryPoint","urlTemplate":"https:\/\/3dtone.com\/?s={search_term_string}"},"query-input":{"@type":"PropertyValueSpecification","valueRequired":true,"valueName":"search_term_string"}}],"inLanguage":"de"},{"@type":"Organization","@id":"https:\/\/3dtone.com\/#organization","name":"3DTONE","url":"https:\/\/3dtone.com\/","logo":{"@type":"ImageObject","inLanguage":"de","@id":"https:\/\/3dtone.com\/#\/schema\/logo\/image\/","url":"https:\/\/3dtone.com\/wp-content\/uploads\/2025\/01\/cropped-instagram-06.png","contentUrl":"https:\/\/3dtone.com\/wp-content\/uploads\/2025\/01\/cropped-instagram-06.png","width":1341,"height":911,"caption":"3DTONE"},"image":{"@id":"https:\/\/3dtone.com\/#\/schema\/logo\/image\/"}}]}},"jetpack_sharing_enabled":true,"_links":{"self":[{"href":"https:\/\/3dtone.com\/de\/wp-json\/wp\/v2\/product\/26475","targetHints":{"allow":["GET"]}}],"collection":[{"href":"https:\/\/3dtone.com\/de\/wp-json\/wp\/v2\/product"}],"about":[{"href":"https:\/\/3dtone.com\/de\/wp-json\/wp\/v2\/types\/product"}],"replies":[{"embeddable":true,"href":"https:\/\/3dtone.com\/de\/wp-json\/wp\/v2\/comments?post=26475"}],"version-history":[{"count":1,"href":"https:\/\/3dtone.com\/de\/wp-json\/wp\/v2\/product\/26475\/revisions"}],"predecessor-version":[{"id":26488,"href":"https:\/\/3dtone.com\/de\/wp-json\/wp\/v2\/product\/26475\/revisions\/26488"}],"wp:featuredmedia":[{"embeddable":true,"href":"https:\/\/3dtone.com\/de\/wp-json\/wp\/v2\/media\/26487"}],"wp:attachment":[{"href":"https:\/\/3dtone.com\/de\/wp-json\/wp\/v2\/media?parent=26475"}],"wp:term":[{"taxonomy":"product_brand","embeddable":true,"href":"https:\/\/3dtone.com\/de\/wp-json\/wp\/v2\/product_brand?post=26475"},{"taxonomy":"product_cat","embeddable":true,"href":"https:\/\/3dtone.com\/de\/wp-json\/wp\/v2\/product_cat?post=26475"},{"taxonomy":"product_tag","embeddable":true,"href":"https:\/\/3dtone.com\/de\/wp-json\/wp\/v2\/product_tag?post=26475"}],"curies":[{"name":"wp","href":"https:\/\/api.w.org\/{rel}","templated":true}]}}