{"id":14628,"date":"2025-05-13T16:49:11","date_gmt":"2025-05-13T14:49:11","guid":{"rendered":"https:\/\/3dtone.com\/?post_type=product&#038;p=14628"},"modified":"2025-11-03T13:13:35","modified_gmt":"2025-11-03T12:13:35","slug":"atril-de-tuba-para-movil","status":"publish","type":"product","link":"https:\/\/3dtone.com\/en\/product\/atril-de-tuba-para-movil\/","title":{"rendered":"Tuba stand for mobile phones"},"content":{"rendered":"<p class=\"\" data-start=\"106\" data-end=\"397\">This <strong>tuba music stand<\/strong> The tuba is robust and stable, and is suitable for the requirements of tuba players thanks to its <em>solid design<\/em> and modular.<\/p>\n<p class=\"\" data-start=\"399\" data-end=\"583\">System of <strong>easy assembly<\/strong>in a matter of seconds, offering <em>practicality<\/em> for rehearsal or concert situations.<\/p>\n<p class=\"\" data-start=\"585\" data-end=\"740\">Its rear side, visible to the public, is <em><strong>customisable<\/strong><\/em> with logos, initials or specific designs, adding a unique and professional touch to the lectern.<\/p>\n<p class=\"\" data-start=\"65\" data-end=\"371\">Includes a metallic adhesive foil to attach it to the case of your mobile device or eBook. To ensure the best performance and stability, it is <strong><em>fundamental<\/em><\/strong> The foil should not be in direct contact with the magnet of the lectern, so we recommend attaching the foil directly to the cover.<\/p>\n<p class=\"\" data-start=\"373\" data-end=\"477\">Moreover, you can rest assured: <strong><em>the magnet does not damage your phone battery<\/em><\/strong> and does not affect its functioning.<\/p>\n<hr \/>\n<h2><strong>Learn how to assemble your 3DTONE Tuba Stand step by step:<\/strong><\/h2>\n<p><iframe title=\"How to assemble the Tuba Mobile Music Stand | 3DTONE\" width=\"800\" height=\"450\" src=\"https:\/\/www.youtube.com\/embed\/GcDJXnDE-kI?feature=oembed\" frameborder=\"0\" allow=\"accelerometer; autoplay; clipboard-write; encrypted-media; gyroscope; picture-in-picture; web-share\" referrerpolicy=\"strict-origin-when-cross-origin\" allowfullscreen><\/iframe><\/p>\n<hr \/>\n<h2 data-start=\"1608\" data-end=\"1662\"><strong data-start=\"1613\" data-end=\"1660\">Personalise your Lectern to Make it Unique<\/strong><\/h2>\n<p class=\"\" data-start=\"1663\" data-end=\"1792\">The back of the music stand is visible to the audience while you play, making it a perfect canvas for personalisation:<\/p>\n<ul data-start=\"1793\" data-end=\"1907\">\n<li class=\"\" data-start=\"1793\" data-end=\"1820\">\n<p class=\"\" data-start=\"1795\" data-end=\"1820\">\ud83d\udd35 Initials of the musician<\/p>\n<\/li>\n<li class=\"\" data-start=\"1821\" data-end=\"1855\">\n<p class=\"\" data-start=\"1823\" data-end=\"1855\">\ud83c\udfba Logo of the charanga or band<\/p>\n<\/li>\n<li class=\"\" data-start=\"1856\" data-end=\"1907\">\n<p class=\"\" data-start=\"1858\" data-end=\"1907\">\u2728 Original graphic design or distinctive colours<\/p>\n<\/li>\n<\/ul>\n<p class=\"\" data-start=\"1909\" data-end=\"1993\">Make your presence on stage or on the street recognisable and professional.<\/p>\n<hr class=\"\" data-start=\"1995\" data-end=\"1998\" \/>\n<h2 data-start=\"2000\" data-end=\"2070\"><strong data-start=\"2005\" data-end=\"2068\">Metallic Adhesive Film<\/strong><\/h2>\n<p class=\"\" data-start=\"2071\" data-end=\"2156\">It includes a <strong data-start=\"2083\" data-end=\"2111\">adhesive metal foil<\/strong> to attach it to your mobile phone or eBook case:<\/p>\n<ul>\n<li data-start=\"2351\" data-end=\"2441\">It includes a <strong data-start=\"2366\" data-end=\"2394\">adhesive metal foil<\/strong> which you must attach to the case of the device.<\/li>\n<li data-start=\"2444\" data-end=\"2558\">We recommend placing it in <strong data-start=\"2470\" data-end=\"2526\">direct contact with the magnet surface of the lectern<\/strong> for perfect performance.<\/li>\n<li data-start=\"2561\" data-end=\"2612\">It is compatible with most cases on the market.<\/li>\n<\/ul>\n<hr \/>\n<h2 data-start=\"2385\" data-end=\"2438\"><strong data-start=\"2390\" data-end=\"2436\">Magnet Security: Total Peace of Mind<\/strong><\/h2>\n<p class=\"\" data-start=\"2439\" data-end=\"2533\">The magnetic system of this lectern is <strong data-start=\"2492\" data-end=\"2530\">100% secure for your phone or tablet<\/strong>.<\/p>\n<ul data-start=\"2534\" data-end=\"2687\">\n<li class=\"\" data-start=\"2534\" data-end=\"2601\">\n<p class=\"\" data-start=\"2536\" data-end=\"2601\">It does not damage the battery or affect the operation of the device.<\/p>\n<\/li>\n<li class=\"\" data-start=\"2602\" data-end=\"2631\">\n<p class=\"\" data-start=\"2604\" data-end=\"2631\">Generates perfect adhesion.<\/p>\n<\/li>\n<li class=\"\" data-start=\"2632\" data-end=\"2687\">\n<p class=\"\" data-start=\"2634\" data-end=\"2687\">Suitable for prolonged use in all conditions.<\/p>\n<\/li>\n<\/ul>","protected":false},"excerpt":{"rendered":"<p><strong>Mobile phone stand<\/strong>designed especially for tuba players.<\/p>\n<p><em>Quick assembly<\/em>\u00a0in seconds, ideal for rehearsals and concerts.<\/p>\n<p><em><strong>Customisable with logos or initials<\/strong><\/em>\u00a0at the rear.<\/p>\n<p><strong>Includes\u00a0<\/strong><em>adhesive foil<\/em>\u00a0metal to attach to the case of the device, ensuring the best contact with the magnet.<\/p>\n<p>*The magnet does not damage the mobile phone battery.<\/p>","protected":false},"featured_media":14647,"comment_status":"closed","ping_status":"closed","template":"","meta":{"_joinchat":[]},"product_brand":[],"product_cat":[21,29],"product_tag":[],"class_list":{"0":"post-14628","1":"product","2":"type-product","3":"status-publish","4":"has-post-thumbnail","6":"product_cat-accesorios-musicales","7":"product_cat-atril-para-movil-y-ebook","9":"first","10":"instock","11":"taxable","12":"shipping-taxable","13":"purchasable","14":"product-type-variable"},"yoast_head":"<!-- This site is optimized with the Yoast SEO plugin v27.5 - https:\/\/yoast.com\/product\/yoast-seo-wordpress\/ -->\n<title>Atril de Tuba para M\u00f3vil - 3DTONE<\/title>\n<meta name=\"description\" content=\"Facilidad y comodidad con el Atril de Tuba para m\u00f3vil. Montaje r\u00e1pido, robusto y duradero. Ideal para cualquier Tubista. \u00a1Cons\u00edguelo ya!\" \/>\n<meta name=\"robots\" content=\"index, follow, max-snippet:-1, max-image-preview:large, max-video-preview:-1\" \/>\n<link rel=\"canonical\" href=\"https:\/\/3dtone.com\/en\/product-2\/atril-de-tuba-para-movil\/\" \/>\n<meta property=\"og:locale\" content=\"en_GB\" \/>\n<meta property=\"og:type\" content=\"article\" \/>\n<meta property=\"og:title\" content=\"Atril de Tuba para M\u00f3vil - 3DTONE\" \/>\n<meta property=\"og:description\" content=\"Facilidad y comodidad con el Atril de Tuba para m\u00f3vil. Montaje r\u00e1pido, robusto y duradero. Ideal para cualquier Tubista. \u00a1Cons\u00edguelo ya!\" \/>\n<meta property=\"og:url\" content=\"https:\/\/3dtone.com\/en\/product-2\/atril-de-tuba-para-movil\/\" \/>\n<meta property=\"og:site_name\" content=\"3DTONE\" \/>\n<meta property=\"article:modified_time\" content=\"2025-11-03T12:13:35+00:00\" \/>\n<meta property=\"og:image\" content=\"https:\/\/3dtone.com\/wp-content\/uploads\/2025\/05\/ATRILES-3D-TONE-38-scaled.jpg\" \/>\n\t<meta property=\"og:image:width\" content=\"1785\" \/>\n\t<meta property=\"og:image:height\" content=\"2560\" \/>\n\t<meta property=\"og:image:type\" content=\"image\/jpeg\" \/>\n<meta name=\"twitter:card\" content=\"summary_large_image\" \/>\n<script type=\"application\/ld+json\" class=\"yoast-schema-graph\">{\"@context\":\"https:\\\/\\\/schema.org\",\"@graph\":[{\"@type\":\"WebPage\",\"@id\":\"https:\\\/\\\/3dtone.com\\\/product\\\/atril-de-tuba-para-movil\\\/\",\"url\":\"https:\\\/\\\/3dtone.com\\\/product\\\/atril-de-tuba-para-movil\\\/\",\"name\":\"Atril de Tuba para M\u00f3vil - 3DTONE\",\"isPartOf\":{\"@id\":\"https:\\\/\\\/3dtone.com\\\/#website\"},\"primaryImageOfPage\":{\"@id\":\"https:\\\/\\\/3dtone.com\\\/product\\\/atril-de-tuba-para-movil\\\/#primaryimage\"},\"image\":{\"@id\":\"https:\\\/\\\/3dtone.com\\\/product\\\/atril-de-tuba-para-movil\\\/#primaryimage\"},\"thumbnailUrl\":\"https:\\\/\\\/3dtone.com\\\/wp-content\\\/uploads\\\/2025\\\/05\\\/ATRILES-3D-TONE-38-scaled.jpg\",\"datePublished\":\"2025-05-13T14:49:11+00:00\",\"dateModified\":\"2025-11-03T12:13:35+00:00\",\"description\":\"Facilidad y comodidad con el Atril de Tuba para m\u00f3vil. Montaje r\u00e1pido, robusto y duradero. Ideal para cualquier Tubista. \u00a1Cons\u00edguelo ya!\",\"breadcrumb\":{\"@id\":\"https:\\\/\\\/3dtone.com\\\/product\\\/atril-de-tuba-para-movil\\\/#breadcrumb\"},\"inLanguage\":\"en-GB\",\"potentialAction\":[{\"@type\":\"ReadAction\",\"target\":[\"https:\\\/\\\/3dtone.com\\\/product\\\/atril-de-tuba-para-movil\\\/\"]}]},{\"@type\":\"ImageObject\",\"inLanguage\":\"en-GB\",\"@id\":\"https:\\\/\\\/3dtone.com\\\/product\\\/atril-de-tuba-para-movil\\\/#primaryimage\",\"url\":\"https:\\\/\\\/3dtone.com\\\/wp-content\\\/uploads\\\/2025\\\/05\\\/ATRILES-3D-TONE-38-scaled.jpg\",\"contentUrl\":\"https:\\\/\\\/3dtone.com\\\/wp-content\\\/uploads\\\/2025\\\/05\\\/ATRILES-3D-TONE-38-scaled.jpg\",\"width\":1785,\"height\":2560,\"caption\":\"atril-para-tuba-3dtone\"},{\"@type\":\"BreadcrumbList\",\"@id\":\"https:\\\/\\\/3dtone.com\\\/product\\\/atril-de-tuba-para-movil\\\/#breadcrumb\",\"itemListElement\":[{\"@type\":\"ListItem\",\"position\":1,\"name\":\"Portada\",\"item\":\"https:\\\/\\\/3dtone.com\\\/\"},{\"@type\":\"ListItem\",\"position\":2,\"name\":\"Tienda\",\"item\":\"https:\\\/\\\/3dtone.com\\\/tienda\\\/\"},{\"@type\":\"ListItem\",\"position\":3,\"name\":\"Atril de Tuba para M\u00f3vil\"}]},{\"@type\":\"WebSite\",\"@id\":\"https:\\\/\\\/3dtone.com\\\/#website\",\"url\":\"https:\\\/\\\/3dtone.com\\\/\",\"name\":\"3DTONE\",\"description\":\"Accesorios musicales\",\"publisher\":{\"@id\":\"https:\\\/\\\/3dtone.com\\\/#organization\"},\"potentialAction\":[{\"@type\":\"SearchAction\",\"target\":{\"@type\":\"EntryPoint\",\"urlTemplate\":\"https:\\\/\\\/3dtone.com\\\/?s={search_term_string}\"},\"query-input\":{\"@type\":\"PropertyValueSpecification\",\"valueRequired\":true,\"valueName\":\"search_term_string\"}}],\"inLanguage\":\"en-GB\"},{\"@type\":\"Organization\",\"@id\":\"https:\\\/\\\/3dtone.com\\\/#organization\",\"name\":\"3DTONE\",\"url\":\"https:\\\/\\\/3dtone.com\\\/\",\"logo\":{\"@type\":\"ImageObject\",\"inLanguage\":\"en-GB\",\"@id\":\"https:\\\/\\\/3dtone.com\\\/#\\\/schema\\\/logo\\\/image\\\/\",\"url\":\"https:\\\/\\\/3dtone.com\\\/wp-content\\\/uploads\\\/2025\\\/01\\\/cropped-instagram-06.png\",\"contentUrl\":\"https:\\\/\\\/3dtone.com\\\/wp-content\\\/uploads\\\/2025\\\/01\\\/cropped-instagram-06.png\",\"width\":1341,\"height\":911,\"caption\":\"3DTONE\"},\"image\":{\"@id\":\"https:\\\/\\\/3dtone.com\\\/#\\\/schema\\\/logo\\\/image\\\/\"}}]}<\/script>\n<!-- \/ Yoast SEO plugin. -->","yoast_head_json":{"title":"Atril de Tuba para M\u00f3vil - 3DTONE","description":"Facilidad y comodidad con el Atril de Tuba para m\u00f3vil. Montaje r\u00e1pido, robusto y duradero. Ideal para cualquier Tubista. \u00a1Cons\u00edguelo ya!","robots":{"index":"index","follow":"follow","max-snippet":"max-snippet:-1","max-image-preview":"max-image-preview:large","max-video-preview":"max-video-preview:-1"},"canonical":"https:\/\/3dtone.com\/en\/product-2\/atril-de-tuba-para-movil\/","og_locale":"en_GB","og_type":"article","og_title":"Atril de Tuba para M\u00f3vil - 3DTONE","og_description":"Facilidad y comodidad con el Atril de Tuba para m\u00f3vil. Montaje r\u00e1pido, robusto y duradero. Ideal para cualquier Tubista. \u00a1Cons\u00edguelo ya!","og_url":"https:\/\/3dtone.com\/en\/product-2\/atril-de-tuba-para-movil\/","og_site_name":"3DTONE","article_modified_time":"2025-11-03T12:13:35+00:00","og_image":[{"width":1785,"height":2560,"url":"https:\/\/3dtone.com\/wp-content\/uploads\/2025\/05\/ATRILES-3D-TONE-38-scaled.jpg","type":"image\/jpeg"}],"twitter_card":"summary_large_image","schema":{"@context":"https:\/\/schema.org","@graph":[{"@type":"WebPage","@id":"https:\/\/3dtone.com\/product\/atril-de-tuba-para-movil\/","url":"https:\/\/3dtone.com\/product\/atril-de-tuba-para-movil\/","name":"Atril de Tuba para M\u00f3vil - 3DTONE","isPartOf":{"@id":"https:\/\/3dtone.com\/#website"},"primaryImageOfPage":{"@id":"https:\/\/3dtone.com\/product\/atril-de-tuba-para-movil\/#primaryimage"},"image":{"@id":"https:\/\/3dtone.com\/product\/atril-de-tuba-para-movil\/#primaryimage"},"thumbnailUrl":"https:\/\/3dtone.com\/wp-content\/uploads\/2025\/05\/ATRILES-3D-TONE-38-scaled.jpg","datePublished":"2025-05-13T14:49:11+00:00","dateModified":"2025-11-03T12:13:35+00:00","description":"Facilidad y comodidad con el Atril de Tuba para m\u00f3vil. Montaje r\u00e1pido, robusto y duradero. Ideal para cualquier Tubista. \u00a1Cons\u00edguelo ya!","breadcrumb":{"@id":"https:\/\/3dtone.com\/product\/atril-de-tuba-para-movil\/#breadcrumb"},"inLanguage":"en-GB","potentialAction":[{"@type":"ReadAction","target":["https:\/\/3dtone.com\/product\/atril-de-tuba-para-movil\/"]}]},{"@type":"ImageObject","inLanguage":"en-GB","@id":"https:\/\/3dtone.com\/product\/atril-de-tuba-para-movil\/#primaryimage","url":"https:\/\/3dtone.com\/wp-content\/uploads\/2025\/05\/ATRILES-3D-TONE-38-scaled.jpg","contentUrl":"https:\/\/3dtone.com\/wp-content\/uploads\/2025\/05\/ATRILES-3D-TONE-38-scaled.jpg","width":1785,"height":2560,"caption":"atril-para-tuba-3dtone"},{"@type":"BreadcrumbList","@id":"https:\/\/3dtone.com\/product\/atril-de-tuba-para-movil\/#breadcrumb","itemListElement":[{"@type":"ListItem","position":1,"name":"Portada","item":"https:\/\/3dtone.com\/"},{"@type":"ListItem","position":2,"name":"Tienda","item":"https:\/\/3dtone.com\/tienda\/"},{"@type":"ListItem","position":3,"name":"Atril de Tuba para M\u00f3vil"}]},{"@type":"WebSite","@id":"https:\/\/3dtone.com\/#website","url":"https:\/\/3dtone.com\/","name":"3DTONE","description":"Musical accessories","publisher":{"@id":"https:\/\/3dtone.com\/#organization"},"potentialAction":[{"@type":"SearchAction","target":{"@type":"EntryPoint","urlTemplate":"https:\/\/3dtone.com\/?s={search_term_string}"},"query-input":{"@type":"PropertyValueSpecification","valueRequired":true,"valueName":"search_term_string"}}],"inLanguage":"en-GB"},{"@type":"Organization","@id":"https:\/\/3dtone.com\/#organization","name":"3DTONE","url":"https:\/\/3dtone.com\/","logo":{"@type":"ImageObject","inLanguage":"en-GB","@id":"https:\/\/3dtone.com\/#\/schema\/logo\/image\/","url":"https:\/\/3dtone.com\/wp-content\/uploads\/2025\/01\/cropped-instagram-06.png","contentUrl":"https:\/\/3dtone.com\/wp-content\/uploads\/2025\/01\/cropped-instagram-06.png","width":1341,"height":911,"caption":"3DTONE"},"image":{"@id":"https:\/\/3dtone.com\/#\/schema\/logo\/image\/"}}]}},"_links":{"self":[{"href":"https:\/\/3dtone.com\/en\/wp-json\/wp\/v2\/product\/14628","targetHints":{"allow":["GET"]}}],"collection":[{"href":"https:\/\/3dtone.com\/en\/wp-json\/wp\/v2\/product"}],"about":[{"href":"https:\/\/3dtone.com\/en\/wp-json\/wp\/v2\/types\/product"}],"replies":[{"embeddable":true,"href":"https:\/\/3dtone.com\/en\/wp-json\/wp\/v2\/comments?post=14628"}],"version-history":[{"count":0,"href":"https:\/\/3dtone.com\/en\/wp-json\/wp\/v2\/product\/14628\/revisions"}],"wp:featuredmedia":[{"embeddable":true,"href":"https:\/\/3dtone.com\/en\/wp-json\/wp\/v2\/media\/14647"}],"wp:attachment":[{"href":"https:\/\/3dtone.com\/en\/wp-json\/wp\/v2\/media?parent=14628"}],"wp:term":[{"taxonomy":"product_brand","embeddable":true,"href":"https:\/\/3dtone.com\/en\/wp-json\/wp\/v2\/product_brand?post=14628"},{"taxonomy":"product_cat","embeddable":true,"href":"https:\/\/3dtone.com\/en\/wp-json\/wp\/v2\/product_cat?post=14628"},{"taxonomy":"product_tag","embeddable":true,"href":"https:\/\/3dtone.com\/en\/wp-json\/wp\/v2\/product_tag?post=14628"}],"curies":[{"name":"wp","href":"https:\/\/api.w.org\/{rel}","templated":true}]}}