{"id":800,"date":"2025-01-09T17:17:16","date_gmt":"2025-01-09T16:17:16","guid":{"rendered":"https:\/\/3dtone.com\/?post_type=product&#038;p=800"},"modified":"2026-04-28T11:48:18","modified_gmt":"2026-04-28T09:48:18","slug":"atril-trompeta-para-movil","status":"publish","type":"product","link":"https:\/\/3dtone.com\/en\/product\/atril-trompeta-para-movil\/","title":{"rendered":"Trumpet stand for mobile phones"},"content":{"rendered":"<p class=\"\" data-start=\"125\" data-end=\"343\">This<strong> Trumpet Marching Stand<\/strong> stands out for its<em> one-piece design<\/em>providing <em><strong>stability<\/strong> <\/em>and comfort in a lightweight, easy-to-carry format.<\/p>\n<p class=\"\" data-start=\"345\" data-end=\"554\">Assembly <em>quick and easy<\/em>. Once in place, the music stand remains fixed and secure, optimising your playing experience in any situation.<\/p>\n<p class=\"\" data-start=\"589\" data-end=\"758\">Its rear side, visible to the public, is\u00a0<em><strong>customisable<\/strong><\/em>\u00a0with logos, initials or specific designs, adding a unique and professional touch to the lectern.<\/p>\n<p class=\"\" data-start=\"65\" data-end=\"371\">Includes a metallic adhesive foil to attach it to the case of your mobile device or eBook. To ensure the best performance and stability, it is\u00a0<strong><em>fundamental<\/em><\/strong>\u00a0The foil should not be in direct contact with the magnet of the lectern, so we recommend attaching the foil directly to the cover.<\/p>\n<p class=\"\" data-start=\"373\" data-end=\"477\">Moreover, you can rest assured:\u00a0<strong><em>the magnet does not damage your phone battery<\/em><\/strong>\u00a0and does not affect its functioning.<\/p>\n<hr \/>\n<h2>C\u00f3mo montar tu Atril de Trompeta para m\u00f3vil:<\/h2>\n<p><iframe title=\"How to assemble the &#039;Compact&#039; Trumpet Stand for Mobile and eBook : 3dTone\" width=\"800\" height=\"450\" src=\"https:\/\/www.youtube.com\/embed\/Oc6XFRktpc8?feature=oembed\" frameborder=\"0\" allow=\"accelerometer; autoplay; clipboard-write; encrypted-media; gyroscope; picture-in-picture; web-share\" referrerpolicy=\"strict-origin-when-cross-origin\" allowfullscreen><\/iframe><\/p>\n<hr \/>\n<h2 data-start=\"301\" data-end=\"370\"><strong data-start=\"306\" data-end=\"368\">Why choose the 3dTone Compact Mobile Trumpet Stand?<\/strong><\/h2>\n<p class=\"\" data-start=\"371\" data-end=\"618\">The <strong data-start=\"374\" data-end=\"406\">Trumpet stand for mobile phones<\/strong> from <strong data-start=\"410\" data-end=\"420\">3dTone<\/strong> is designed with the comfort and versatility of musicians in mind. This innovative accessory allows you to hold your mobile device while you play, making it ideal for rehearsals, concerts and lessons.<\/p>\n<p class=\"\" data-start=\"621\" data-end=\"681\">\u2705 <strong data-start=\"623\" data-end=\"645\">Lightweight and compact:<\/strong> Easy to transport and store.<br \/>\n\u2705 <strong data-start=\"686\" data-end=\"704\">Secure fit:<\/strong> Compatible with most mobile devices and trumpets.<\/p>\n<p class=\"\" data-start=\"860\" data-end=\"965\">If you are looking for a music stand that suits your needs as a modern trumpet player, this is the one for you!<\/p>\n<hr class=\"\" data-start=\"967\" data-end=\"970\" \/>\n<h2 data-start=\"972\" data-end=\"1031\"><strong data-start=\"977\" data-end=\"1029\">Advantages of our Trumpet Stand for Mobile Phones<\/strong><\/h2>\n<ul data-start=\"1032\" data-end=\"1379\">\n<li class=\"\" data-start=\"1032\" data-end=\"1113\">\n<p class=\"\" data-start=\"1034\" data-end=\"1113\"><strong data-start=\"1034\" data-end=\"1063\">Universal compatibility:<\/strong> Compatibility with any type of mobile phone or device.<\/p>\n<\/li>\n<li class=\"\" data-start=\"1114\" data-end=\"1201\">\n<p class=\"\" data-start=\"1116\" data-end=\"1201\"><strong data-start=\"1116\" data-end=\"1147\">Easy assembly and disassembly:<\/strong> In just a few seconds you will have your lectern ready to use.<\/p>\n<\/li>\n<li class=\"\" data-start=\"1202\" data-end=\"1271\">\n<p class=\"\" data-start=\"1204\" data-end=\"1271\"><strong data-start=\"1204\" data-end=\"1228\">Non-slip base:<\/strong> Ensures stability during use.<\/p>\n<\/li>\n<\/ul>\n<p class=\"\" data-start=\"1381\" data-end=\"1521\">This music stand is perfect for both professional musicians and trumpet students who need a practical and efficient solution.<\/p>\n<hr class=\"\" data-start=\"2041\" data-end=\"2044\" \/>\n<h2 data-start=\"2046\" data-end=\"2132\"><strong data-start=\"2051\" data-end=\"2130\">How to use the eBook Trumpet Stand in your rehearsals and concerts?<\/strong><\/h2>\n<ol data-start=\"2133\" data-end=\"2541\">\n<li class=\"\" data-start=\"2133\" data-end=\"2233\">\n<p class=\"\" data-start=\"2136\" data-end=\"2233\"><strong data-start=\"2136\" data-end=\"2159\">Assembly:<\/strong> Using the hinge system, incorporate the music stand into your trumpet.<\/p>\n<\/li>\n<li class=\"\" data-start=\"2234\" data-end=\"2316\">\n<p class=\"\" data-start=\"2237\" data-end=\"2316\"><strong data-start=\"2237\" data-end=\"2259\">Metallic foil: <\/strong>Stick the metal foil to the case of your device.<\/p>\n<\/li>\n<li class=\"\" data-start=\"2234\" data-end=\"2316\">\n<p class=\"\" data-start=\"2237\" data-end=\"2316\"><strong data-start=\"2421\" data-end=\"2442\">Device:<\/strong> Attach the device to the magnet. The magnet must make contact with the metal foil.<\/p>\n<\/li>\n<li class=\"\" data-start=\"2234\" data-end=\"2316\">\n<p class=\"\" data-start=\"2237\" data-end=\"2316\"><strong data-start=\"2421\" data-end=\"2442\">Score:<\/strong> Prepare the score you are going to study or perform.<\/p>\n<\/li>\n<li class=\"\" data-start=\"2234\" data-end=\"2316\">\n<p class=\"\" data-start=\"2237\" data-end=\"2316\"><strong data-start=\"2526\" data-end=\"2539\">Let's play!<\/strong><\/p>\n<\/li>\n<\/ol>\n<hr class=\"\" data-start=\"2543\" data-end=\"2546\" \/>\n<h2 data-start=\"2548\" data-end=\"2617\"><strong data-start=\"2553\" data-end=\"2615\">Musicians' opinions about the Trumpet Stand for Mobile phones<\/strong><\/h2>\n<p class=\"\" data-start=\"2618\" data-end=\"2821\">\ud83c\udfba <em data-start=\"2621\" data-end=\"2779\">\"3DTONE lecterns are just what you need if you want a simple lectern to use with your mobile or ebook and save you from carrying papers. Very stable, customisable to your liking and with a very strong magnet as standard. The delivery is quite fast!\"<\/em> &#8211; <strong data-start=\"2782\" data-end=\"2819\">Javi Daza, Professional Trumpeter<\/strong><\/p>\n<p data-start=\"2980\" data-end=\"3077\">\ud83d\udce2 <strong data-start=\"2988\" data-end=\"3012\">Do you have any doubts?<\/strong> See the section on <strong data-start=\"3036\" data-end=\"3060\">Frequently Asked Questions<\/strong> or contact us.<\/p>\n<hr class=\"\" data-start=\"3079\" data-end=\"3082\" \/>\n<h2 data-start=\"3084\" data-end=\"3153\"><strong data-start=\"3089\" data-end=\"3151\">Frequently Asked Questions about the Trumpet Stand for Mobile phones<\/strong><\/h2>\n<h3 data-start=\"3155\" data-end=\"3294\"><strong data-start=\"3155\" data-end=\"3216\">Is the mobile trumpet stand compatible with trumpets of any brand?<\/strong><\/h3>\n<p data-start=\"3155\" data-end=\"3294\">Yes, the universal design allows it to fit all standard trumpets.<\/p>\n<h3 data-start=\"3573\" data-end=\"3669\"><strong data-start=\"3573\" data-end=\"3595\">Does it include a guarantee?<\/strong><\/h3>\n<p data-start=\"3573\" data-end=\"3669\">Yes, it comes with a 2-year warranty against manufacturing defects.<\/p>\n<p>&nbsp;<\/p>","protected":false},"excerpt":{"rendered":"<p><strong>Mobile phone stand<\/strong>designed especially for trumpet players.<\/p>\n<p><em>Quick assembly<\/em>\u00a0in seconds, ideal for rehearsals and concerts.<\/p>\n<p><em><strong>Customisable with logos or initials<\/strong><\/em>\u00a0at the rear.<\/p>\n<p><strong>Includes\u00a0<\/strong><em>adhesive foil<\/em>\u00a0metal to attach to the case of the device, ensuring the best contact with the magnet.<\/p>\n<p>*The magnet does not damage the mobile phone battery.<\/p>","protected":false},"featured_media":1233,"comment_status":"closed","ping_status":"closed","template":"","meta":{"_joinchat":[]},"product_brand":[],"product_cat":[21,29,62],"product_tag":[],"class_list":{"0":"post-800","1":"product","2":"type-product","3":"status-publish","4":"has-post-thumbnail","6":"product_cat-accesorios-musicales","7":"product_cat-atril-para-movil-y-ebook","8":"product_cat-atriles-para-trompeta","10":"first","11":"instock","12":"taxable","13":"shipping-taxable","14":"purchasable","15":"product-type-variable"},"yoast_head":"<!-- This site is optimized with the Yoast SEO plugin v27.5 - https:\/\/yoast.com\/product\/yoast-seo-wordpress\/ -->\n<title>Atril de Trompeta para M\u00f3vil - 3DTONE<\/title>\n<meta name=\"description\" content=\"Descubre el atril compacto para trompeta de 3DTONE. Dise\u00f1o de una sola pieza, ligero y resistente, perfecto para m\u00fasicos. \u00a1Compra ahora!\" \/>\n<meta name=\"robots\" content=\"index, follow, max-snippet:-1, max-image-preview:large, max-video-preview:-1\" \/>\n<link rel=\"canonical\" href=\"https:\/\/3dtone.com\/en\/product-2\/atril-trompeta-para-movil\/\" \/>\n<meta property=\"og:locale\" content=\"en_GB\" \/>\n<meta property=\"og:type\" content=\"article\" \/>\n<meta property=\"og:title\" content=\"Atril de Trompeta para M\u00f3vil - 3DTONE\" \/>\n<meta property=\"og:description\" content=\"Descubre el atril compacto para trompeta de 3DTONE. Dise\u00f1o de una sola pieza, ligero y resistente, perfecto para m\u00fasicos. \u00a1Compra ahora!\" \/>\n<meta property=\"og:url\" content=\"https:\/\/3dtone.com\/en\/product-2\/atril-trompeta-para-movil\/\" \/>\n<meta property=\"og:site_name\" content=\"3DTONE\" \/>\n<meta property=\"article:modified_time\" content=\"2026-04-28T09:48:18+00:00\" \/>\n<meta property=\"og:image\" content=\"https:\/\/3dtone.com\/wp-content\/uploads\/2025\/01\/ATRILES-3DTONE-55-scaled-e1739884302205.jpg\" \/>\n\t<meta property=\"og:image:width\" content=\"2313\" \/>\n\t<meta property=\"og:image:height\" content=\"2313\" \/>\n\t<meta property=\"og:image:type\" content=\"image\/jpeg\" \/>\n<meta name=\"twitter:card\" content=\"summary_large_image\" \/>\n<script type=\"application\/ld+json\" class=\"yoast-schema-graph\">{\"@context\":\"https:\\\/\\\/schema.org\",\"@graph\":[{\"@type\":\"WebPage\",\"@id\":\"https:\\\/\\\/3dtone.com\\\/product\\\/atril-trompeta-para-movil\\\/\",\"url\":\"https:\\\/\\\/3dtone.com\\\/product\\\/atril-trompeta-para-movil\\\/\",\"name\":\"Atril de Trompeta para M\u00f3vil - 3DTONE\",\"isPartOf\":{\"@id\":\"https:\\\/\\\/3dtone.com\\\/#website\"},\"primaryImageOfPage\":{\"@id\":\"https:\\\/\\\/3dtone.com\\\/product\\\/atril-trompeta-para-movil\\\/#primaryimage\"},\"image\":{\"@id\":\"https:\\\/\\\/3dtone.com\\\/product\\\/atril-trompeta-para-movil\\\/#primaryimage\"},\"thumbnailUrl\":\"https:\\\/\\\/3dtone.com\\\/wp-content\\\/uploads\\\/2025\\\/01\\\/ATRILES-3DTONE-55-scaled-e1739884302205.jpg\",\"datePublished\":\"2025-01-09T16:17:16+00:00\",\"dateModified\":\"2026-04-28T09:48:18+00:00\",\"description\":\"Descubre el atril compacto para trompeta de 3DTONE. Dise\u00f1o de una sola pieza, ligero y resistente, perfecto para m\u00fasicos. \u00a1Compra ahora!\",\"breadcrumb\":{\"@id\":\"https:\\\/\\\/3dtone.com\\\/product\\\/atril-trompeta-para-movil\\\/#breadcrumb\"},\"inLanguage\":\"en-GB\",\"potentialAction\":[{\"@type\":\"ReadAction\",\"target\":[\"https:\\\/\\\/3dtone.com\\\/product\\\/atril-trompeta-para-movil\\\/\"]}]},{\"@type\":\"ImageObject\",\"inLanguage\":\"en-GB\",\"@id\":\"https:\\\/\\\/3dtone.com\\\/product\\\/atril-trompeta-para-movil\\\/#primaryimage\",\"url\":\"https:\\\/\\\/3dtone.com\\\/wp-content\\\/uploads\\\/2025\\\/01\\\/ATRILES-3DTONE-55-scaled-e1739884302205.jpg\",\"contentUrl\":\"https:\\\/\\\/3dtone.com\\\/wp-content\\\/uploads\\\/2025\\\/01\\\/ATRILES-3DTONE-55-scaled-e1739884302205.jpg\",\"width\":2313,\"height\":2313,\"caption\":\"atril-trompeta-para-movil-3dtone\"},{\"@type\":\"BreadcrumbList\",\"@id\":\"https:\\\/\\\/3dtone.com\\\/product\\\/atril-trompeta-para-movil\\\/#breadcrumb\",\"itemListElement\":[{\"@type\":\"ListItem\",\"position\":1,\"name\":\"Portada\",\"item\":\"https:\\\/\\\/3dtone.com\\\/\"},{\"@type\":\"ListItem\",\"position\":2,\"name\":\"Tienda\",\"item\":\"https:\\\/\\\/3dtone.com\\\/tienda\\\/\"},{\"@type\":\"ListItem\",\"position\":3,\"name\":\"Atril de Trompeta para M\u00f3vil\"}]},{\"@type\":\"WebSite\",\"@id\":\"https:\\\/\\\/3dtone.com\\\/#website\",\"url\":\"https:\\\/\\\/3dtone.com\\\/\",\"name\":\"3DTONE\",\"description\":\"Accesorios musicales\",\"publisher\":{\"@id\":\"https:\\\/\\\/3dtone.com\\\/#organization\"},\"potentialAction\":[{\"@type\":\"SearchAction\",\"target\":{\"@type\":\"EntryPoint\",\"urlTemplate\":\"https:\\\/\\\/3dtone.com\\\/?s={search_term_string}\"},\"query-input\":{\"@type\":\"PropertyValueSpecification\",\"valueRequired\":true,\"valueName\":\"search_term_string\"}}],\"inLanguage\":\"en-GB\"},{\"@type\":\"Organization\",\"@id\":\"https:\\\/\\\/3dtone.com\\\/#organization\",\"name\":\"3DTONE\",\"url\":\"https:\\\/\\\/3dtone.com\\\/\",\"logo\":{\"@type\":\"ImageObject\",\"inLanguage\":\"en-GB\",\"@id\":\"https:\\\/\\\/3dtone.com\\\/#\\\/schema\\\/logo\\\/image\\\/\",\"url\":\"https:\\\/\\\/3dtone.com\\\/wp-content\\\/uploads\\\/2025\\\/01\\\/cropped-instagram-06.png\",\"contentUrl\":\"https:\\\/\\\/3dtone.com\\\/wp-content\\\/uploads\\\/2025\\\/01\\\/cropped-instagram-06.png\",\"width\":1341,\"height\":911,\"caption\":\"3DTONE\"},\"image\":{\"@id\":\"https:\\\/\\\/3dtone.com\\\/#\\\/schema\\\/logo\\\/image\\\/\"}}]}<\/script>\n<!-- \/ Yoast SEO plugin. -->","yoast_head_json":{"title":"Atril de Trompeta para M\u00f3vil - 3DTONE","description":"Descubre el atril compacto para trompeta de 3DTONE. Dise\u00f1o de una sola pieza, ligero y resistente, perfecto para m\u00fasicos. \u00a1Compra ahora!","robots":{"index":"index","follow":"follow","max-snippet":"max-snippet:-1","max-image-preview":"max-image-preview:large","max-video-preview":"max-video-preview:-1"},"canonical":"https:\/\/3dtone.com\/en\/product-2\/atril-trompeta-para-movil\/","og_locale":"en_GB","og_type":"article","og_title":"Atril de Trompeta para M\u00f3vil - 3DTONE","og_description":"Descubre el atril compacto para trompeta de 3DTONE. Dise\u00f1o de una sola pieza, ligero y resistente, perfecto para m\u00fasicos. \u00a1Compra ahora!","og_url":"https:\/\/3dtone.com\/en\/product-2\/atril-trompeta-para-movil\/","og_site_name":"3DTONE","article_modified_time":"2026-04-28T09:48:18+00:00","og_image":[{"width":2313,"height":2313,"url":"https:\/\/3dtone.com\/wp-content\/uploads\/2025\/01\/ATRILES-3DTONE-55-scaled-e1739884302205.jpg","type":"image\/jpeg"}],"twitter_card":"summary_large_image","schema":{"@context":"https:\/\/schema.org","@graph":[{"@type":"WebPage","@id":"https:\/\/3dtone.com\/product\/atril-trompeta-para-movil\/","url":"https:\/\/3dtone.com\/product\/atril-trompeta-para-movil\/","name":"Atril de Trompeta para M\u00f3vil - 3DTONE","isPartOf":{"@id":"https:\/\/3dtone.com\/#website"},"primaryImageOfPage":{"@id":"https:\/\/3dtone.com\/product\/atril-trompeta-para-movil\/#primaryimage"},"image":{"@id":"https:\/\/3dtone.com\/product\/atril-trompeta-para-movil\/#primaryimage"},"thumbnailUrl":"https:\/\/3dtone.com\/wp-content\/uploads\/2025\/01\/ATRILES-3DTONE-55-scaled-e1739884302205.jpg","datePublished":"2025-01-09T16:17:16+00:00","dateModified":"2026-04-28T09:48:18+00:00","description":"Descubre el atril compacto para trompeta de 3DTONE. Dise\u00f1o de una sola pieza, ligero y resistente, perfecto para m\u00fasicos. \u00a1Compra ahora!","breadcrumb":{"@id":"https:\/\/3dtone.com\/product\/atril-trompeta-para-movil\/#breadcrumb"},"inLanguage":"en-GB","potentialAction":[{"@type":"ReadAction","target":["https:\/\/3dtone.com\/product\/atril-trompeta-para-movil\/"]}]},{"@type":"ImageObject","inLanguage":"en-GB","@id":"https:\/\/3dtone.com\/product\/atril-trompeta-para-movil\/#primaryimage","url":"https:\/\/3dtone.com\/wp-content\/uploads\/2025\/01\/ATRILES-3DTONE-55-scaled-e1739884302205.jpg","contentUrl":"https:\/\/3dtone.com\/wp-content\/uploads\/2025\/01\/ATRILES-3DTONE-55-scaled-e1739884302205.jpg","width":2313,"height":2313,"caption":"atril-trompeta-para-movil-3dtone"},{"@type":"BreadcrumbList","@id":"https:\/\/3dtone.com\/product\/atril-trompeta-para-movil\/#breadcrumb","itemListElement":[{"@type":"ListItem","position":1,"name":"Portada","item":"https:\/\/3dtone.com\/"},{"@type":"ListItem","position":2,"name":"Tienda","item":"https:\/\/3dtone.com\/tienda\/"},{"@type":"ListItem","position":3,"name":"Atril de Trompeta para M\u00f3vil"}]},{"@type":"WebSite","@id":"https:\/\/3dtone.com\/#website","url":"https:\/\/3dtone.com\/","name":"3DTONE","description":"Musical accessories","publisher":{"@id":"https:\/\/3dtone.com\/#organization"},"potentialAction":[{"@type":"SearchAction","target":{"@type":"EntryPoint","urlTemplate":"https:\/\/3dtone.com\/?s={search_term_string}"},"query-input":{"@type":"PropertyValueSpecification","valueRequired":true,"valueName":"search_term_string"}}],"inLanguage":"en-GB"},{"@type":"Organization","@id":"https:\/\/3dtone.com\/#organization","name":"3DTONE","url":"https:\/\/3dtone.com\/","logo":{"@type":"ImageObject","inLanguage":"en-GB","@id":"https:\/\/3dtone.com\/#\/schema\/logo\/image\/","url":"https:\/\/3dtone.com\/wp-content\/uploads\/2025\/01\/cropped-instagram-06.png","contentUrl":"https:\/\/3dtone.com\/wp-content\/uploads\/2025\/01\/cropped-instagram-06.png","width":1341,"height":911,"caption":"3DTONE"},"image":{"@id":"https:\/\/3dtone.com\/#\/schema\/logo\/image\/"}}]}},"_links":{"self":[{"href":"https:\/\/3dtone.com\/en\/wp-json\/wp\/v2\/product\/800","targetHints":{"allow":["GET"]}}],"collection":[{"href":"https:\/\/3dtone.com\/en\/wp-json\/wp\/v2\/product"}],"about":[{"href":"https:\/\/3dtone.com\/en\/wp-json\/wp\/v2\/types\/product"}],"replies":[{"embeddable":true,"href":"https:\/\/3dtone.com\/en\/wp-json\/wp\/v2\/comments?post=800"}],"version-history":[{"count":1,"href":"https:\/\/3dtone.com\/en\/wp-json\/wp\/v2\/product\/800\/revisions"}],"predecessor-version":[{"id":44156,"href":"https:\/\/3dtone.com\/en\/wp-json\/wp\/v2\/product\/800\/revisions\/44156"}],"wp:featuredmedia":[{"embeddable":true,"href":"https:\/\/3dtone.com\/en\/wp-json\/wp\/v2\/media\/1233"}],"wp:attachment":[{"href":"https:\/\/3dtone.com\/en\/wp-json\/wp\/v2\/media?parent=800"}],"wp:term":[{"taxonomy":"product_brand","embeddable":true,"href":"https:\/\/3dtone.com\/en\/wp-json\/wp\/v2\/product_brand?post=800"},{"taxonomy":"product_cat","embeddable":true,"href":"https:\/\/3dtone.com\/en\/wp-json\/wp\/v2\/product_cat?post=800"},{"taxonomy":"product_tag","embeddable":true,"href":"https:\/\/3dtone.com\/en\/wp-json\/wp\/v2\/product_tag?post=800"}],"curies":[{"name":"wp","href":"https:\/\/api.w.org\/{rel}","templated":true}]}}