{"id":24668,"date":"2025-09-21T16:43:37","date_gmt":"2025-09-21T14:43:37","guid":{"rendered":"https:\/\/3dtone.com\/?post_type=product&#038;p=24668"},"modified":"2025-09-22T11:09:08","modified_gmt":"2025-09-22T09:09:08","slug":"atril-flauta-para-movil","status":"publish","type":"product","link":"https:\/\/3dtone.com\/es\/product\/atril-flauta-para-movil\/","title":{"rendered":"Atril de Flauta para M\u00f3vil"},"content":{"rendered":"<p class=\"\" data-start=\"107\" data-end=\"389\">Este <strong>Atril de Flauta Travesera <\/strong>est\u00e1 dise\u00f1ado espec\u00edficamente para utilizar el m\u00f3vil.<\/p>\n<p class=\"\" data-start=\"589\" data-end=\"758\">Su parte trasera, visible para el p\u00fablico, es\u00a0<em><strong>personalizable<\/strong><\/em>\u00a0con logos, iniciales o dise\u00f1os espec\u00edficos, a\u00f1adiendo un toque \u00fanico y profesional al atril.<\/p>\n<p class=\"\" data-start=\"65\" data-end=\"371\">Incluye una l\u00e1mina adhesiva met\u00e1lica\u00a0 para fijarla a la funda de tu dispositivo m\u00f3vil o eBook.<br \/>\nPara garantizar el mejor rendimiento y estabilidad, es\u00a0<strong><em>fundamental<\/em><\/strong>\u00a0que la l\u00e1mina est\u00e9 en contacto directo con el im\u00e1n del atril, por lo que recomendamos adherirla directamente a la funda.<\/p>\n<p class=\"\" data-start=\"373\" data-end=\"477\">Adem\u00e1s, puedes estar tranquilo:\u00a0<strong><em>el im\u00e1n no da\u00f1a la bater\u00eda de tu tel\u00e9fono<\/em><\/strong>\u00a0ni afecta su funcionamiento.<\/p>\n<hr \/>\n<h2 class=\"style-scope ytd-watch-metadata\">C\u00f3mo Montar el Atril de Flauta para M\u00f3vil | 3DTONE<\/h2>\n<p><iframe title=\"C\u00f3mo Montar el Atril de Flauta para M\u00f3vil | 3DTONE\" width=\"800\" height=\"450\" src=\"https:\/\/www.youtube.com\/embed\/XdNCSkSl65c?feature=oembed\" frameborder=\"0\" allow=\"accelerometer; autoplay; clipboard-write; encrypted-media; gyroscope; picture-in-picture; web-share\" referrerpolicy=\"strict-origin-when-cross-origin\" allowfullscreen><\/iframe><\/p>\n<h2 data-start=\"301\" data-end=\"370\"><strong data-start=\"306\" data-end=\"368\">\u00bfPor qu\u00e9 elegir el Atril de Flauta Travesera para M\u00f3vil de 3DTONE ?<\/strong><\/h2>\n<p class=\"\" data-start=\"371\" data-end=\"618\">El <strong data-start=\"374\" data-end=\"406\">Atril de Flauta para M\u00f3vil<\/strong> de <strong data-start=\"410\" data-end=\"420\">3dTone<\/strong> est\u00e1 dise\u00f1ado pensando en la comodidad y versatilidad de los m\u00fasicos. Este accesorio innovador permite sujetar tu dispositivo m\u00f3vil mientras tocas, siendo ideal para ensayos, conciertos y clases.<\/p>\n<p class=\"\" data-start=\"621\" data-end=\"681\">\u2705 <strong data-start=\"623\" data-end=\"645\">Ligero y compacto:<\/strong> F\u00e1cil de transportar y almacenar.<br \/>\n\u2705 <strong data-start=\"686\" data-end=\"704\">Ajuste seguro:<\/strong> Compatible con la mayor\u00eda de dispositivos.<\/p>\n<p class=\"\" data-start=\"860\" data-end=\"965\">Si buscas un atril que se adapte a tus necesidades como flautista, \u00a1este es el ideal para ti!<\/p>\n<hr class=\"\" data-start=\"967\" data-end=\"970\" \/>\n<h2 data-start=\"972\" data-end=\"1031\"><strong data-start=\"977\" data-end=\"1029\">Ventajas de nuestro Atril de Flauta y Flaut\u00edn para M\u00f3vil<\/strong><\/h2>\n<ul data-start=\"1032\" data-end=\"1379\">\n<li class=\"\" data-start=\"1032\" data-end=\"1113\">\n<p class=\"\" data-start=\"1034\" data-end=\"1113\"><strong data-start=\"1034\" data-end=\"1063\">Compatibilidad universal:<\/strong> Compatibilidad con cualquier tipo de m\u00f3vil o dispositivo.<\/p>\n<\/li>\n<li class=\"\" data-start=\"1114\" data-end=\"1201\">\n<p class=\"\" data-start=\"1116\" data-end=\"1201\"><strong data-start=\"1116\" data-end=\"1147\">F\u00e1cil montaje y desmontaje:<\/strong> En pocos segundos tendr\u00e1s tu atril listo para usar.<\/p>\n<\/li>\n<li class=\"\" data-start=\"1202\" data-end=\"1271\">\n<p class=\"\" data-start=\"1204\" data-end=\"1271\"><strong data-start=\"1204\" data-end=\"1228\">Base antideslizante:<\/strong> Garantiza la estabilidad durante el uso.<\/p>\n<\/li>\n<\/ul>\n<p class=\"\" data-start=\"1381\" data-end=\"1521\">Este atril es perfecto tanto para m\u00fasicos profesionales como para estudiantes de flauta que necesitan una soluci\u00f3n pr\u00e1ctica y eficiente.<\/p>\n<hr class=\"\" data-start=\"2041\" data-end=\"2044\" \/>\n<h2 data-start=\"2046\" data-end=\"2132\"><strong data-start=\"2051\" data-end=\"2130\">\u00bfC\u00f3mo utilizar el Atril de Flauta para M\u00f3vil en tus ensayos y conciertos?<\/strong><\/h2>\n<ol data-start=\"2133\" data-end=\"2541\">\n<li class=\"\" data-start=\"2133\" data-end=\"2233\">\n<p class=\"\" data-start=\"2136\" data-end=\"2233\"><strong data-start=\"2136\" data-end=\"2159\">Montaje:<\/strong> Incorpora el atril en tu brazo mediante la correa de sujeci\u00f3n que mejor se adapte a tu brazo.<\/p>\n<\/li>\n<li class=\"\" data-start=\"2234\" data-end=\"2316\">\n<p class=\"\" data-start=\"2237\" data-end=\"2316\"><strong data-start=\"2237\" data-end=\"2259\">L\u00e1mina met\u00e1lica: <\/strong>Pega la l\u00e1mina met\u00e1lica a la funda de tu dispositivo.<\/p>\n<\/li>\n<li class=\"\" data-start=\"2234\" data-end=\"2316\">\n<p class=\"\" data-start=\"2237\" data-end=\"2316\"><strong data-start=\"2421\" data-end=\"2442\">Dispositivo:<\/strong> Incorpora el dispositivo al im\u00e1n. Debe hacer contacto el im\u00e1n con la l\u00e1mina met\u00e1lica.<\/p>\n<\/li>\n<li class=\"\" data-start=\"2234\" data-end=\"2316\">\n<p class=\"\" data-start=\"2237\" data-end=\"2316\"><strong data-start=\"2421\" data-end=\"2442\">Partitura:<\/strong> Prepara la partitura que vayas a estudiar o interpretar.<\/p>\n<\/li>\n<li class=\"\" data-start=\"2234\" data-end=\"2316\">\n<p class=\"\" data-start=\"2237\" data-end=\"2316\"><strong data-start=\"2526\" data-end=\"2539\">\u00a1A tocar!<\/strong><\/p>\n<\/li>\n<\/ol>\n<hr class=\"\" data-start=\"3079\" data-end=\"3082\" \/>\n<h2 data-start=\"3084\" data-end=\"3153\"><strong data-start=\"3089\" data-end=\"3151\">Preguntas Frecuentes sobre el Atril de Flauta para eBook<\/strong><\/h2>\n<h3 data-start=\"3573\" data-end=\"3669\"><strong data-start=\"3573\" data-end=\"3595\">\u00bfIncluye garant\u00eda?<\/strong><\/h3>\n<p data-start=\"3573\" data-end=\"3669\">S\u00ed, cuenta con una garant\u00eda de 2 a\u00f1os contra defectos de fabricaci\u00f3n.<\/p>\n<p class=\"\" data-start=\"4456\" data-end=\"4567\"><strong data-start=\"4456\" data-end=\"4474\">\ud83d\udca1 Conclusi\u00f3n:<\/strong> Si buscas un atril seguro, resistente y con ajuste m\u00f3vil, el de 3dTone es tu mejor opci\u00f3n.<\/p>\n","protected":false},"excerpt":{"rendered":"<p>Atril de marcha Flauta y Flaut\u00edn para m\u00f3vil y eBook<\/p>\n<p><em><strong>Personalizable con logos o iniciales<\/strong><\/em>\u00a0en la parte trasera.<\/p>\n<p>Incluye <strong>dos correas<\/strong> de distinto tama\u00f1o para un ajuste c\u00f3modo, adem\u00e1s de <strong>l\u00e1mina met\u00e1lica adhesiva<\/strong> para la funda del dispositivo.<\/p>\n<p><em>*El im\u00e1n no da\u00f1a la bater\u00eda del m\u00f3vil<\/em><\/p>\n","protected":false},"featured_media":24678,"comment_status":"closed","ping_status":"closed","template":"","meta":{"_joinchat":[]},"product_brand":[],"product_cat":[21,29],"product_tag":[],"class_list":{"0":"post-24668","1":"product","2":"type-product","3":"status-publish","4":"has-post-thumbnail","6":"product_cat-accesorios-musicales","7":"product_cat-atril-para-movil-y-ebook","9":"first","10":"instock","11":"taxable","12":"shipping-taxable","13":"purchasable","14":"product-type-variable","15":"has-default-attributes"},"yoast_head":"<!-- This site is optimized with the Yoast SEO plugin v27.5 - https:\/\/yoast.com\/product\/yoast-seo-wordpress\/ -->\n<title>Atril de Flauta para M\u00f3vil - 3DTONE<\/title>\n<meta name=\"description\" content=\"Facilidad y comodidad con el Atril de Flauta para m\u00f3vil. Montaje r\u00e1pido, ligero y duradero. Ideal para cualquier flautista. \u00a1Cons\u00edguelo ya!\" \/>\n<meta name=\"robots\" content=\"index, follow, max-snippet:-1, max-image-preview:large, max-video-preview:-1\" \/>\n<link rel=\"canonical\" href=\"https:\/\/3dtone.com\/es\/product\/atril-flauta-para-movil\/\" \/>\n<meta property=\"og:locale\" content=\"es_ES\" \/>\n<meta property=\"og:type\" content=\"article\" \/>\n<meta property=\"og:title\" content=\"Atril de Flauta para M\u00f3vil - 3DTONE\" \/>\n<meta property=\"og:description\" content=\"Facilidad y comodidad con el Atril de Flauta para m\u00f3vil. Montaje r\u00e1pido, ligero y duradero. Ideal para cualquier flautista. \u00a1Cons\u00edguelo ya!\" \/>\n<meta property=\"og:url\" content=\"https:\/\/3dtone.com\/es\/product\/atril-flauta-para-movil\/\" \/>\n<meta property=\"og:site_name\" content=\"3DTONE\" \/>\n<meta property=\"article:modified_time\" content=\"2025-09-22T09:09:08+00:00\" \/>\n<meta property=\"og:image\" content=\"https:\/\/3dtone.com\/wp-content\/uploads\/2025\/09\/ATRIL-FLAUTA-2-scaled.jpg\" \/>\n\t<meta property=\"og:image:width\" content=\"1707\" \/>\n\t<meta property=\"og:image:height\" content=\"2560\" \/>\n\t<meta property=\"og:image:type\" content=\"image\/jpeg\" \/>\n<meta name=\"twitter:card\" content=\"summary_large_image\" \/>\n<script type=\"application\/ld+json\" class=\"yoast-schema-graph\">{\"@context\":\"https:\\\/\\\/schema.org\",\"@graph\":[{\"@type\":\"WebPage\",\"@id\":\"https:\\\/\\\/3dtone.com\\\/product\\\/atril-flauta-para-movil\\\/\",\"url\":\"https:\\\/\\\/3dtone.com\\\/product\\\/atril-flauta-para-movil\\\/\",\"name\":\"Atril de Flauta para M\u00f3vil - 3DTONE\",\"isPartOf\":{\"@id\":\"https:\\\/\\\/3dtone.com\\\/#website\"},\"primaryImageOfPage\":{\"@id\":\"https:\\\/\\\/3dtone.com\\\/product\\\/atril-flauta-para-movil\\\/#primaryimage\"},\"image\":{\"@id\":\"https:\\\/\\\/3dtone.com\\\/product\\\/atril-flauta-para-movil\\\/#primaryimage\"},\"thumbnailUrl\":\"https:\\\/\\\/3dtone.com\\\/wp-content\\\/uploads\\\/2025\\\/09\\\/ATRIL-FLAUTA-2-scaled.jpg\",\"datePublished\":\"2025-09-21T14:43:37+00:00\",\"dateModified\":\"2025-09-22T09:09:08+00:00\",\"description\":\"Facilidad y comodidad con el Atril de Flauta para m\u00f3vil. Montaje r\u00e1pido, ligero y duradero. Ideal para cualquier flautista. \u00a1Cons\u00edguelo ya!\",\"breadcrumb\":{\"@id\":\"https:\\\/\\\/3dtone.com\\\/product\\\/atril-flauta-para-movil\\\/#breadcrumb\"},\"inLanguage\":\"es\",\"potentialAction\":[{\"@type\":\"ReadAction\",\"target\":[\"https:\\\/\\\/3dtone.com\\\/product\\\/atril-flauta-para-movil\\\/\"]}]},{\"@type\":\"ImageObject\",\"inLanguage\":\"es\",\"@id\":\"https:\\\/\\\/3dtone.com\\\/product\\\/atril-flauta-para-movil\\\/#primaryimage\",\"url\":\"https:\\\/\\\/3dtone.com\\\/wp-content\\\/uploads\\\/2025\\\/09\\\/ATRIL-FLAUTA-2-scaled.jpg\",\"contentUrl\":\"https:\\\/\\\/3dtone.com\\\/wp-content\\\/uploads\\\/2025\\\/09\\\/ATRIL-FLAUTA-2-scaled.jpg\",\"width\":1707,\"height\":2560},{\"@type\":\"BreadcrumbList\",\"@id\":\"https:\\\/\\\/3dtone.com\\\/product\\\/atril-flauta-para-movil\\\/#breadcrumb\",\"itemListElement\":[{\"@type\":\"ListItem\",\"position\":1,\"name\":\"Portada\",\"item\":\"https:\\\/\\\/3dtone.com\\\/\"},{\"@type\":\"ListItem\",\"position\":2,\"name\":\"Tienda\",\"item\":\"https:\\\/\\\/3dtone.com\\\/tienda\\\/\"},{\"@type\":\"ListItem\",\"position\":3,\"name\":\"Atril de Flauta para M\u00f3vil\"}]},{\"@type\":\"WebSite\",\"@id\":\"https:\\\/\\\/3dtone.com\\\/#website\",\"url\":\"https:\\\/\\\/3dtone.com\\\/\",\"name\":\"3DTONE\",\"description\":\"Accesorios musicales\",\"publisher\":{\"@id\":\"https:\\\/\\\/3dtone.com\\\/#organization\"},\"potentialAction\":[{\"@type\":\"SearchAction\",\"target\":{\"@type\":\"EntryPoint\",\"urlTemplate\":\"https:\\\/\\\/3dtone.com\\\/?s={search_term_string}\"},\"query-input\":{\"@type\":\"PropertyValueSpecification\",\"valueRequired\":true,\"valueName\":\"search_term_string\"}}],\"inLanguage\":\"es\"},{\"@type\":\"Organization\",\"@id\":\"https:\\\/\\\/3dtone.com\\\/#organization\",\"name\":\"3DTONE\",\"url\":\"https:\\\/\\\/3dtone.com\\\/\",\"logo\":{\"@type\":\"ImageObject\",\"inLanguage\":\"es\",\"@id\":\"https:\\\/\\\/3dtone.com\\\/#\\\/schema\\\/logo\\\/image\\\/\",\"url\":\"https:\\\/\\\/3dtone.com\\\/wp-content\\\/uploads\\\/2025\\\/01\\\/cropped-instagram-06.png\",\"contentUrl\":\"https:\\\/\\\/3dtone.com\\\/wp-content\\\/uploads\\\/2025\\\/01\\\/cropped-instagram-06.png\",\"width\":1341,\"height\":911,\"caption\":\"3DTONE\"},\"image\":{\"@id\":\"https:\\\/\\\/3dtone.com\\\/#\\\/schema\\\/logo\\\/image\\\/\"}}]}<\/script>\n<!-- \/ Yoast SEO plugin. -->","yoast_head_json":{"title":"Atril de Flauta para M\u00f3vil - 3DTONE","description":"Facilidad y comodidad con el Atril de Flauta para m\u00f3vil. Montaje r\u00e1pido, ligero y duradero. Ideal para cualquier flautista. \u00a1Cons\u00edguelo ya!","robots":{"index":"index","follow":"follow","max-snippet":"max-snippet:-1","max-image-preview":"max-image-preview:large","max-video-preview":"max-video-preview:-1"},"canonical":"https:\/\/3dtone.com\/es\/product\/atril-flauta-para-movil\/","og_locale":"es_ES","og_type":"article","og_title":"Atril de Flauta para M\u00f3vil - 3DTONE","og_description":"Facilidad y comodidad con el Atril de Flauta para m\u00f3vil. Montaje r\u00e1pido, ligero y duradero. Ideal para cualquier flautista. \u00a1Cons\u00edguelo ya!","og_url":"https:\/\/3dtone.com\/es\/product\/atril-flauta-para-movil\/","og_site_name":"3DTONE","article_modified_time":"2025-09-22T09:09:08+00:00","og_image":[{"width":1707,"height":2560,"url":"https:\/\/3dtone.com\/wp-content\/uploads\/2025\/09\/ATRIL-FLAUTA-2-scaled.jpg","type":"image\/jpeg"}],"twitter_card":"summary_large_image","schema":{"@context":"https:\/\/schema.org","@graph":[{"@type":"WebPage","@id":"https:\/\/3dtone.com\/product\/atril-flauta-para-movil\/","url":"https:\/\/3dtone.com\/product\/atril-flauta-para-movil\/","name":"Atril de Flauta para M\u00f3vil - 3DTONE","isPartOf":{"@id":"https:\/\/3dtone.com\/#website"},"primaryImageOfPage":{"@id":"https:\/\/3dtone.com\/product\/atril-flauta-para-movil\/#primaryimage"},"image":{"@id":"https:\/\/3dtone.com\/product\/atril-flauta-para-movil\/#primaryimage"},"thumbnailUrl":"https:\/\/3dtone.com\/wp-content\/uploads\/2025\/09\/ATRIL-FLAUTA-2-scaled.jpg","datePublished":"2025-09-21T14:43:37+00:00","dateModified":"2025-09-22T09:09:08+00:00","description":"Facilidad y comodidad con el Atril de Flauta para m\u00f3vil. Montaje r\u00e1pido, ligero y duradero. Ideal para cualquier flautista. \u00a1Cons\u00edguelo ya!","breadcrumb":{"@id":"https:\/\/3dtone.com\/product\/atril-flauta-para-movil\/#breadcrumb"},"inLanguage":"es","potentialAction":[{"@type":"ReadAction","target":["https:\/\/3dtone.com\/product\/atril-flauta-para-movil\/"]}]},{"@type":"ImageObject","inLanguage":"es","@id":"https:\/\/3dtone.com\/product\/atril-flauta-para-movil\/#primaryimage","url":"https:\/\/3dtone.com\/wp-content\/uploads\/2025\/09\/ATRIL-FLAUTA-2-scaled.jpg","contentUrl":"https:\/\/3dtone.com\/wp-content\/uploads\/2025\/09\/ATRIL-FLAUTA-2-scaled.jpg","width":1707,"height":2560},{"@type":"BreadcrumbList","@id":"https:\/\/3dtone.com\/product\/atril-flauta-para-movil\/#breadcrumb","itemListElement":[{"@type":"ListItem","position":1,"name":"Portada","item":"https:\/\/3dtone.com\/"},{"@type":"ListItem","position":2,"name":"Tienda","item":"https:\/\/3dtone.com\/tienda\/"},{"@type":"ListItem","position":3,"name":"Atril de Flauta para M\u00f3vil"}]},{"@type":"WebSite","@id":"https:\/\/3dtone.com\/#website","url":"https:\/\/3dtone.com\/","name":"3DTONE","description":"Accesorios musicales","publisher":{"@id":"https:\/\/3dtone.com\/#organization"},"potentialAction":[{"@type":"SearchAction","target":{"@type":"EntryPoint","urlTemplate":"https:\/\/3dtone.com\/?s={search_term_string}"},"query-input":{"@type":"PropertyValueSpecification","valueRequired":true,"valueName":"search_term_string"}}],"inLanguage":"es"},{"@type":"Organization","@id":"https:\/\/3dtone.com\/#organization","name":"3DTONE","url":"https:\/\/3dtone.com\/","logo":{"@type":"ImageObject","inLanguage":"es","@id":"https:\/\/3dtone.com\/#\/schema\/logo\/image\/","url":"https:\/\/3dtone.com\/wp-content\/uploads\/2025\/01\/cropped-instagram-06.png","contentUrl":"https:\/\/3dtone.com\/wp-content\/uploads\/2025\/01\/cropped-instagram-06.png","width":1341,"height":911,"caption":"3DTONE"},"image":{"@id":"https:\/\/3dtone.com\/#\/schema\/logo\/image\/"}}]}},"_links":{"self":[{"href":"https:\/\/3dtone.com\/es\/wp-json\/wp\/v2\/product\/24668","targetHints":{"allow":["GET"]}}],"collection":[{"href":"https:\/\/3dtone.com\/es\/wp-json\/wp\/v2\/product"}],"about":[{"href":"https:\/\/3dtone.com\/es\/wp-json\/wp\/v2\/types\/product"}],"replies":[{"embeddable":true,"href":"https:\/\/3dtone.com\/es\/wp-json\/wp\/v2\/comments?post=24668"}],"version-history":[{"count":0,"href":"https:\/\/3dtone.com\/es\/wp-json\/wp\/v2\/product\/24668\/revisions"}],"wp:featuredmedia":[{"embeddable":true,"href":"https:\/\/3dtone.com\/es\/wp-json\/wp\/v2\/media\/24678"}],"wp:attachment":[{"href":"https:\/\/3dtone.com\/es\/wp-json\/wp\/v2\/media?parent=24668"}],"wp:term":[{"taxonomy":"product_brand","embeddable":true,"href":"https:\/\/3dtone.com\/es\/wp-json\/wp\/v2\/product_brand?post=24668"},{"taxonomy":"product_cat","embeddable":true,"href":"https:\/\/3dtone.com\/es\/wp-json\/wp\/v2\/product_cat?post=24668"},{"taxonomy":"product_tag","embeddable":true,"href":"https:\/\/3dtone.com\/es\/wp-json\/wp\/v2\/product_tag?post=24668"}],"curies":[{"name":"wp","href":"https:\/\/api.w.org\/{rel}","templated":true}]}}