{"id":25759,"date":"2026-01-22T10:53:54","date_gmt":"2026-01-22T09:53:54","guid":{"rendered":"https:\/\/3dtone.com\/?post_type=product&#038;p=25759"},"modified":"2026-01-22T11:02:44","modified_gmt":"2026-01-22T10:02:44","slug":"atril-de-saxofon-tenor-para-movil","status":"publish","type":"product","link":"https:\/\/3dtone.com\/es\/product\/atril-de-saxofon-tenor-para-movil\/","title":{"rendered":"Atril de Saxof\u00f3n Tenor para M\u00f3vil"},"content":{"rendered":"<p class=\"\" data-start=\"120\" data-end=\"298\">Este<strong> Atril de Marcha de Saxof\u00f3n Temor<\/strong> funcionalidad y estabilidad gracias a su dise\u00f1o articulable, pensado especialmente para m\u00fasicos que buscan comodidad y versatilidad al interpretar.<\/p>\n<p class=\"\" data-start=\"300\" data-end=\"470\">Permite ajustar tanto la <em><strong>inclinaci\u00f3n<\/strong><\/em> como la distancia del dispositivo m\u00f3vil o eBook,<em> adapt\u00e1ndose<\/em> de manera precisa a tus preferencias, ya sea en ensayos o actuaciones.<\/p>\n<p class=\"\" data-start=\"589\" data-end=\"758\">Su parte trasera, visible para el p\u00fablico, es\u00a0<em><strong>personalizable<\/strong><\/em>\u00a0con logos, iniciales o dise\u00f1os espec\u00edficos, a\u00f1adiendo un toque \u00fanico y profesional al atril.<\/p>\n<p class=\"\" data-start=\"65\" data-end=\"371\">Incluye una l\u00e1mina adhesiva met\u00e1lica\u00a0 para fijarla a la funda de tu dispositivo m\u00f3vil o eBook. Para garantizar el mejor rendimiento y estabilidad, es\u00a0<strong><em>fundamental<\/em><\/strong>\u00a0que la l\u00e1mina est\u00e9 en contacto directo con el im\u00e1n del atril, por lo que recomendamos adherirla directamente a la funda.<\/p>\n<p class=\"\" data-start=\"373\" data-end=\"477\">Adem\u00e1s, puedes estar tranquilo:\u00a0<strong><em>el im\u00e1n no da\u00f1a la bater\u00eda de tu tel\u00e9fono<\/em><\/strong>\u00a0ni afecta su funcionamiento.<\/p>\n<hr class=\"\" data-start=\"1554\" data-end=\"1557\" \/>\n<h2 data-start=\"1203\" data-end=\"1275\"><strong data-start=\"1208\" data-end=\"1273\">\u00bfEs el Atril para Saxof\u00f3n Tenor ajustable ?<\/strong><\/h2>\n<ul data-start=\"1276\" data-end=\"1506\">\n<li class=\"\" data-start=\"1276\" data-end=\"1331\">\n<p class=\"\" data-start=\"1278\" data-end=\"1331\">\ud83d\udd27 Ajuste total de <strong data-start=\"1297\" data-end=\"1312\">inclinaci\u00f3n<\/strong> y <strong data-start=\"1315\" data-end=\"1328\">distancia<\/strong>.<\/p>\n<\/li>\n<li class=\"\" data-start=\"1332\" data-end=\"1386\">\n<p class=\"\" data-start=\"1334\" data-end=\"1386\">\ud83c\udfaf Posicionamiento preciso para mayor visibilidad.<\/p>\n<\/li>\n<li class=\"\" data-start=\"1387\" data-end=\"1455\">\n<p class=\"\" data-start=\"1389\" data-end=\"1455\">\ud83d\udcf1 Compatible con m\u00f3viles y lectores de partituras electr\u00f3nicos.<\/p>\n<\/li>\n<li class=\"\" data-start=\"1456\" data-end=\"1506\">\n<p class=\"\" data-start=\"1458\" data-end=\"1506\">\ud83d\udcba Ideal tanto para tocar de pie como sentado.<\/p>\n<\/li>\n<\/ul>\n<p class=\"\" data-start=\"1508\" data-end=\"1552\">Este atril se adapta al m\u00fasico, no al rev\u00e9s.<\/p>\n<hr class=\"\" data-start=\"1554\" data-end=\"1557\" \/>\n<h2 data-start=\"1559\" data-end=\"1614\"><strong data-start=\"1564\" data-end=\"1612\">\u00bfC\u00f3mo personalizar el Atril para m\u00f3vil de Saxof\u00f3n Tenor?<\/strong><\/h2>\n<p class=\"\" data-start=\"1615\" data-end=\"1697\">Dale un toque \u00fanico al atril con nuestra opci\u00f3n de <strong data-start=\"1666\" data-end=\"1694\">personalizaci\u00f3n<\/strong>.<\/p>\n<ul data-start=\"1698\" data-end=\"1808\">\n<li class=\"\" data-start=\"1698\" data-end=\"1730\">\n<p class=\"\" data-start=\"1700\" data-end=\"1730\">\ud83c\udfbc Logos de banda o charanga<\/p>\n<\/li>\n<li class=\"\" data-start=\"1731\" data-end=\"1758\">\n<p class=\"\" data-start=\"1733\" data-end=\"1758\">\u270d\ufe0f Iniciales del m\u00fasico<\/p>\n<\/li>\n<li class=\"\" data-start=\"1759\" data-end=\"1808\">\n<p class=\"\" data-start=\"1761\" data-end=\"1808\">\ud83c\udfa8 Dise\u00f1os gr\u00e1ficos o colores identificativos<\/p>\n<\/li>\n<\/ul>\n<p class=\"\" data-start=\"1810\" data-end=\"1888\">Una soluci\u00f3n funcional que tambi\u00e9n refuerza tu <strong data-start=\"1857\" data-end=\"1887\">identidad visual en escena<\/strong>.<\/p>\n<hr class=\"\" data-start=\"2170\" data-end=\"2173\" \/>\n<h2 data-start=\"2175\" data-end=\"2242\"><strong data-start=\"2180\" data-end=\"2240\">\u00bfEl Atril de Saxof\u00f3n Tenor de 3DTONE incluye l\u00e1mina adhesiva?<\/strong><\/h2>\n<p class=\"\" data-start=\"2243\" data-end=\"2339\">El atril incluye una <strong data-start=\"2264\" data-end=\"2292\">l\u00e1mina met\u00e1lica adhesiva<\/strong> que se coloca en la funda del m\u00f3vil o eBook:<\/p>\n<ul data-start=\"2340\" data-end=\"2534\">\n<li class=\"\" data-start=\"2340\" data-end=\"2386\">\n<p class=\"\" data-start=\"2342\" data-end=\"2386\">\ud83d\udd12 M\u00e1xima fijaci\u00f3n con el im\u00e1n articulado.<\/p>\n<\/li>\n<li class=\"\" data-start=\"2387\" data-end=\"2475\">\n<p class=\"\" data-start=\"2389\" data-end=\"2475\">\u2728 Recomendamos adherir la l\u00e1mina directamente sobre la funda para mejor rendimiento.<\/p>\n<\/li>\n<li class=\"\" data-start=\"2476\" data-end=\"2534\">\n<p class=\"\" data-start=\"2478\" data-end=\"2534\">\u2699\ufe0f Compatible con la mayor\u00eda de fundas y dispositivos.<\/p>\n<\/li>\n<\/ul>\n<hr class=\"\" data-start=\"2536\" data-end=\"2539\" \/>\n<h2 data-start=\"2541\" data-end=\"2602\"><strong data-start=\"2546\" data-end=\"2600\">Seguridad ante todo: \u00bfAfecta el im\u00e1n al m\u00f3vil?<\/strong><\/h2>\n<p class=\"\" data-start=\"2603\" data-end=\"2672\">No. Nuestro sistema magn\u00e9tico est\u00e1 optimizado y es <strong data-start=\"2654\" data-end=\"2669\">100% seguro<\/strong>:<\/p>\n<ul data-start=\"2673\" data-end=\"2813\">\n<li class=\"\" data-start=\"2673\" data-end=\"2711\">\n<p class=\"\" data-start=\"2675\" data-end=\"2711\">No da\u00f1a la bater\u00eda ni la pantalla.<\/p>\n<\/li>\n<li class=\"\" data-start=\"2712\" data-end=\"2755\">\n<p class=\"\" data-start=\"2714\" data-end=\"2755\">No interfiere con el sistema del m\u00f3vil.<\/p>\n<\/li>\n<li class=\"\" data-start=\"2756\" data-end=\"2813\">\n<p class=\"\" data-start=\"2758\" data-end=\"2813\">Usado por m\u00fasicos profesionales con total tranquilidad.<\/p>\n<\/li>\n<\/ul>\n<hr class=\"\" data-start=\"3212\" data-end=\"3215\" \/>\n<h2 data-start=\"3217\" data-end=\"3272\"><strong data-start=\"3222\" data-end=\"3270\">Opiniones sobre el Atril de Saxof\u00f3n Tenor para M\u00f3vil de 3DTONE<\/strong><\/h2>\n<p class=\"\" data-start=\"3273\" data-end=\"3546\">\ud83c\udfb7 <em data-start=\"3276\" data-end=\"3381\">\u201cYa no puedo tocar sin mi atril para m\u00f3vil de 3DTONE. Muy recomanable\u201d<\/em> \u2014 <strong data-start=\"3384\" data-end=\"3422\">Aitor G\u00f3ngora, Saxofonista de la Bomba Show<\/strong><\/p>\n","protected":false},"excerpt":{"rendered":"<p><strong>Atril de marcha para m\u00f3vil<\/strong>, dise\u00f1ado especialmente para m\u00fasicos de Saxof\u00f3n Tenor.<\/p>\n<p><em><strong>Personalizable con logos o iniciales<\/strong><\/em>\u00a0en la parte trasera.<\/p>\n<p><strong>Incluye\u00a0<\/strong><em>l\u00e1mina adhesiva<\/em>\u00a0met\u00e1lica para fijar a la funda del dispositivo, garantizando el mejor contacto con el im\u00e1n.<\/p>\n<p>*El im\u00e1n no da\u00f1a la bater\u00eda del m\u00f3vil.<\/p>\n","protected":false},"featured_media":25769,"comment_status":"closed","ping_status":"closed","template":"","meta":{"_joinchat":[]},"product_brand":[],"product_cat":[21,29,65],"product_tag":[],"class_list":{"0":"post-25759","1":"product","2":"type-product","3":"status-publish","4":"has-post-thumbnail","6":"product_cat-accesorios-musicales","7":"product_cat-atril-para-movil-y-ebook","8":"product_cat-atriles-para-saxofon","10":"first","11":"instock","12":"taxable","13":"shipping-taxable","14":"purchasable","15":"product-type-variable"},"yoast_head":"<!-- This site is optimized with the Yoast SEO plugin v27.5 - https:\/\/yoast.com\/product\/yoast-seo-wordpress\/ -->\n<title>Atril de Saxof\u00f3n Tenor para M\u00f3vil - 3DTONE<\/title>\n<meta name=\"description\" content=\"Este atril para saxof\u00f3n, ofrece estabilidad y adaptabilidad para cualquier saxofonista. Visualiza tus partituras digitales con tu m\u00f3vil.\" \/>\n<meta name=\"robots\" content=\"index, follow, max-snippet:-1, max-image-preview:large, max-video-preview:-1\" \/>\n<link rel=\"canonical\" href=\"https:\/\/3dtone.com\/es\/product\/atril-de-saxofon-tenor-para-movil\/\" \/>\n<meta property=\"og:locale\" content=\"es_ES\" \/>\n<meta property=\"og:type\" content=\"article\" \/>\n<meta property=\"og:title\" content=\"Atril de Saxof\u00f3n Tenor para M\u00f3vil - 3DTONE\" \/>\n<meta property=\"og:description\" content=\"Este atril para saxof\u00f3n, ofrece estabilidad y adaptabilidad para cualquier saxofonista. Visualiza tus partituras digitales con tu m\u00f3vil.\" \/>\n<meta property=\"og:url\" content=\"https:\/\/3dtone.com\/es\/product\/atril-de-saxofon-tenor-para-movil\/\" \/>\n<meta property=\"og:site_name\" content=\"3DTONE\" \/>\n<meta property=\"article:modified_time\" content=\"2026-01-22T10:02:44+00:00\" \/>\n<meta property=\"og:image\" content=\"https:\/\/3dtone.com\/wp-content\/uploads\/2026\/01\/SAXO-TENOR-NEGRO.jpg\" \/>\n\t<meta property=\"og:image:width\" content=\"1200\" \/>\n\t<meta property=\"og:image:height\" content=\"1600\" \/>\n\t<meta property=\"og:image:type\" content=\"image\/jpeg\" \/>\n<meta name=\"twitter:card\" content=\"summary_large_image\" \/>\n<script type=\"application\/ld+json\" class=\"yoast-schema-graph\">{\"@context\":\"https:\\\/\\\/schema.org\",\"@graph\":[{\"@type\":\"WebPage\",\"@id\":\"https:\\\/\\\/3dtone.com\\\/product\\\/atril-de-saxofon-tenor-para-movil\\\/\",\"url\":\"https:\\\/\\\/3dtone.com\\\/product\\\/atril-de-saxofon-tenor-para-movil\\\/\",\"name\":\"Atril de Saxof\u00f3n Tenor para M\u00f3vil - 3DTONE\",\"isPartOf\":{\"@id\":\"https:\\\/\\\/3dtone.com\\\/#website\"},\"primaryImageOfPage\":{\"@id\":\"https:\\\/\\\/3dtone.com\\\/product\\\/atril-de-saxofon-tenor-para-movil\\\/#primaryimage\"},\"image\":{\"@id\":\"https:\\\/\\\/3dtone.com\\\/product\\\/atril-de-saxofon-tenor-para-movil\\\/#primaryimage\"},\"thumbnailUrl\":\"https:\\\/\\\/3dtone.com\\\/wp-content\\\/uploads\\\/2026\\\/01\\\/SAXO-TENOR-NEGRO.jpg\",\"datePublished\":\"2026-01-22T09:53:54+00:00\",\"dateModified\":\"2026-01-22T10:02:44+00:00\",\"description\":\"Este atril para saxof\u00f3n, ofrece estabilidad y adaptabilidad para cualquier saxofonista. Visualiza tus partituras digitales con tu m\u00f3vil.\",\"breadcrumb\":{\"@id\":\"https:\\\/\\\/3dtone.com\\\/product\\\/atril-de-saxofon-tenor-para-movil\\\/#breadcrumb\"},\"inLanguage\":\"es\",\"potentialAction\":[{\"@type\":\"ReadAction\",\"target\":[\"https:\\\/\\\/3dtone.com\\\/product\\\/atril-de-saxofon-tenor-para-movil\\\/\"]}]},{\"@type\":\"ImageObject\",\"inLanguage\":\"es\",\"@id\":\"https:\\\/\\\/3dtone.com\\\/product\\\/atril-de-saxofon-tenor-para-movil\\\/#primaryimage\",\"url\":\"https:\\\/\\\/3dtone.com\\\/wp-content\\\/uploads\\\/2026\\\/01\\\/SAXO-TENOR-NEGRO.jpg\",\"contentUrl\":\"https:\\\/\\\/3dtone.com\\\/wp-content\\\/uploads\\\/2026\\\/01\\\/SAXO-TENOR-NEGRO.jpg\",\"width\":1200,\"height\":1600,\"caption\":\"atril-saxo-tenor\"},{\"@type\":\"BreadcrumbList\",\"@id\":\"https:\\\/\\\/3dtone.com\\\/product\\\/atril-de-saxofon-tenor-para-movil\\\/#breadcrumb\",\"itemListElement\":[{\"@type\":\"ListItem\",\"position\":1,\"name\":\"Portada\",\"item\":\"https:\\\/\\\/3dtone.com\\\/\"},{\"@type\":\"ListItem\",\"position\":2,\"name\":\"Tienda\",\"item\":\"https:\\\/\\\/3dtone.com\\\/tienda\\\/\"},{\"@type\":\"ListItem\",\"position\":3,\"name\":\"Atril de Saxof\u00f3n Tenor para M\u00f3vil\"}]},{\"@type\":\"WebSite\",\"@id\":\"https:\\\/\\\/3dtone.com\\\/#website\",\"url\":\"https:\\\/\\\/3dtone.com\\\/\",\"name\":\"3DTONE\",\"description\":\"Accesorios musicales\",\"publisher\":{\"@id\":\"https:\\\/\\\/3dtone.com\\\/#organization\"},\"potentialAction\":[{\"@type\":\"SearchAction\",\"target\":{\"@type\":\"EntryPoint\",\"urlTemplate\":\"https:\\\/\\\/3dtone.com\\\/?s={search_term_string}\"},\"query-input\":{\"@type\":\"PropertyValueSpecification\",\"valueRequired\":true,\"valueName\":\"search_term_string\"}}],\"inLanguage\":\"es\"},{\"@type\":\"Organization\",\"@id\":\"https:\\\/\\\/3dtone.com\\\/#organization\",\"name\":\"3DTONE\",\"url\":\"https:\\\/\\\/3dtone.com\\\/\",\"logo\":{\"@type\":\"ImageObject\",\"inLanguage\":\"es\",\"@id\":\"https:\\\/\\\/3dtone.com\\\/#\\\/schema\\\/logo\\\/image\\\/\",\"url\":\"https:\\\/\\\/3dtone.com\\\/wp-content\\\/uploads\\\/2025\\\/01\\\/cropped-instagram-06.png\",\"contentUrl\":\"https:\\\/\\\/3dtone.com\\\/wp-content\\\/uploads\\\/2025\\\/01\\\/cropped-instagram-06.png\",\"width\":1341,\"height\":911,\"caption\":\"3DTONE\"},\"image\":{\"@id\":\"https:\\\/\\\/3dtone.com\\\/#\\\/schema\\\/logo\\\/image\\\/\"}}]}<\/script>\n<!-- \/ Yoast SEO plugin. -->","yoast_head_json":{"title":"Atril de Saxof\u00f3n Tenor para M\u00f3vil - 3DTONE","description":"Este atril para saxof\u00f3n, ofrece estabilidad y adaptabilidad para cualquier saxofonista. Visualiza tus partituras digitales con tu m\u00f3vil.","robots":{"index":"index","follow":"follow","max-snippet":"max-snippet:-1","max-image-preview":"max-image-preview:large","max-video-preview":"max-video-preview:-1"},"canonical":"https:\/\/3dtone.com\/es\/product\/atril-de-saxofon-tenor-para-movil\/","og_locale":"es_ES","og_type":"article","og_title":"Atril de Saxof\u00f3n Tenor para M\u00f3vil - 3DTONE","og_description":"Este atril para saxof\u00f3n, ofrece estabilidad y adaptabilidad para cualquier saxofonista. Visualiza tus partituras digitales con tu m\u00f3vil.","og_url":"https:\/\/3dtone.com\/es\/product\/atril-de-saxofon-tenor-para-movil\/","og_site_name":"3DTONE","article_modified_time":"2026-01-22T10:02:44+00:00","og_image":[{"width":1200,"height":1600,"url":"https:\/\/3dtone.com\/wp-content\/uploads\/2026\/01\/SAXO-TENOR-NEGRO.jpg","type":"image\/jpeg"}],"twitter_card":"summary_large_image","schema":{"@context":"https:\/\/schema.org","@graph":[{"@type":"WebPage","@id":"https:\/\/3dtone.com\/product\/atril-de-saxofon-tenor-para-movil\/","url":"https:\/\/3dtone.com\/product\/atril-de-saxofon-tenor-para-movil\/","name":"Atril de Saxof\u00f3n Tenor para M\u00f3vil - 3DTONE","isPartOf":{"@id":"https:\/\/3dtone.com\/#website"},"primaryImageOfPage":{"@id":"https:\/\/3dtone.com\/product\/atril-de-saxofon-tenor-para-movil\/#primaryimage"},"image":{"@id":"https:\/\/3dtone.com\/product\/atril-de-saxofon-tenor-para-movil\/#primaryimage"},"thumbnailUrl":"https:\/\/3dtone.com\/wp-content\/uploads\/2026\/01\/SAXO-TENOR-NEGRO.jpg","datePublished":"2026-01-22T09:53:54+00:00","dateModified":"2026-01-22T10:02:44+00:00","description":"Este atril para saxof\u00f3n, ofrece estabilidad y adaptabilidad para cualquier saxofonista. Visualiza tus partituras digitales con tu m\u00f3vil.","breadcrumb":{"@id":"https:\/\/3dtone.com\/product\/atril-de-saxofon-tenor-para-movil\/#breadcrumb"},"inLanguage":"es","potentialAction":[{"@type":"ReadAction","target":["https:\/\/3dtone.com\/product\/atril-de-saxofon-tenor-para-movil\/"]}]},{"@type":"ImageObject","inLanguage":"es","@id":"https:\/\/3dtone.com\/product\/atril-de-saxofon-tenor-para-movil\/#primaryimage","url":"https:\/\/3dtone.com\/wp-content\/uploads\/2026\/01\/SAXO-TENOR-NEGRO.jpg","contentUrl":"https:\/\/3dtone.com\/wp-content\/uploads\/2026\/01\/SAXO-TENOR-NEGRO.jpg","width":1200,"height":1600,"caption":"atril-saxo-tenor"},{"@type":"BreadcrumbList","@id":"https:\/\/3dtone.com\/product\/atril-de-saxofon-tenor-para-movil\/#breadcrumb","itemListElement":[{"@type":"ListItem","position":1,"name":"Portada","item":"https:\/\/3dtone.com\/"},{"@type":"ListItem","position":2,"name":"Tienda","item":"https:\/\/3dtone.com\/tienda\/"},{"@type":"ListItem","position":3,"name":"Atril de Saxof\u00f3n Tenor para M\u00f3vil"}]},{"@type":"WebSite","@id":"https:\/\/3dtone.com\/#website","url":"https:\/\/3dtone.com\/","name":"3DTONE","description":"Accesorios musicales","publisher":{"@id":"https:\/\/3dtone.com\/#organization"},"potentialAction":[{"@type":"SearchAction","target":{"@type":"EntryPoint","urlTemplate":"https:\/\/3dtone.com\/?s={search_term_string}"},"query-input":{"@type":"PropertyValueSpecification","valueRequired":true,"valueName":"search_term_string"}}],"inLanguage":"es"},{"@type":"Organization","@id":"https:\/\/3dtone.com\/#organization","name":"3DTONE","url":"https:\/\/3dtone.com\/","logo":{"@type":"ImageObject","inLanguage":"es","@id":"https:\/\/3dtone.com\/#\/schema\/logo\/image\/","url":"https:\/\/3dtone.com\/wp-content\/uploads\/2025\/01\/cropped-instagram-06.png","contentUrl":"https:\/\/3dtone.com\/wp-content\/uploads\/2025\/01\/cropped-instagram-06.png","width":1341,"height":911,"caption":"3DTONE"},"image":{"@id":"https:\/\/3dtone.com\/#\/schema\/logo\/image\/"}}]}},"_links":{"self":[{"href":"https:\/\/3dtone.com\/es\/wp-json\/wp\/v2\/product\/25759","targetHints":{"allow":["GET"]}}],"collection":[{"href":"https:\/\/3dtone.com\/es\/wp-json\/wp\/v2\/product"}],"about":[{"href":"https:\/\/3dtone.com\/es\/wp-json\/wp\/v2\/types\/product"}],"replies":[{"embeddable":true,"href":"https:\/\/3dtone.com\/es\/wp-json\/wp\/v2\/comments?post=25759"}],"version-history":[{"count":0,"href":"https:\/\/3dtone.com\/es\/wp-json\/wp\/v2\/product\/25759\/revisions"}],"wp:featuredmedia":[{"embeddable":true,"href":"https:\/\/3dtone.com\/es\/wp-json\/wp\/v2\/media\/25769"}],"wp:attachment":[{"href":"https:\/\/3dtone.com\/es\/wp-json\/wp\/v2\/media?parent=25759"}],"wp:term":[{"taxonomy":"product_brand","embeddable":true,"href":"https:\/\/3dtone.com\/es\/wp-json\/wp\/v2\/product_brand?post=25759"},{"taxonomy":"product_cat","embeddable":true,"href":"https:\/\/3dtone.com\/es\/wp-json\/wp\/v2\/product_cat?post=25759"},{"taxonomy":"product_tag","embeddable":true,"href":"https:\/\/3dtone.com\/es\/wp-json\/wp\/v2\/product_tag?post=25759"}],"curies":[{"name":"wp","href":"https:\/\/api.w.org\/{rel}","templated":true}]}}