{"id":916,"date":"2025-01-17T13:31:06","date_gmt":"2025-01-17T12:31:06","guid":{"rendered":"https:\/\/3dtone.com\/?page_id=916"},"modified":"2025-01-17T13:31:34","modified_gmt":"2025-01-17T12:31:34","slug":"terminos-y-condiciones","status":"publish","type":"page","link":"https:\/\/3dtone.com\/fr\/terminos-y-condiciones\/","title":{"rendered":"Conditions g\u00e9n\u00e9rales d'utilisation"},"content":{"rendered":"<div data-elementor-type=\"wp-page\" data-elementor-id=\"916\" class=\"elementor elementor-916\" data-elementor-post-type=\"page\">\n\t\t\t\t\t\t<section class=\"elementor-section elementor-top-section elementor-element elementor-element-97281d3 elementor-section-boxed elementor-section-height-default elementor-section-height-default\" data-id=\"97281d3\" data-element_type=\"section\" data-e-type=\"section\" data-settings=\"{&quot;background_background&quot;:&quot;classic&quot;}\">\n\t\t\t\t\t\t<div class=\"elementor-container elementor-column-gap-default\">\n\t\t\t\t\t<div class=\"elementor-column elementor-col-100 elementor-top-column elementor-element elementor-element-40b8e8d\" data-id=\"40b8e8d\" data-element_type=\"column\" data-e-type=\"column\">\n\t\t\t<div class=\"elementor-widget-wrap elementor-element-populated\">\n\t\t\t\t\t\t<div class=\"elementor-element elementor-element-de254e1 elementor-mobile-align-center elementor-icon-list--layout-inline elementor-align-center elementor-list-item-link-full_width elementor-widget elementor-widget-icon-list\" data-id=\"de254e1\" data-element_type=\"widget\" data-e-type=\"widget\" data-widget_type=\"icon-list.default\">\n\t\t\t\t<div class=\"elementor-widget-container\">\n\t\t\t\t\t\t\t<ul class=\"elementor-icon-list-items elementor-inline-items\">\n\t\t\t\t\t\t\t<li class=\"elementor-icon-list-item elementor-inline-item\">\n\t\t\t\t\t\t\t\t\t\t\t<a href=\"https:\/\/3dtone.com\/fr\">\n\n\t\t\t\t\t\t\t\t\t\t\t<span class=\"elementor-icon-list-text\">Accueil<\/span>\n\t\t\t\t\t\t\t\t\t\t\t<\/a>\n\t\t\t\t\t\t\t\t\t<\/li>\n\t\t\t\t\t\t\t\t<li class=\"elementor-icon-list-item elementor-inline-item\">\n\t\t\t\t\t\t\t\t\t\t\t<span class=\"elementor-icon-list-icon\">\n\t\t\t\t\t\t\t<i aria-hidden=\"true\" class=\"material-icons md-call_made\" data-md-icon=\"call_made\"><\/i>\t\t\t\t\t\t<\/span>\n\t\t\t\t\t\t\t\t\t\t<span class=\"elementor-icon-list-text\"><\/span>\n\t\t\t\t\t\t\t\t\t<\/li>\n\t\t\t\t\t\t<\/ul>\n\t\t\t\t\t\t<\/div>\n\t\t\t\t<\/div>\n\t\t\t\t<div class=\"elementor-element elementor-element-0db928a elementor-widget-divider--view-line elementor-widget elementor-widget-divider\" data-id=\"0db928a\" data-element_type=\"widget\" data-e-type=\"widget\" data-widget_type=\"divider.default\">\n\t\t\t\t<div class=\"elementor-widget-container\">\n\t\t\t\t\t\t\t<div class=\"elementor-divider\">\n\t\t\t<span class=\"elementor-divider-separator\">\n\t\t\t\t\t\t<\/span>\n\t\t<\/div>\n\t\t\t\t\t\t<\/div>\n\t\t\t\t<\/div>\n\t\t\t\t\t<\/div>\n\t\t<\/div>\n\t\t\t\t\t<\/div>\n\t\t<\/section>\n\t\t<div class=\"elementor-element elementor-element-7a348f2 e-flex e-con-boxed e-con e-parent\" data-id=\"7a348f2\" data-element_type=\"container\" data-e-type=\"container\">\n\t\t\t\t\t<div class=\"e-con-inner\">\n\t\t\t\t<div class=\"elementor-element elementor-element-ccd3db5 elementor-widget elementor-widget-text-editor\" data-id=\"ccd3db5\" data-element_type=\"widget\" data-e-type=\"widget\" data-widget_type=\"text-editor.default\">\n\t\t\t\t<div class=\"elementor-widget-container\">\n\t\t\t\t\t\t\t\t\t<p data-pm-slice=\"1 1 []\"><strong>1) Informations g\u00e9n\u00e9rales<\/strong><\/p><p>Ces termes et conditions r\u00e9gissent l'utilisation du site web de 3dTone S.L., ci-apr\u00e8s \"le site web\", dont la propri\u00e9t\u00e9 correspond \u00e0 :<\/p><ul data-spread=\"false\"><li><p>Nom : 3dTone S.L.<\/p><\/li><li><p>NUM\u00c9RO DE TVA : B75531822<\/p><\/li><li><p>Adresse : C\/ del Algar n47, 46688 Poliny\u00e0 del X\u00faquer, Valencia, Espagne<\/p><\/li><li><p>Courriel : <a>3dTone.contacto@gmail.com<\/a><\/p><\/li><\/ul><p>En utilisant ce site web, vous acceptez les pr\u00e9sentes conditions dans leur int\u00e9gralit\u00e9. Si vous n'\u00eates pas d'accord avec l'une des dispositions \u00e9nonc\u00e9es ici, nous vous recommandons de ne pas utiliser ce site web.<\/p><p><strong>2. Produits et services<\/strong><\/p><p>3dTone S.L. propose des produits li\u00e9s \u00e0 la conception et \u00e0 la fabrication 3D. Nous nous r\u00e9servons le droit de modifier ou d'interrompre tout produit ou service sans pr\u00e9avis.<\/p><p><strong>3. Politique de retour<\/strong><\/p><p>Notre politique de retour est la suivante :<\/p><ul data-spread=\"false\"><li><p><strong>P\u00e9riode de remboursement<\/strong>Les produits peuvent \u00eatre retourn\u00e9s dans les 20 jours suivant la livraison.<\/p><\/li><li><p><strong>Conditions<\/strong>Les produits doivent \u00eatre dans leur \u00e9tat d'origine, non utilis\u00e9s et dans leur emballage d'origine.<\/p><\/li><li><p><strong>Frais de retour<\/strong>Les frais de retour sont \u00e0 la charge du client, sauf dans les cas suivants :<\/p><ul data-spread=\"false\"><li><p>Le produit pr\u00e9sente un d\u00e9faut de fabrication.<\/p><\/li><li><p>Une erreur a \u00e9t\u00e9 commise de notre part.<\/p><\/li><\/ul><\/li><li><p><strong>Proc\u00e9dure de retour<\/strong>:<\/p><ol start=\"1\" data-spread=\"false\"><li><p>Contactez notre \u00e9quipe par email <a>3dTone.contacto@gmail.com<\/a> avec les d\u00e9tails de votre commande et la raison du retour.<\/p><\/li><li><p>Une fois la proc\u00e9dure approuv\u00e9e, vous recevrez des instructions sur la mani\u00e8re d'envoyer le produit retourn\u00e9.<\/p><\/li><li><p>D\u00e8s r\u00e9ception et v\u00e9rification du produit, nous proc\u00e9derons au remboursement en utilisant le m\u00eame mode de paiement que celui utilis\u00e9 lors de l'achat initial.<\/p><\/li><\/ol><\/li><li><p><strong>Exclusions<\/strong>Les produits personnalis\u00e9s ne peuvent en aucun cas \u00eatre retourn\u00e9s.<\/p><\/li><\/ul><p><strong>4. Propri\u00e9t\u00e9 intellectuelle<\/strong><\/p><p>Tous les contenus du site web, y compris les textes, les images, les graphiques, les logos et les dessins, sont la propri\u00e9t\u00e9 de 3dTone S.L. ou de ses conc\u00e9dants et sont prot\u00e9g\u00e9s par les lois sur la propri\u00e9t\u00e9 intellectuelle. Leur reproduction, distribution ou modification sans l'accord \u00e9crit pr\u00e9alable de 3dTone S.L. est interdite.<\/p><p><strong>5. Limitation de la responsabilit\u00e9<\/strong><\/p><p>3dTone S.L. ne sera pas responsable des dommages ou pertes r\u00e9sultant de l'utilisation du site Web, y compris les erreurs techniques, les interruptions de service ou les inexactitudes dans le contenu, sauf si la loi applicable l'exige.<\/p><p><strong>6. Droit applicable et juridiction<\/strong><\/p><p>Ces termes et conditions sont r\u00e9gis par la loi espagnole. Pour tout litige relatif \u00e0 l'utilisation du site Web ou aux services offerts, les parties se soumettent \u00e0 la juridiction des cours et tribunaux de Valence, en Espagne.<\/p><p><strong>7. Contact<\/strong><\/p><p>Si vous avez des questions concernant ces conditions g\u00e9n\u00e9rales, vous pouvez nous contacter par courrier \u00e9lectronique \u00e0 l'adresse suivante <a>3dTone.contacto@gmail.com<\/a>.<\/p>\t\t\t\t\t\t\t\t<\/div>\n\t\t\t\t<\/div>\n\t\t\t\t\t<\/div>\n\t\t\t\t<\/div>\n\t\t\t\t<\/div>","protected":false},"excerpt":{"rendered":"<p>Inicio 1. Informaci\u00f3n General Estos t\u00e9rminos y condiciones regulan el uso del sitio web de 3dTone S.L., en adelante \u00abel Sitio Web\u00bb, cuya titularidad corresponde a: Nombre: 3dTone S.L. CIF: B75531822 Direcci\u00f3n: C\/ del Algar n47, 46688 Poliny\u00e0 del X\u00faquer, Valencia, Espa\u00f1a Email: 3dTone.contacto@gmail.com Al utilizar este Sitio Web, aceptas los presentes t\u00e9rminos y condiciones [&hellip;]<\/p>\n","protected":false},"author":2,"featured_media":0,"parent":0,"menu_order":0,"comment_status":"closed","ping_status":"closed","template":"elementor_header_footer","meta":{"_joinchat":[],"footnotes":""},"class_list":["post-916","page","type-page","status-publish","hentry"],"yoast_head":"<!-- This site is optimized with the Yoast SEO plugin v27.1.1 - https:\/\/yoast.com\/product\/yoast-seo-wordpress\/ -->\n<title>T\u00e9rminos y condiciones - 3DTONE<\/title>\n<meta name=\"robots\" content=\"noindex, follow\" \/>\n<meta property=\"og:locale\" content=\"fr_FR\" \/>\n<meta property=\"og:type\" content=\"article\" \/>\n<meta property=\"og:title\" content=\"T\u00e9rminos y condiciones - 3DTONE\" \/>\n<meta property=\"og:description\" content=\"Inicio 1. Informaci\u00f3n General Estos t\u00e9rminos y condiciones regulan el uso del sitio web de 3dTone S.L., en adelante \u00abel Sitio Web\u00bb, cuya titularidad corresponde a: Nombre: 3dTone S.L. CIF: B75531822 Direcci\u00f3n: C\/ del Algar n47, 46688 Poliny\u00e0 del X\u00faquer, Valencia, Espa\u00f1a Email: 3dTone.contacto@gmail.com Al utilizar este Sitio Web, aceptas los presentes t\u00e9rminos y condiciones [&hellip;]\" \/>\n<meta property=\"og:url\" content=\"https:\/\/3dtone.com\/fr\/terminos-y-condiciones\/\" \/>\n<meta property=\"og:site_name\" content=\"3DTONE\" \/>\n<meta property=\"article:modified_time\" content=\"2025-01-17T12:31:34+00:00\" \/>\n<meta property=\"og:image\" content=\"https:\/\/3dtone.com\/wp-content\/uploads\/2025\/01\/logo-mail.png\" \/>\n\t<meta property=\"og:image:width\" content=\"103\" \/>\n\t<meta property=\"og:image:height\" content=\"74\" \/>\n\t<meta property=\"og:image:type\" content=\"image\/png\" \/>\n<meta name=\"twitter:card\" content=\"summary_large_image\" \/>\n<script type=\"application\/ld+json\" class=\"yoast-schema-graph\">{\"@context\":\"https:\/\/schema.org\",\"@graph\":[{\"@type\":\"WebPage\",\"@id\":\"https:\/\/3dtone.com\/terminos-y-condiciones\/\",\"url\":\"https:\/\/3dtone.com\/terminos-y-condiciones\/\",\"name\":\"T\u00e9rminos y condiciones - 3DTONE\",\"isPartOf\":{\"@id\":\"https:\/\/3dtone.com\/#website\"},\"datePublished\":\"2025-01-17T12:31:06+00:00\",\"dateModified\":\"2025-01-17T12:31:34+00:00\",\"breadcrumb\":{\"@id\":\"https:\/\/3dtone.com\/terminos-y-condiciones\/#breadcrumb\"},\"inLanguage\":\"fr-FR\",\"potentialAction\":[{\"@type\":\"ReadAction\",\"target\":[\"https:\/\/3dtone.com\/terminos-y-condiciones\/\"]}]},{\"@type\":\"BreadcrumbList\",\"@id\":\"https:\/\/3dtone.com\/terminos-y-condiciones\/#breadcrumb\",\"itemListElement\":[{\"@type\":\"ListItem\",\"position\":1,\"name\":\"Portada\",\"item\":\"https:\/\/3dtone.com\/es\/\"},{\"@type\":\"ListItem\",\"position\":2,\"name\":\"T\u00e9rminos y condiciones\"}]},{\"@type\":\"WebSite\",\"@id\":\"https:\/\/3dtone.com\/#website\",\"url\":\"https:\/\/3dtone.com\/\",\"name\":\"3DTONE\",\"description\":\"Accesorios musicales\",\"publisher\":{\"@id\":\"https:\/\/3dtone.com\/#organization\"},\"potentialAction\":[{\"@type\":\"SearchAction\",\"target\":{\"@type\":\"EntryPoint\",\"urlTemplate\":\"https:\/\/3dtone.com\/?s={search_term_string}\"},\"query-input\":{\"@type\":\"PropertyValueSpecification\",\"valueRequired\":true,\"valueName\":\"search_term_string\"}}],\"inLanguage\":\"fr-FR\"},{\"@type\":\"Organization\",\"@id\":\"https:\/\/3dtone.com\/#organization\",\"name\":\"3DTONE\",\"url\":\"https:\/\/3dtone.com\/\",\"logo\":{\"@type\":\"ImageObject\",\"inLanguage\":\"fr-FR\",\"@id\":\"https:\/\/3dtone.com\/#\/schema\/logo\/image\/\",\"url\":\"https:\/\/3dtone.com\/wp-content\/uploads\/2025\/01\/cropped-instagram-06.png\",\"contentUrl\":\"https:\/\/3dtone.com\/wp-content\/uploads\/2025\/01\/cropped-instagram-06.png\",\"width\":1341,\"height\":911,\"caption\":\"3DTONE\"},\"image\":{\"@id\":\"https:\/\/3dtone.com\/#\/schema\/logo\/image\/\"}}]}<\/script>\n<!-- \/ Yoast SEO plugin. -->","yoast_head_json":{"title":"T\u00e9rminos y condiciones - 3DTONE","robots":{"index":"noindex","follow":"follow"},"og_locale":"fr_FR","og_type":"article","og_title":"T\u00e9rminos y condiciones - 3DTONE","og_description":"Inicio 1. Informaci\u00f3n General Estos t\u00e9rminos y condiciones regulan el uso del sitio web de 3dTone S.L., en adelante \u00abel Sitio Web\u00bb, cuya titularidad corresponde a: Nombre: 3dTone S.L. CIF: B75531822 Direcci\u00f3n: C\/ del Algar n47, 46688 Poliny\u00e0 del X\u00faquer, Valencia, Espa\u00f1a Email: 3dTone.contacto@gmail.com Al utilizar este Sitio Web, aceptas los presentes t\u00e9rminos y condiciones [&hellip;]","og_url":"https:\/\/3dtone.com\/fr\/terminos-y-condiciones\/","og_site_name":"3DTONE","article_modified_time":"2025-01-17T12:31:34+00:00","og_image":[{"width":103,"height":74,"url":"https:\/\/3dtone.com\/wp-content\/uploads\/2025\/01\/logo-mail.png","type":"image\/png"}],"twitter_card":"summary_large_image","schema":{"@context":"https:\/\/schema.org","@graph":[{"@type":"WebPage","@id":"https:\/\/3dtone.com\/terminos-y-condiciones\/","url":"https:\/\/3dtone.com\/terminos-y-condiciones\/","name":"T\u00e9rminos y condiciones - 3DTONE","isPartOf":{"@id":"https:\/\/3dtone.com\/#website"},"datePublished":"2025-01-17T12:31:06+00:00","dateModified":"2025-01-17T12:31:34+00:00","breadcrumb":{"@id":"https:\/\/3dtone.com\/terminos-y-condiciones\/#breadcrumb"},"inLanguage":"fr-FR","potentialAction":[{"@type":"ReadAction","target":["https:\/\/3dtone.com\/terminos-y-condiciones\/"]}]},{"@type":"BreadcrumbList","@id":"https:\/\/3dtone.com\/terminos-y-condiciones\/#breadcrumb","itemListElement":[{"@type":"ListItem","position":1,"name":"Portada","item":"https:\/\/3dtone.com\/es\/"},{"@type":"ListItem","position":2,"name":"T\u00e9rminos y condiciones"}]},{"@type":"WebSite","@id":"https:\/\/3dtone.com\/#website","url":"https:\/\/3dtone.com\/","name":"3DTONE","description":"Accessoires musicaux","publisher":{"@id":"https:\/\/3dtone.com\/#organization"},"potentialAction":[{"@type":"SearchAction","target":{"@type":"EntryPoint","urlTemplate":"https:\/\/3dtone.com\/?s={search_term_string}"},"query-input":{"@type":"PropertyValueSpecification","valueRequired":true,"valueName":"search_term_string"}}],"inLanguage":"fr-FR"},{"@type":"Organization","@id":"https:\/\/3dtone.com\/#organization","name":"3DTONE","url":"https:\/\/3dtone.com\/","logo":{"@type":"ImageObject","inLanguage":"fr-FR","@id":"https:\/\/3dtone.com\/#\/schema\/logo\/image\/","url":"https:\/\/3dtone.com\/wp-content\/uploads\/2025\/01\/cropped-instagram-06.png","contentUrl":"https:\/\/3dtone.com\/wp-content\/uploads\/2025\/01\/cropped-instagram-06.png","width":1341,"height":911,"caption":"3DTONE"},"image":{"@id":"https:\/\/3dtone.com\/#\/schema\/logo\/image\/"}}]}},"_links":{"self":[{"href":"https:\/\/3dtone.com\/fr\/wp-json\/wp\/v2\/pages\/916","targetHints":{"allow":["GET"]}}],"collection":[{"href":"https:\/\/3dtone.com\/fr\/wp-json\/wp\/v2\/pages"}],"about":[{"href":"https:\/\/3dtone.com\/fr\/wp-json\/wp\/v2\/types\/page"}],"author":[{"embeddable":true,"href":"https:\/\/3dtone.com\/fr\/wp-json\/wp\/v2\/users\/2"}],"replies":[{"embeddable":true,"href":"https:\/\/3dtone.com\/fr\/wp-json\/wp\/v2\/comments?post=916"}],"version-history":[{"count":7,"href":"https:\/\/3dtone.com\/fr\/wp-json\/wp\/v2\/pages\/916\/revisions"}],"predecessor-version":[{"id":923,"href":"https:\/\/3dtone.com\/fr\/wp-json\/wp\/v2\/pages\/916\/revisions\/923"}],"wp:attachment":[{"href":"https:\/\/3dtone.com\/fr\/wp-json\/wp\/v2\/media?parent=916"}],"curies":[{"name":"wp","href":"https:\/\/api.w.org\/{rel}","templated":true}]}}