{"id":800,"date":"2025-01-09T17:17:16","date_gmt":"2025-01-09T16:17:16","guid":{"rendered":"https:\/\/3dtone.com\/?post_type=product&#038;p=800"},"modified":"2026-04-28T11:48:18","modified_gmt":"2026-04-28T09:48:18","slug":"atril-trompeta-para-movil","status":"publish","type":"product","link":"https:\/\/3dtone.com\/fr\/product\/atril-trompeta-para-movil\/","title":{"rendered":"Support de trompette pour t\u00e9l\u00e9phones portables"},"content":{"rendered":"<p class=\"\" data-start=\"125\" data-end=\"343\">Le pr\u00e9sent<strong> Support de marche pour trompette<\/strong> se distingue par son<em> conception monobloc<\/em>fournir <em><strong>stabilit\u00e9<\/strong> <\/em>et le confort dans un format l\u00e9ger et facile \u00e0 transporter.<\/p>\n<p class=\"\" data-start=\"345\" data-end=\"554\">Assembl\u00e9e <em>rapide et facile<\/em>. Une fois en place, le pupitre reste fixe et s\u00fbr, optimisant votre exp\u00e9rience de jeu dans toutes les situations.<\/p>\n<p class=\"\" data-start=\"589\" data-end=\"758\">Sa face arri\u00e8re, visible par le public, est\u00a0<em><strong>personnalisable<\/strong><\/em>\u00a0avec des logos, des initiales ou des dessins sp\u00e9cifiques, ajoutant une touche unique et professionnelle au pupitre.<\/p>\n<p class=\"\" data-start=\"65\" data-end=\"371\">Comprend une feuille m\u00e9tallique adh\u00e9sive pour la fixer sur le bo\u00eetier de votre appareil mobile ou de votre livre \u00e9lectronique. Pour garantir les meilleures performances et la meilleure stabilit\u00e9, il est\u00a0<strong><em>fondamental<\/em><\/strong>\u00a0Le film ne doit pas \u00eatre en contact direct avec l'aimant du pupitre, c'est pourquoi nous recommandons de fixer le film directement sur le couvercle.<\/p>\n<p class=\"\" data-start=\"373\" data-end=\"477\">De plus, vous pouvez \u00eatre rassur\u00e9 :\u00a0<strong><em>l'aimant n'endommage pas la batterie de votre t\u00e9l\u00e9phone<\/em><\/strong>\u00a0et n'affecte pas son fonctionnement.<\/p>\n<hr \/>\n<h2>C\u00f3mo montar tu Atril de Trompeta para m\u00f3vil:<\/h2>\n<p><iframe title=\"Comment assembler le support de trompette &#039;Compact&#039; pour mobile et eBook : 3dTone\" width=\"800\" height=\"450\" src=\"https:\/\/www.youtube.com\/embed\/Oc6XFRktpc8?feature=oembed\" frameborder=\"0\" allow=\"accelerometer; autoplay; clipboard-write; encrypted-media; gyroscope; picture-in-picture; web-share\" referrerpolicy=\"strict-origin-when-cross-origin\" allowfullscreen><\/iframe><\/p>\n<hr \/>\n<h2 data-start=\"301\" data-end=\"370\"><strong data-start=\"306\" data-end=\"368\">\u00bfPor qu\u00e9 elegir el Atril de Trompeta Compacto para M\u00f3vil de 3dTone?<\/strong><\/h2>\n<p class=\"\" data-start=\"371\" data-end=\"618\">Les <strong data-start=\"374\" data-end=\"406\">Support de trompette pour t\u00e9l\u00e9phones portables<\/strong> de <strong data-start=\"410\" data-end=\"420\">3dTone<\/strong> a \u00e9t\u00e9 con\u00e7u en pensant au confort et \u00e0 la polyvalence des musiciens. Cet accessoire innovant vous permet de tenir votre appareil mobile tout en jouant, ce qui le rend id\u00e9al pour les r\u00e9p\u00e9titions, les concerts et les cours.<\/p>\n<p class=\"\" data-start=\"621\" data-end=\"681\">\u2705 <strong data-start=\"623\" data-end=\"645\">L\u00e9ger et compact :<\/strong> Facile \u00e0 transporter et \u00e0 stocker.<br \/>\n\u2705 <strong data-start=\"686\" data-end=\"704\">Ajustement s\u00fbr :<\/strong> Compatible avec la plupart des appareils mobiles et des trompettes.<\/p>\n<p class=\"\" data-start=\"860\" data-end=\"965\">Si vous \u00eates \u00e0 la recherche d'un pupitre qui r\u00e9ponde \u00e0 vos besoins en tant que trompettiste moderne, c'est celui qu'il vous faut !<\/p>\n<hr class=\"\" data-start=\"967\" data-end=\"970\" \/>\n<h2 data-start=\"972\" data-end=\"1031\"><strong data-start=\"977\" data-end=\"1029\">Avantages de notre support de trompette pour t\u00e9l\u00e9phones portables<\/strong><\/h2>\n<ul data-start=\"1032\" data-end=\"1379\">\n<li class=\"\" data-start=\"1032\" data-end=\"1113\">\n<p class=\"\" data-start=\"1034\" data-end=\"1113\"><strong data-start=\"1034\" data-end=\"1063\">Compatibilit\u00e9 universelle :<\/strong> Compatibilit\u00e9 avec tout type de t\u00e9l\u00e9phone portable ou d'appareil.<\/p>\n<\/li>\n<li class=\"\" data-start=\"1114\" data-end=\"1201\">\n<p class=\"\" data-start=\"1116\" data-end=\"1201\"><strong data-start=\"1116\" data-end=\"1147\">Montage et d\u00e9montage faciles :<\/strong> En quelques secondes, votre pupitre est pr\u00eat \u00e0 l'emploi.<\/p>\n<\/li>\n<li class=\"\" data-start=\"1202\" data-end=\"1271\">\n<p class=\"\" data-start=\"1204\" data-end=\"1271\"><strong data-start=\"1204\" data-end=\"1228\">Base antid\u00e9rapante :<\/strong> Assure la stabilit\u00e9 pendant l'utilisation.<\/p>\n<\/li>\n<\/ul>\n<p class=\"\" data-start=\"1381\" data-end=\"1521\">Ce pupitre est parfait pour les musiciens professionnels et les \u00e9tudiants en trompette qui ont besoin d'une solution pratique et efficace.<\/p>\n<hr class=\"\" data-start=\"2041\" data-end=\"2044\" \/>\n<h2 data-start=\"2046\" data-end=\"2132\"><strong data-start=\"2051\" data-end=\"2130\">Comment utiliser le support de trompette eBook lors de vos r\u00e9p\u00e9titions et concerts ?<\/strong><\/h2>\n<ol data-start=\"2133\" data-end=\"2541\">\n<li class=\"\" data-start=\"2133\" data-end=\"2233\">\n<p class=\"\" data-start=\"2136\" data-end=\"2233\"><strong data-start=\"2136\" data-end=\"2159\">Assemblage :<\/strong> Gr\u00e2ce au syst\u00e8me de charni\u00e8res, int\u00e9grez le pupitre \u00e0 votre trompette.<\/p>\n<\/li>\n<li class=\"\" data-start=\"2234\" data-end=\"2316\">\n<p class=\"\" data-start=\"2237\" data-end=\"2316\"><strong data-start=\"2237\" data-end=\"2259\">Feuille m\u00e9tallique : <\/strong>Collez la feuille m\u00e9tallique sur le bo\u00eetier de votre appareil.<\/p>\n<\/li>\n<li class=\"\" data-start=\"2234\" data-end=\"2316\">\n<p class=\"\" data-start=\"2237\" data-end=\"2316\"><strong data-start=\"2421\" data-end=\"2442\">Dispositif :<\/strong> Fixez l'appareil \u00e0 l'aimant. L'aimant doit entrer en contact avec la feuille m\u00e9tallique.<\/p>\n<\/li>\n<li class=\"\" data-start=\"2234\" data-end=\"2316\">\n<p class=\"\" data-start=\"2237\" data-end=\"2316\"><strong data-start=\"2421\" data-end=\"2442\">Score :<\/strong> Pr\u00e9parez la partition que vous allez \u00e9tudier ou jouer.<\/p>\n<\/li>\n<li class=\"\" data-start=\"2234\" data-end=\"2316\">\n<p class=\"\" data-start=\"2237\" data-end=\"2316\"><strong data-start=\"2526\" data-end=\"2539\">Jouons !<\/strong><\/p>\n<\/li>\n<\/ol>\n<hr class=\"\" data-start=\"2543\" data-end=\"2546\" \/>\n<h2 data-start=\"2548\" data-end=\"2617\"><strong data-start=\"2553\" data-end=\"2615\">Avis des musiciens sur le support de trompette pour t\u00e9l\u00e9phone portable<\/strong><\/h2>\n<p class=\"\" data-start=\"2618\" data-end=\"2821\">\ud83c\udfba <em data-start=\"2621\" data-end=\"2779\">\"Les pupitres 3DTONE sont exactement ce qu'il vous faut si vous voulez un pupitre simple \u00e0 utiliser avec votre t\u00e9l\u00e9phone portable ou votre ebook et vous \u00e9viter de transporter des papiers. Tr\u00e8s stable, personnalisable \u00e0 souhait et dot\u00e9 d'un aimant tr\u00e8s puissant en standard. La livraison est tr\u00e8s rapide !\"<\/em> &#8211; <strong data-start=\"2782\" data-end=\"2819\">Javi Daza, trompettiste professionnel<\/strong><\/p>\n<p data-start=\"2980\" data-end=\"3077\">\ud83d\udce2 <strong data-start=\"2988\" data-end=\"3012\">Avez-vous des doutes ?<\/strong> Voir la section <strong data-start=\"3036\" data-end=\"3060\">Questions fr\u00e9quemment pos\u00e9es<\/strong> ou nous contacter.<\/p>\n<hr class=\"\" data-start=\"3079\" data-end=\"3082\" \/>\n<h2 data-start=\"3084\" data-end=\"3153\"><strong data-start=\"3089\" data-end=\"3151\">Questions fr\u00e9quemment pos\u00e9es sur le support de trompette pour t\u00e9l\u00e9phone portable<\/strong><\/h2>\n<h3 data-start=\"3155\" data-end=\"3294\"><strong data-start=\"3155\" data-end=\"3216\">Le support de trompette mobile est-il compatible avec les trompettes de toutes marques ?<\/strong><\/h3>\n<p data-start=\"3155\" data-end=\"3294\">Oui, la conception universelle permet de l'adapter \u00e0 toutes les trompettes standard.<\/p>\n<h3 data-start=\"3573\" data-end=\"3669\"><strong data-start=\"3573\" data-end=\"3595\">Est-il assorti d'une garantie ?<\/strong><\/h3>\n<p data-start=\"3573\" data-end=\"3669\">Oui, il b\u00e9n\u00e9ficie d'une garantie de 2 ans contre les d\u00e9fauts de fabrication.<\/p>\n<p>&nbsp;<\/p>","protected":false},"excerpt":{"rendered":"<p><strong>Support pour t\u00e9l\u00e9phone portable<\/strong>con\u00e7u sp\u00e9cialement pour les trompettistes.<\/p>\n<p><em>Assemblage rapide<\/em>\u00a0en quelques secondes, id\u00e9al pour les r\u00e9p\u00e9titions et les concerts.<\/p>\n<p><em><strong>Personnalisable avec des logos ou des initiales<\/strong><\/em>\u00a0\u00e0 l'arri\u00e8re.<\/p>\n<p><strong>Comprend\u00a0<\/strong><em>feuille adh\u00e9sive<\/em>\u00a0pour se fixer sur le bo\u00eetier de l'appareil, assurant ainsi le meilleur contact avec l'aimant.<\/p>\n<p>*L'aimant n'endommage pas la batterie du t\u00e9l\u00e9phone portable.<\/p>","protected":false},"featured_media":1233,"comment_status":"closed","ping_status":"closed","template":"","meta":{"_joinchat":[]},"product_brand":[],"product_cat":[21,29,62],"product_tag":[],"class_list":{"0":"post-800","1":"product","2":"type-product","3":"status-publish","4":"has-post-thumbnail","6":"product_cat-accesorios-musicales","7":"product_cat-atril-para-movil-y-ebook","8":"product_cat-atriles-para-trompeta","10":"first","11":"instock","12":"taxable","13":"shipping-taxable","14":"purchasable","15":"product-type-variable"},"yoast_head":"<!-- This site is optimized with the Yoast SEO plugin v27.5 - https:\/\/yoast.com\/product\/yoast-seo-wordpress\/ -->\n<title>Atril de Trompeta para M\u00f3vil - 3DTONE<\/title>\n<meta name=\"description\" content=\"Descubre el atril compacto para trompeta de 3DTONE. Dise\u00f1o de una sola pieza, ligero y resistente, perfecto para m\u00fasicos. \u00a1Compra ahora!\" \/>\n<meta name=\"robots\" content=\"index, follow, max-snippet:-1, max-image-preview:large, max-video-preview:-1\" \/>\n<link rel=\"canonical\" href=\"https:\/\/3dtone.com\/fr\/produit-2\/atril-trompeta-para-movil\/\" \/>\n<meta property=\"og:locale\" content=\"fr_FR\" \/>\n<meta property=\"og:type\" content=\"article\" \/>\n<meta property=\"og:title\" content=\"Atril de Trompeta para M\u00f3vil - 3DTONE\" \/>\n<meta property=\"og:description\" content=\"Descubre el atril compacto para trompeta de 3DTONE. Dise\u00f1o de una sola pieza, ligero y resistente, perfecto para m\u00fasicos. \u00a1Compra ahora!\" \/>\n<meta property=\"og:url\" content=\"https:\/\/3dtone.com\/fr\/produit-2\/atril-trompeta-para-movil\/\" \/>\n<meta property=\"og:site_name\" content=\"3DTONE\" \/>\n<meta property=\"article:modified_time\" content=\"2026-04-28T09:48:18+00:00\" \/>\n<meta property=\"og:image\" content=\"https:\/\/3dtone.com\/wp-content\/uploads\/2025\/01\/ATRILES-3DTONE-55-scaled-e1739884302205.jpg\" \/>\n\t<meta property=\"og:image:width\" content=\"2313\" \/>\n\t<meta property=\"og:image:height\" content=\"2313\" \/>\n\t<meta property=\"og:image:type\" content=\"image\/jpeg\" \/>\n<meta name=\"twitter:card\" content=\"summary_large_image\" \/>\n<script type=\"application\/ld+json\" class=\"yoast-schema-graph\">{\"@context\":\"https:\\\/\\\/schema.org\",\"@graph\":[{\"@type\":\"WebPage\",\"@id\":\"https:\\\/\\\/3dtone.com\\\/product\\\/atril-trompeta-para-movil\\\/\",\"url\":\"https:\\\/\\\/3dtone.com\\\/product\\\/atril-trompeta-para-movil\\\/\",\"name\":\"Atril de Trompeta para M\u00f3vil - 3DTONE\",\"isPartOf\":{\"@id\":\"https:\\\/\\\/3dtone.com\\\/#website\"},\"primaryImageOfPage\":{\"@id\":\"https:\\\/\\\/3dtone.com\\\/product\\\/atril-trompeta-para-movil\\\/#primaryimage\"},\"image\":{\"@id\":\"https:\\\/\\\/3dtone.com\\\/product\\\/atril-trompeta-para-movil\\\/#primaryimage\"},\"thumbnailUrl\":\"https:\\\/\\\/3dtone.com\\\/wp-content\\\/uploads\\\/2025\\\/01\\\/ATRILES-3DTONE-55-scaled-e1739884302205.jpg\",\"datePublished\":\"2025-01-09T16:17:16+00:00\",\"dateModified\":\"2026-04-28T09:48:18+00:00\",\"description\":\"Descubre el atril compacto para trompeta de 3DTONE. Dise\u00f1o de una sola pieza, ligero y resistente, perfecto para m\u00fasicos. \u00a1Compra ahora!\",\"breadcrumb\":{\"@id\":\"https:\\\/\\\/3dtone.com\\\/product\\\/atril-trompeta-para-movil\\\/#breadcrumb\"},\"inLanguage\":\"fr-FR\",\"potentialAction\":[{\"@type\":\"ReadAction\",\"target\":[\"https:\\\/\\\/3dtone.com\\\/product\\\/atril-trompeta-para-movil\\\/\"]}]},{\"@type\":\"ImageObject\",\"inLanguage\":\"fr-FR\",\"@id\":\"https:\\\/\\\/3dtone.com\\\/product\\\/atril-trompeta-para-movil\\\/#primaryimage\",\"url\":\"https:\\\/\\\/3dtone.com\\\/wp-content\\\/uploads\\\/2025\\\/01\\\/ATRILES-3DTONE-55-scaled-e1739884302205.jpg\",\"contentUrl\":\"https:\\\/\\\/3dtone.com\\\/wp-content\\\/uploads\\\/2025\\\/01\\\/ATRILES-3DTONE-55-scaled-e1739884302205.jpg\",\"width\":2313,\"height\":2313,\"caption\":\"atril-trompeta-para-movil-3dtone\"},{\"@type\":\"BreadcrumbList\",\"@id\":\"https:\\\/\\\/3dtone.com\\\/product\\\/atril-trompeta-para-movil\\\/#breadcrumb\",\"itemListElement\":[{\"@type\":\"ListItem\",\"position\":1,\"name\":\"Portada\",\"item\":\"https:\\\/\\\/3dtone.com\\\/\"},{\"@type\":\"ListItem\",\"position\":2,\"name\":\"Tienda\",\"item\":\"https:\\\/\\\/3dtone.com\\\/tienda\\\/\"},{\"@type\":\"ListItem\",\"position\":3,\"name\":\"Atril de Trompeta para M\u00f3vil\"}]},{\"@type\":\"WebSite\",\"@id\":\"https:\\\/\\\/3dtone.com\\\/#website\",\"url\":\"https:\\\/\\\/3dtone.com\\\/\",\"name\":\"3DTONE\",\"description\":\"Accesorios musicales\",\"publisher\":{\"@id\":\"https:\\\/\\\/3dtone.com\\\/#organization\"},\"potentialAction\":[{\"@type\":\"SearchAction\",\"target\":{\"@type\":\"EntryPoint\",\"urlTemplate\":\"https:\\\/\\\/3dtone.com\\\/?s={search_term_string}\"},\"query-input\":{\"@type\":\"PropertyValueSpecification\",\"valueRequired\":true,\"valueName\":\"search_term_string\"}}],\"inLanguage\":\"fr-FR\"},{\"@type\":\"Organization\",\"@id\":\"https:\\\/\\\/3dtone.com\\\/#organization\",\"name\":\"3DTONE\",\"url\":\"https:\\\/\\\/3dtone.com\\\/\",\"logo\":{\"@type\":\"ImageObject\",\"inLanguage\":\"fr-FR\",\"@id\":\"https:\\\/\\\/3dtone.com\\\/#\\\/schema\\\/logo\\\/image\\\/\",\"url\":\"https:\\\/\\\/3dtone.com\\\/wp-content\\\/uploads\\\/2025\\\/01\\\/cropped-instagram-06.png\",\"contentUrl\":\"https:\\\/\\\/3dtone.com\\\/wp-content\\\/uploads\\\/2025\\\/01\\\/cropped-instagram-06.png\",\"width\":1341,\"height\":911,\"caption\":\"3DTONE\"},\"image\":{\"@id\":\"https:\\\/\\\/3dtone.com\\\/#\\\/schema\\\/logo\\\/image\\\/\"}}]}<\/script>\n<!-- \/ Yoast SEO plugin. -->","yoast_head_json":{"title":"Atril de Trompeta para M\u00f3vil - 3DTONE","description":"Descubre el atril compacto para trompeta de 3DTONE. Dise\u00f1o de una sola pieza, ligero y resistente, perfecto para m\u00fasicos. \u00a1Compra ahora!","robots":{"index":"index","follow":"follow","max-snippet":"max-snippet:-1","max-image-preview":"max-image-preview:large","max-video-preview":"max-video-preview:-1"},"canonical":"https:\/\/3dtone.com\/fr\/produit-2\/atril-trompeta-para-movil\/","og_locale":"fr_FR","og_type":"article","og_title":"Atril de Trompeta para M\u00f3vil - 3DTONE","og_description":"Descubre el atril compacto para trompeta de 3DTONE. Dise\u00f1o de una sola pieza, ligero y resistente, perfecto para m\u00fasicos. \u00a1Compra ahora!","og_url":"https:\/\/3dtone.com\/fr\/produit-2\/atril-trompeta-para-movil\/","og_site_name":"3DTONE","article_modified_time":"2026-04-28T09:48:18+00:00","og_image":[{"width":2313,"height":2313,"url":"https:\/\/3dtone.com\/wp-content\/uploads\/2025\/01\/ATRILES-3DTONE-55-scaled-e1739884302205.jpg","type":"image\/jpeg"}],"twitter_card":"summary_large_image","schema":{"@context":"https:\/\/schema.org","@graph":[{"@type":"WebPage","@id":"https:\/\/3dtone.com\/product\/atril-trompeta-para-movil\/","url":"https:\/\/3dtone.com\/product\/atril-trompeta-para-movil\/","name":"Atril de Trompeta para M\u00f3vil - 3DTONE","isPartOf":{"@id":"https:\/\/3dtone.com\/#website"},"primaryImageOfPage":{"@id":"https:\/\/3dtone.com\/product\/atril-trompeta-para-movil\/#primaryimage"},"image":{"@id":"https:\/\/3dtone.com\/product\/atril-trompeta-para-movil\/#primaryimage"},"thumbnailUrl":"https:\/\/3dtone.com\/wp-content\/uploads\/2025\/01\/ATRILES-3DTONE-55-scaled-e1739884302205.jpg","datePublished":"2025-01-09T16:17:16+00:00","dateModified":"2026-04-28T09:48:18+00:00","description":"Descubre el atril compacto para trompeta de 3DTONE. Dise\u00f1o de una sola pieza, ligero y resistente, perfecto para m\u00fasicos. \u00a1Compra ahora!","breadcrumb":{"@id":"https:\/\/3dtone.com\/product\/atril-trompeta-para-movil\/#breadcrumb"},"inLanguage":"fr-FR","potentialAction":[{"@type":"ReadAction","target":["https:\/\/3dtone.com\/product\/atril-trompeta-para-movil\/"]}]},{"@type":"ImageObject","inLanguage":"fr-FR","@id":"https:\/\/3dtone.com\/product\/atril-trompeta-para-movil\/#primaryimage","url":"https:\/\/3dtone.com\/wp-content\/uploads\/2025\/01\/ATRILES-3DTONE-55-scaled-e1739884302205.jpg","contentUrl":"https:\/\/3dtone.com\/wp-content\/uploads\/2025\/01\/ATRILES-3DTONE-55-scaled-e1739884302205.jpg","width":2313,"height":2313,"caption":"atril-trompeta-para-movil-3dtone"},{"@type":"BreadcrumbList","@id":"https:\/\/3dtone.com\/product\/atril-trompeta-para-movil\/#breadcrumb","itemListElement":[{"@type":"ListItem","position":1,"name":"Portada","item":"https:\/\/3dtone.com\/"},{"@type":"ListItem","position":2,"name":"Tienda","item":"https:\/\/3dtone.com\/tienda\/"},{"@type":"ListItem","position":3,"name":"Atril de Trompeta para M\u00f3vil"}]},{"@type":"WebSite","@id":"https:\/\/3dtone.com\/#website","url":"https:\/\/3dtone.com\/","name":"3DTONE","description":"Accessoires musicaux","publisher":{"@id":"https:\/\/3dtone.com\/#organization"},"potentialAction":[{"@type":"SearchAction","target":{"@type":"EntryPoint","urlTemplate":"https:\/\/3dtone.com\/?s={search_term_string}"},"query-input":{"@type":"PropertyValueSpecification","valueRequired":true,"valueName":"search_term_string"}}],"inLanguage":"fr-FR"},{"@type":"Organization","@id":"https:\/\/3dtone.com\/#organization","name":"3DTONE","url":"https:\/\/3dtone.com\/","logo":{"@type":"ImageObject","inLanguage":"fr-FR","@id":"https:\/\/3dtone.com\/#\/schema\/logo\/image\/","url":"https:\/\/3dtone.com\/wp-content\/uploads\/2025\/01\/cropped-instagram-06.png","contentUrl":"https:\/\/3dtone.com\/wp-content\/uploads\/2025\/01\/cropped-instagram-06.png","width":1341,"height":911,"caption":"3DTONE"},"image":{"@id":"https:\/\/3dtone.com\/#\/schema\/logo\/image\/"}}]}},"_links":{"self":[{"href":"https:\/\/3dtone.com\/fr\/wp-json\/wp\/v2\/product\/800","targetHints":{"allow":["GET"]}}],"collection":[{"href":"https:\/\/3dtone.com\/fr\/wp-json\/wp\/v2\/product"}],"about":[{"href":"https:\/\/3dtone.com\/fr\/wp-json\/wp\/v2\/types\/product"}],"replies":[{"embeddable":true,"href":"https:\/\/3dtone.com\/fr\/wp-json\/wp\/v2\/comments?post=800"}],"version-history":[{"count":1,"href":"https:\/\/3dtone.com\/fr\/wp-json\/wp\/v2\/product\/800\/revisions"}],"predecessor-version":[{"id":44156,"href":"https:\/\/3dtone.com\/fr\/wp-json\/wp\/v2\/product\/800\/revisions\/44156"}],"wp:featuredmedia":[{"embeddable":true,"href":"https:\/\/3dtone.com\/fr\/wp-json\/wp\/v2\/media\/1233"}],"wp:attachment":[{"href":"https:\/\/3dtone.com\/fr\/wp-json\/wp\/v2\/media?parent=800"}],"wp:term":[{"taxonomy":"product_brand","embeddable":true,"href":"https:\/\/3dtone.com\/fr\/wp-json\/wp\/v2\/product_brand?post=800"},{"taxonomy":"product_cat","embeddable":true,"href":"https:\/\/3dtone.com\/fr\/wp-json\/wp\/v2\/product_cat?post=800"},{"taxonomy":"product_tag","embeddable":true,"href":"https:\/\/3dtone.com\/fr\/wp-json\/wp\/v2\/product_tag?post=800"}],"curies":[{"name":"wp","href":"https:\/\/api.w.org\/{rel}","templated":true}]}}