{"id":26475,"date":"2026-04-02T12:36:09","date_gmt":"2026-04-02T10:36:09","guid":{"rendered":"https:\/\/3dtone.com\/?post_type=product&#038;p=26475"},"modified":"2026-04-02T13:01:16","modified_gmt":"2026-04-02T11:01:16","slug":"atril-de-fliscorno-para-movil","status":"publish","type":"product","link":"https:\/\/3dtone.com\/it\/product\/atril-de-fliscorno-para-movil\/","title":{"rendered":"Atril de Fliscorno para M\u00f3vil"},"content":{"rendered":"<p class=\"\" data-start=\"125\" data-end=\"343\">Questo<strong> Atril de Marcha para Fliscorno <\/strong>si distingue per la sua<em> design monopezzo<\/em>fornendo <em><strong>stabilit\u00e0<\/strong> <\/em>e comfort in un formato leggero e facile da trasportare.<\/p>\n<p class=\"\" data-start=\"345\" data-end=\"554\">Montaggio <em>facile e veloce<\/em>. Una volta posizionato, il leggio rimane fisso e sicuro, ottimizzando l'esperienza esecutiva in qualsiasi situazione.<\/p>\n<p class=\"\" data-start=\"589\" data-end=\"758\">Il suo lato posteriore, visibile al pubblico, \u00e8\u00a0<em><strong>personalizzabile<\/strong><\/em>\u00a0con loghi, iniziali o disegni specifici, aggiungendo un tocco unico e professionale al leggio.<\/p>\n<p class=\"\" data-start=\"65\" data-end=\"371\">Include un foglio adesivo metallico per attaccarlo alla custodia del dispositivo mobile o dell'eBook. Per garantire le migliori prestazioni e la migliore stabilit\u00e0, \u00e8\u00a0<strong><em>fondamentale<\/em><\/strong>\u00a0La pellicola non deve essere a contatto diretto con il magnete del leggio, per cui si consiglia di fissarla direttamente al coperchio.<\/p>\n<p class=\"\" data-start=\"373\" data-end=\"477\">Inoltre, potete stare tranquilli:\u00a0<strong><em>il magnete non danneggia la batteria del telefono<\/em><\/strong>\u00a0e non influisce sul suo funzionamento.<\/p>\n<hr \/>\n<h2>C\u00f3mo montar tu Atril de Fliscorno para m\u00f3vil:<\/h2>\n<hr \/>\n<h2 data-start=\"301\" data-end=\"370\"><strong data-start=\"306\" data-end=\"368\">\u00bfPor qu\u00e9 elegir el Atril de Fliscorno para M\u00f3vil de 3DTONE?<\/strong><\/h2>\n<p class=\"\" data-start=\"371\" data-end=\"618\">Il <strong data-start=\"374\" data-end=\"406\">Atril de Fliscorno para M\u00f3vil<\/strong> da <b>3DTONE <\/b>\u00e8 stato progettato pensando al comfort e alla versatilit\u00e0 dei musicisti. Questo innovativo accessorio consente di tenere il proprio dispositivo mobile mentre si suona, rendendolo ideale per prove, concerti e lezioni.<\/p>\n<p class=\"\" data-start=\"621\" data-end=\"681\">\u2705 <strong data-start=\"623\" data-end=\"645\">Leggero e compatto:<\/strong> Facile da trasportare e conservare.<br \/>\n\u2705 <strong data-start=\"686\" data-end=\"704\">Vestibilit\u00e0 sicura:<\/strong> Compatible con la mayor\u00eda de dispositivos m\u00f3viles y fliscornos.<\/p>\n<p class=\"\" data-start=\"860\" data-end=\"965\">Si buscas un atril que se adapte a tus necesidades como fliscorno moderno, \u00a1este es el ideal para ti!<\/p>\n<hr class=\"\" data-start=\"967\" data-end=\"970\" \/>\n<h2 data-start=\"972\" data-end=\"1031\"><strong data-start=\"977\" data-end=\"1029\">Ventajas de nuestro Atril de Fliscorno para ebook<\/strong><\/h2>\n<ul data-start=\"1032\" data-end=\"1379\">\n<li class=\"\" data-start=\"1032\" data-end=\"1113\">\n<p class=\"\" data-start=\"1034\" data-end=\"1113\"><strong data-start=\"1034\" data-end=\"1063\">Compatibilit\u00e0 universale:<\/strong> Compatibilit\u00e0 con qualsiasi tipo di telefono cellulare o dispositivo.<\/p>\n<\/li>\n<li class=\"\" data-start=\"1114\" data-end=\"1201\">\n<p class=\"\" data-start=\"1116\" data-end=\"1201\"><strong data-start=\"1116\" data-end=\"1147\">Facilit\u00e0 di montaggio e smontaggio:<\/strong> In pochi secondi avrete il vostro leggio pronto all'uso.<\/p>\n<\/li>\n<li class=\"\" data-start=\"1202\" data-end=\"1271\">\n<p class=\"\" data-start=\"1204\" data-end=\"1271\"><strong data-start=\"1204\" data-end=\"1228\">Base antiscivolo:<\/strong> Assicura la stabilit\u00e0 durante l'uso.<\/p>\n<\/li>\n<\/ul>\n<p class=\"\" data-start=\"1381\" data-end=\"1521\">Questo leggio \u00e8 perfetto sia per i musicisti professionisti che per gli studenti di tromba che necessitano di una soluzione pratica ed efficiente.<\/p>\n<hr class=\"\" data-start=\"2041\" data-end=\"2044\" \/>\n<h2 data-start=\"2046\" data-end=\"2132\"><strong data-start=\"2051\" data-end=\"2130\">\u00bfC\u00f3mo utilizar el Atril de Fliscorno de marcha en tus ensayos y conciertos?<\/strong><\/h2>\n<ol data-start=\"2133\" data-end=\"2541\">\n<li class=\"\" data-start=\"2133\" data-end=\"2233\">\n<p class=\"\" data-start=\"2136\" data-end=\"2233\"><strong data-start=\"2136\" data-end=\"2159\">Montaggio:<\/strong> Mediante el sistema de bisagra, incorpora el atril en tu fliscorno.<\/p>\n<\/li>\n<li class=\"\" data-start=\"2234\" data-end=\"2316\">\n<p class=\"\" data-start=\"2237\" data-end=\"2316\"><strong data-start=\"2237\" data-end=\"2259\">Foglio metallico: <\/strong>Incollare la pellicola metallica alla cassa del dispositivo.<\/p>\n<\/li>\n<li class=\"\" data-start=\"2234\" data-end=\"2316\">\n<p class=\"\" data-start=\"2237\" data-end=\"2316\"><strong data-start=\"2421\" data-end=\"2442\">Dispositivo:<\/strong> Collegare il dispositivo al magnete. Il magnete deve entrare in contatto con la lamina metallica.<\/p>\n<\/li>\n<li class=\"\" data-start=\"2234\" data-end=\"2316\">\n<p class=\"\" data-start=\"2237\" data-end=\"2316\"><strong data-start=\"2421\" data-end=\"2442\">Punteggio:<\/strong> Preparate la partitura che state per studiare o eseguire.<\/p>\n<\/li>\n<li class=\"\" data-start=\"2234\" data-end=\"2316\">\n<p class=\"\" data-start=\"2237\" data-end=\"2316\"><strong data-start=\"2526\" data-end=\"2539\">Giochiamo!<\/strong><\/p>\n<\/li>\n<\/ol>\n<hr class=\"\" data-start=\"3079\" data-end=\"3082\" \/>\n<h2 data-start=\"3084\" data-end=\"3153\"><strong data-start=\"3089\" data-end=\"3151\">Preguntas Frecuentes sobre el Atril de Fliscorno para M\u00f3vil<\/strong><\/h2>\n<h3 data-start=\"3155\" data-end=\"3294\"><strong data-start=\"3155\" data-end=\"3216\">\u00bfEl atril de fliscorno para m\u00f3vil es compatible con fliscornos de cualquier marca?<\/strong><\/h3>\n<p data-start=\"3155\" data-end=\"3294\">S\u00ed, el dise\u00f1o universal permite adaptarse a todos los fliscornos est\u00e1ndar.<\/p>\n<h3 data-start=\"3573\" data-end=\"3669\"><strong data-start=\"3573\" data-end=\"3595\">Include una garanzia?<\/strong><\/h3>\n<p data-start=\"3573\" data-end=\"3669\">S\u00ec, ha una garanzia di 2 anni contro i difetti di fabbricazione.<\/p>\n<p>&nbsp;<\/p>","protected":false},"excerpt":{"rendered":"<p><strong>Supporto per telefono cellulare<\/strong>, dise\u00f1ado especialmente para m\u00fasicos de Fliscorno.<\/p>\n<p><em>Montaggio rapido<\/em>\u00a0in pochi secondi, ideale per prove e concerti.<\/p>\n<p><em><strong>Personalizzabile con loghi o iniziali<\/strong><\/em>\u00a0sul retro.<\/p>\n<p><strong>Include\u00a0<\/strong><em>foglio adesivo<\/em>\u00a0metallo da fissare alla cassa del dispositivo, assicurando il miglior contatto con il magnete.<\/p>\n<p>*Il magnete non danneggia la batteria del telefono cellulare.<\/p>","protected":false},"featured_media":26487,"comment_status":"closed","ping_status":"closed","template":"","meta":{"_joinchat":[]},"product_brand":[],"product_cat":[21,29],"product_tag":[],"class_list":{"0":"post-26475","1":"product","2":"type-product","3":"status-publish","4":"has-post-thumbnail","6":"product_cat-accesorios-musicales","7":"product_cat-atril-para-movil-y-ebook","9":"first","10":"instock","11":"taxable","12":"shipping-taxable","13":"purchasable","14":"product-type-simple"},"yoast_head":"<!-- This site is optimized with the Yoast SEO plugin v27.1.1 - https:\/\/yoast.com\/product\/yoast-seo-wordpress\/ -->\n<title>Atril de Fliscorno para M\u00f3vil - 3DTONE<\/title>\n<meta name=\"description\" content=\"Descubre el atril fliscorno de 3DTONE. Dise\u00f1o de una sola pieza, ligero y resistente, perfecto para m\u00fasicos. \u00a1Compra ahora!\" \/>\n<meta name=\"robots\" content=\"index, follow, max-snippet:-1, max-image-preview:large, max-video-preview:-1\" \/>\n<link rel=\"canonical\" href=\"https:\/\/3dtone.com\/it\/prodotto-2\/atril-de-fliscorno-para-movil\/\" \/>\n<meta property=\"og:locale\" content=\"it_IT\" \/>\n<meta property=\"og:type\" content=\"article\" \/>\n<meta property=\"og:title\" content=\"Atril de Fliscorno para M\u00f3vil - 3DTONE\" \/>\n<meta property=\"og:description\" content=\"Descubre el atril fliscorno de 3DTONE. Dise\u00f1o de una sola pieza, ligero y resistente, perfecto para m\u00fasicos. \u00a1Compra ahora!\" \/>\n<meta property=\"og:url\" content=\"https:\/\/3dtone.com\/it\/prodotto-2\/atril-de-fliscorno-para-movil\/\" \/>\n<meta property=\"og:site_name\" content=\"3DTONE\" \/>\n<meta property=\"article:modified_time\" content=\"2026-04-02T11:01:16+00:00\" \/>\n<meta property=\"og:image\" content=\"https:\/\/3dtone.com\/wp-content\/uploads\/2026\/04\/Diseno-sin-titulo-2.png\" \/>\n\t<meta property=\"og:image:width\" content=\"1080\" \/>\n\t<meta property=\"og:image:height\" content=\"1080\" \/>\n\t<meta property=\"og:image:type\" content=\"image\/png\" \/>\n<meta name=\"twitter:card\" content=\"summary_large_image\" \/>\n<script type=\"application\/ld+json\" class=\"yoast-schema-graph\">{\"@context\":\"https:\/\/schema.org\",\"@graph\":[{\"@type\":\"WebPage\",\"@id\":\"https:\/\/3dtone.com\/product\/atril-de-fliscorno-para-movil\/\",\"url\":\"https:\/\/3dtone.com\/product\/atril-de-fliscorno-para-movil\/\",\"name\":\"Atril de Fliscorno para M\u00f3vil - 3DTONE\",\"isPartOf\":{\"@id\":\"https:\/\/3dtone.com\/#website\"},\"primaryImageOfPage\":{\"@id\":\"https:\/\/3dtone.com\/product\/atril-de-fliscorno-para-movil\/#primaryimage\"},\"image\":{\"@id\":\"https:\/\/3dtone.com\/product\/atril-de-fliscorno-para-movil\/#primaryimage\"},\"thumbnailUrl\":\"https:\/\/3dtone.com\/wp-content\/uploads\/2026\/04\/Diseno-sin-titulo-2.png\",\"datePublished\":\"2026-04-02T10:36:09+00:00\",\"dateModified\":\"2026-04-02T11:01:16+00:00\",\"description\":\"Descubre el atril fliscorno de 3DTONE. Dise\u00f1o de una sola pieza, ligero y resistente, perfecto para m\u00fasicos. \u00a1Compra ahora!\",\"breadcrumb\":{\"@id\":\"https:\/\/3dtone.com\/product\/atril-de-fliscorno-para-movil\/#breadcrumb\"},\"inLanguage\":\"it-IT\",\"potentialAction\":[{\"@type\":\"ReadAction\",\"target\":[\"https:\/\/3dtone.com\/product\/atril-de-fliscorno-para-movil\/\"]}]},{\"@type\":\"ImageObject\",\"inLanguage\":\"it-IT\",\"@id\":\"https:\/\/3dtone.com\/product\/atril-de-fliscorno-para-movil\/#primaryimage\",\"url\":\"https:\/\/3dtone.com\/wp-content\/uploads\/2026\/04\/Diseno-sin-titulo-2.png\",\"contentUrl\":\"https:\/\/3dtone.com\/wp-content\/uploads\/2026\/04\/Diseno-sin-titulo-2.png\",\"width\":1080,\"height\":1080,\"caption\":\"ATRIL-FLISCORNO-PARA-EBOOK\"},{\"@type\":\"BreadcrumbList\",\"@id\":\"https:\/\/3dtone.com\/product\/atril-de-fliscorno-para-movil\/#breadcrumb\",\"itemListElement\":[{\"@type\":\"ListItem\",\"position\":1,\"name\":\"Portada\",\"item\":\"https:\/\/3dtone.com\/es\/\"},{\"@type\":\"ListItem\",\"position\":2,\"name\":\"Tienda\",\"item\":\"https:\/\/3dtone.com\/tienda\/\"},{\"@type\":\"ListItem\",\"position\":3,\"name\":\"Atril de Fliscorno para M\u00f3vil\"}]},{\"@type\":\"WebSite\",\"@id\":\"https:\/\/3dtone.com\/#website\",\"url\":\"https:\/\/3dtone.com\/\",\"name\":\"3DTONE\",\"description\":\"Accesorios musicales\",\"publisher\":{\"@id\":\"https:\/\/3dtone.com\/#organization\"},\"potentialAction\":[{\"@type\":\"SearchAction\",\"target\":{\"@type\":\"EntryPoint\",\"urlTemplate\":\"https:\/\/3dtone.com\/?s={search_term_string}\"},\"query-input\":{\"@type\":\"PropertyValueSpecification\",\"valueRequired\":true,\"valueName\":\"search_term_string\"}}],\"inLanguage\":\"it-IT\"},{\"@type\":\"Organization\",\"@id\":\"https:\/\/3dtone.com\/#organization\",\"name\":\"3DTONE\",\"url\":\"https:\/\/3dtone.com\/\",\"logo\":{\"@type\":\"ImageObject\",\"inLanguage\":\"it-IT\",\"@id\":\"https:\/\/3dtone.com\/#\/schema\/logo\/image\/\",\"url\":\"https:\/\/3dtone.com\/wp-content\/uploads\/2025\/01\/cropped-instagram-06.png\",\"contentUrl\":\"https:\/\/3dtone.com\/wp-content\/uploads\/2025\/01\/cropped-instagram-06.png\",\"width\":1341,\"height\":911,\"caption\":\"3DTONE\"},\"image\":{\"@id\":\"https:\/\/3dtone.com\/#\/schema\/logo\/image\/\"}}]}<\/script>\n<!-- \/ Yoast SEO plugin. -->","yoast_head_json":{"title":"Atril de Fliscorno para M\u00f3vil - 3DTONE","description":"Descubre el atril fliscorno de 3DTONE. Dise\u00f1o de una sola pieza, ligero y resistente, perfecto para m\u00fasicos. \u00a1Compra ahora!","robots":{"index":"index","follow":"follow","max-snippet":"max-snippet:-1","max-image-preview":"max-image-preview:large","max-video-preview":"max-video-preview:-1"},"canonical":"https:\/\/3dtone.com\/it\/prodotto-2\/atril-de-fliscorno-para-movil\/","og_locale":"it_IT","og_type":"article","og_title":"Atril de Fliscorno para M\u00f3vil - 3DTONE","og_description":"Descubre el atril fliscorno de 3DTONE. Dise\u00f1o de una sola pieza, ligero y resistente, perfecto para m\u00fasicos. \u00a1Compra ahora!","og_url":"https:\/\/3dtone.com\/it\/prodotto-2\/atril-de-fliscorno-para-movil\/","og_site_name":"3DTONE","article_modified_time":"2026-04-02T11:01:16+00:00","og_image":[{"width":1080,"height":1080,"url":"https:\/\/3dtone.com\/wp-content\/uploads\/2026\/04\/Diseno-sin-titulo-2.png","type":"image\/png"}],"twitter_card":"summary_large_image","schema":{"@context":"https:\/\/schema.org","@graph":[{"@type":"WebPage","@id":"https:\/\/3dtone.com\/product\/atril-de-fliscorno-para-movil\/","url":"https:\/\/3dtone.com\/product\/atril-de-fliscorno-para-movil\/","name":"Atril de Fliscorno para M\u00f3vil - 3DTONE","isPartOf":{"@id":"https:\/\/3dtone.com\/#website"},"primaryImageOfPage":{"@id":"https:\/\/3dtone.com\/product\/atril-de-fliscorno-para-movil\/#primaryimage"},"image":{"@id":"https:\/\/3dtone.com\/product\/atril-de-fliscorno-para-movil\/#primaryimage"},"thumbnailUrl":"https:\/\/3dtone.com\/wp-content\/uploads\/2026\/04\/Diseno-sin-titulo-2.png","datePublished":"2026-04-02T10:36:09+00:00","dateModified":"2026-04-02T11:01:16+00:00","description":"Descubre el atril fliscorno de 3DTONE. Dise\u00f1o de una sola pieza, ligero y resistente, perfecto para m\u00fasicos. \u00a1Compra ahora!","breadcrumb":{"@id":"https:\/\/3dtone.com\/product\/atril-de-fliscorno-para-movil\/#breadcrumb"},"inLanguage":"it-IT","potentialAction":[{"@type":"ReadAction","target":["https:\/\/3dtone.com\/product\/atril-de-fliscorno-para-movil\/"]}]},{"@type":"ImageObject","inLanguage":"it-IT","@id":"https:\/\/3dtone.com\/product\/atril-de-fliscorno-para-movil\/#primaryimage","url":"https:\/\/3dtone.com\/wp-content\/uploads\/2026\/04\/Diseno-sin-titulo-2.png","contentUrl":"https:\/\/3dtone.com\/wp-content\/uploads\/2026\/04\/Diseno-sin-titulo-2.png","width":1080,"height":1080,"caption":"ATRIL-FLISCORNO-PARA-EBOOK"},{"@type":"BreadcrumbList","@id":"https:\/\/3dtone.com\/product\/atril-de-fliscorno-para-movil\/#breadcrumb","itemListElement":[{"@type":"ListItem","position":1,"name":"Portada","item":"https:\/\/3dtone.com\/es\/"},{"@type":"ListItem","position":2,"name":"Tienda","item":"https:\/\/3dtone.com\/tienda\/"},{"@type":"ListItem","position":3,"name":"Atril de Fliscorno para M\u00f3vil"}]},{"@type":"WebSite","@id":"https:\/\/3dtone.com\/#website","url":"https:\/\/3dtone.com\/","name":"3DTONE","description":"Accessori musicali","publisher":{"@id":"https:\/\/3dtone.com\/#organization"},"potentialAction":[{"@type":"SearchAction","target":{"@type":"EntryPoint","urlTemplate":"https:\/\/3dtone.com\/?s={search_term_string}"},"query-input":{"@type":"PropertyValueSpecification","valueRequired":true,"valueName":"search_term_string"}}],"inLanguage":"it-IT"},{"@type":"Organization","@id":"https:\/\/3dtone.com\/#organization","name":"3DTONE","url":"https:\/\/3dtone.com\/","logo":{"@type":"ImageObject","inLanguage":"it-IT","@id":"https:\/\/3dtone.com\/#\/schema\/logo\/image\/","url":"https:\/\/3dtone.com\/wp-content\/uploads\/2025\/01\/cropped-instagram-06.png","contentUrl":"https:\/\/3dtone.com\/wp-content\/uploads\/2025\/01\/cropped-instagram-06.png","width":1341,"height":911,"caption":"3DTONE"},"image":{"@id":"https:\/\/3dtone.com\/#\/schema\/logo\/image\/"}}]}},"jetpack_sharing_enabled":true,"_links":{"self":[{"href":"https:\/\/3dtone.com\/it\/wp-json\/wp\/v2\/product\/26475","targetHints":{"allow":["GET"]}}],"collection":[{"href":"https:\/\/3dtone.com\/it\/wp-json\/wp\/v2\/product"}],"about":[{"href":"https:\/\/3dtone.com\/it\/wp-json\/wp\/v2\/types\/product"}],"replies":[{"embeddable":true,"href":"https:\/\/3dtone.com\/it\/wp-json\/wp\/v2\/comments?post=26475"}],"version-history":[{"count":1,"href":"https:\/\/3dtone.com\/it\/wp-json\/wp\/v2\/product\/26475\/revisions"}],"predecessor-version":[{"id":26488,"href":"https:\/\/3dtone.com\/it\/wp-json\/wp\/v2\/product\/26475\/revisions\/26488"}],"wp:featuredmedia":[{"embeddable":true,"href":"https:\/\/3dtone.com\/it\/wp-json\/wp\/v2\/media\/26487"}],"wp:attachment":[{"href":"https:\/\/3dtone.com\/it\/wp-json\/wp\/v2\/media?parent=26475"}],"wp:term":[{"taxonomy":"product_brand","embeddable":true,"href":"https:\/\/3dtone.com\/it\/wp-json\/wp\/v2\/product_brand?post=26475"},{"taxonomy":"product_cat","embeddable":true,"href":"https:\/\/3dtone.com\/it\/wp-json\/wp\/v2\/product_cat?post=26475"},{"taxonomy":"product_tag","embeddable":true,"href":"https:\/\/3dtone.com\/it\/wp-json\/wp\/v2\/product_tag?post=26475"}],"curies":[{"name":"wp","href":"https:\/\/api.w.org\/{rel}","templated":true}]}}