{"id":916,"date":"2025-01-17T13:31:06","date_gmt":"2025-01-17T12:31:06","guid":{"rendered":"https:\/\/3dtone.com\/?page_id=916"},"modified":"2025-01-17T13:31:34","modified_gmt":"2025-01-17T12:31:34","slug":"terminos-y-condiciones","status":"publish","type":"page","link":"https:\/\/3dtone.com\/nl\/terminos-y-condiciones\/","title":{"rendered":"Algemene voorwaarden"},"content":{"rendered":"<div data-elementor-type=\"wp-page\" data-elementor-id=\"916\" class=\"elementor elementor-916\" data-elementor-post-type=\"page\">\n\t\t\t\t\t\t<section class=\"elementor-section elementor-top-section elementor-element elementor-element-97281d3 elementor-section-boxed elementor-section-height-default elementor-section-height-default\" data-id=\"97281d3\" data-element_type=\"section\" data-e-type=\"section\" data-settings=\"{&quot;background_background&quot;:&quot;classic&quot;}\">\n\t\t\t\t\t\t<div class=\"elementor-container elementor-column-gap-default\">\n\t\t\t\t\t<div class=\"elementor-column elementor-col-100 elementor-top-column elementor-element elementor-element-40b8e8d\" data-id=\"40b8e8d\" data-element_type=\"column\" data-e-type=\"column\">\n\t\t\t<div class=\"elementor-widget-wrap elementor-element-populated\">\n\t\t\t\t\t\t<div class=\"elementor-element elementor-element-de254e1 elementor-mobile-align-center elementor-icon-list--layout-inline elementor-align-center elementor-list-item-link-full_width elementor-widget elementor-widget-icon-list\" data-id=\"de254e1\" data-element_type=\"widget\" data-e-type=\"widget\" data-widget_type=\"icon-list.default\">\n\t\t\t\t<div class=\"elementor-widget-container\">\n\t\t\t\t\t\t\t<ul class=\"elementor-icon-list-items elementor-inline-items\">\n\t\t\t\t\t\t\t<li class=\"elementor-icon-list-item elementor-inline-item\">\n\t\t\t\t\t\t\t\t\t\t\t<a href=\"https:\/\/3dtone.com\/nl\">\n\n\t\t\t\t\t\t\t\t\t\t\t<span class=\"elementor-icon-list-text\">Home<\/span>\n\t\t\t\t\t\t\t\t\t\t\t<\/a>\n\t\t\t\t\t\t\t\t\t<\/li>\n\t\t\t\t\t\t\t\t<li class=\"elementor-icon-list-item elementor-inline-item\">\n\t\t\t\t\t\t\t\t\t\t\t<span class=\"elementor-icon-list-icon\">\n\t\t\t\t\t\t\t<i aria-hidden=\"true\" class=\"material-icons md-call_made\" data-md-icon=\"call_made\"><\/i>\t\t\t\t\t\t<\/span>\n\t\t\t\t\t\t\t\t\t\t<span class=\"elementor-icon-list-text\"><\/span>\n\t\t\t\t\t\t\t\t\t<\/li>\n\t\t\t\t\t\t<\/ul>\n\t\t\t\t\t\t<\/div>\n\t\t\t\t<\/div>\n\t\t\t\t<div class=\"elementor-element elementor-element-0db928a elementor-widget-divider--view-line elementor-widget elementor-widget-divider\" data-id=\"0db928a\" data-element_type=\"widget\" data-e-type=\"widget\" data-widget_type=\"divider.default\">\n\t\t\t\t<div class=\"elementor-widget-container\">\n\t\t\t\t\t\t\t<div class=\"elementor-divider\">\n\t\t\t<span class=\"elementor-divider-separator\">\n\t\t\t\t\t\t<\/span>\n\t\t<\/div>\n\t\t\t\t\t\t<\/div>\n\t\t\t\t<\/div>\n\t\t\t\t\t<\/div>\n\t\t<\/div>\n\t\t\t\t\t<\/div>\n\t\t<\/section>\n\t\t<div class=\"elementor-element elementor-element-7a348f2 e-flex e-con-boxed e-con e-parent\" data-id=\"7a348f2\" data-element_type=\"container\" data-e-type=\"container\">\n\t\t\t\t\t<div class=\"e-con-inner\">\n\t\t\t\t<div class=\"elementor-element elementor-element-ccd3db5 elementor-widget elementor-widget-text-editor\" data-id=\"ccd3db5\" data-element_type=\"widget\" data-e-type=\"widget\" data-widget_type=\"text-editor.default\">\n\t\t\t\t<div class=\"elementor-widget-container\">\n\t\t\t\t\t\t\t\t\t<p data-pm-slice=\"1 1 []\"><strong>1. Algemene informatie<\/strong><\/p><p>Deze voorwaarden regelen het gebruik van de website van 3dTone S.L., hierna \"de Website\", waarvan het eigendom overeenkomt met:<\/p><ul data-spread=\"false\"><li><p>Naam: 3dTone S.L.<\/p><\/li><li><p>BTW-NUMMER: B75531822<\/p><\/li><li><p>Adres: C\/ del Algar n47, 46688 Poliny\u00e0 del X\u00faquer, Valencia, Spanje<\/p><\/li><li><p>E-mail: <a>3dTone.contacto@gmail.com<\/a><\/p><\/li><\/ul><p>Door deze Website te gebruiken, aanvaardt u deze voorwaarden in hun geheel. Als u het niet eens bent met een van de bepalingen in deze voorwaarden, raden wij u aan deze Website niet te gebruiken.<\/p><p><strong>2. Producten en diensten<\/strong><\/p><p>3dTone S.L. biedt producten aan met betrekking tot 3D-ontwerp en 3D-productie. We behouden ons het recht voor om producten of diensten zonder voorafgaande kennisgeving te wijzigen of stop te zetten.<\/p><p><strong>3. Retourbeleid<\/strong><\/p><p>In ons retourbeleid staat het volgende:<\/p><ul data-spread=\"false\"><li><p><strong>Terugbetalingsperiode<\/strong>Producten kunnen binnen 20 dagen na levering worden geretourneerd.<\/p><\/li><li><p><strong>Voorwaarden<\/strong>Producten moeten in originele staat, ongebruikt en in de originele verpakking zijn.<\/p><\/li><li><p><strong>Verzendkosten voor retourzendingen<\/strong>Klanten zijn verantwoordelijk voor de verzendkosten van de retourzending, tenzij:<\/p><ul data-spread=\"false\"><li><p>Het product heeft een fabricagefout.<\/p><\/li><li><p>Er is een fout gemaakt van onze kant.<\/p><\/li><\/ul><\/li><li><p><strong>Retourproces<\/strong>:<\/p><ol start=\"1\" data-spread=\"false\"><li><p>Neem per e-mail contact op met ons team <a>3dTone.contacto@gmail.com<\/a> met de gegevens van je bestelling en de reden voor het retourneren.<\/p><\/li><li><p>Zodra het proces is goedgekeurd, ontvang je instructies voor het verzenden van het geretourneerde product.<\/p><\/li><li><p>Na ontvangst en verificatie van het product verwerken we de restitutie via dezelfde betaalmethode als bij de oorspronkelijke aankoop.<\/p><\/li><\/ol><\/li><li><p><strong>Uitsluitingen<\/strong>Gepersonaliseerde producten kunnen in geen geval worden geretourneerd.<\/p><\/li><\/ul><p><strong>4. Intellectueel eigendom<\/strong><\/p><p>Alle inhoud van de Website, met inbegrip van tekst, afbeeldingen, grafieken, logo's en ontwerpen, zijn eigendom van 3dTone S.L. of haar licentiegevers en worden beschermd door intellectuele eigendomsrechten. Reproductie, verspreiding of wijziging zonder voorafgaande schriftelijke toestemming van 3dTone S.L. is verboden.<\/p><p><strong>5. Beperking van aansprakelijkheid<\/strong><\/p><p>3dTone S.L. is niet aansprakelijk voor enige schade of verlies voortvloeiend uit het gebruik van de Website, met inbegrip van technische fouten, onderbrekingen van de dienstverlening of onnauwkeurigheden in de inhoud, behalve waar vereist door de toepasselijke wetgeving.<\/p><p><strong>6. Toepasselijk recht en jurisdictie<\/strong><\/p><p>Op deze voorwaarden is de Spaanse wetgeving van toepassing. Voor elk geschil dat kan ontstaan met betrekking tot het gebruik van de Website of de aangeboden diensten, onderwerpen de partijen zich aan de jurisdictie van de rechtbanken en gerechtshoven van Valencia, Spanje.<\/p><p><strong>7. Neem contact op met<\/strong><\/p><p>Als je vragen hebt over deze voorwaarden, kun je contact met ons opnemen via e-mail op <a>3dTone.contacto@gmail.com<\/a>.<\/p>\t\t\t\t\t\t\t\t<\/div>\n\t\t\t\t<\/div>\n\t\t\t\t\t<\/div>\n\t\t\t\t<\/div>\n\t\t\t\t<\/div>","protected":false},"excerpt":{"rendered":"<p>Inicio 1. Informaci\u00f3n General Estos t\u00e9rminos y condiciones regulan el uso del sitio web de 3dTone S.L., en adelante \u00abel Sitio Web\u00bb, cuya titularidad corresponde a: Nombre: 3dTone S.L. CIF: B75531822 Direcci\u00f3n: C\/ del Algar n47, 46688 Poliny\u00e0 del X\u00faquer, Valencia, Espa\u00f1a Email: 3dTone.contacto@gmail.com Al utilizar este Sitio Web, aceptas los presentes t\u00e9rminos y condiciones [&hellip;]<\/p>\n","protected":false},"author":2,"featured_media":0,"parent":0,"menu_order":0,"comment_status":"closed","ping_status":"closed","template":"elementor_header_footer","meta":{"_joinchat":[],"footnotes":""},"class_list":["post-916","page","type-page","status-publish","hentry"],"yoast_head":"<!-- This site is optimized with the Yoast SEO plugin v27.1.1 - https:\/\/yoast.com\/product\/yoast-seo-wordpress\/ -->\n<title>T\u00e9rminos y condiciones - 3DTONE<\/title>\n<meta name=\"robots\" content=\"noindex, follow\" \/>\n<meta property=\"og:locale\" content=\"nl_NL\" \/>\n<meta property=\"og:type\" content=\"article\" \/>\n<meta property=\"og:title\" content=\"T\u00e9rminos y condiciones - 3DTONE\" \/>\n<meta property=\"og:description\" content=\"Inicio 1. Informaci\u00f3n General Estos t\u00e9rminos y condiciones regulan el uso del sitio web de 3dTone S.L., en adelante \u00abel Sitio Web\u00bb, cuya titularidad corresponde a: Nombre: 3dTone S.L. CIF: B75531822 Direcci\u00f3n: C\/ del Algar n47, 46688 Poliny\u00e0 del X\u00faquer, Valencia, Espa\u00f1a Email: 3dTone.contacto@gmail.com Al utilizar este Sitio Web, aceptas los presentes t\u00e9rminos y condiciones [&hellip;]\" \/>\n<meta property=\"og:url\" content=\"https:\/\/3dtone.com\/nl\/terminos-y-condiciones\/\" \/>\n<meta property=\"og:site_name\" content=\"3DTONE\" \/>\n<meta property=\"article:modified_time\" content=\"2025-01-17T12:31:34+00:00\" \/>\n<meta property=\"og:image\" content=\"https:\/\/3dtone.com\/wp-content\/uploads\/2025\/01\/logo-mail.png\" \/>\n\t<meta property=\"og:image:width\" content=\"103\" \/>\n\t<meta property=\"og:image:height\" content=\"74\" \/>\n\t<meta property=\"og:image:type\" content=\"image\/png\" \/>\n<meta name=\"twitter:card\" content=\"summary_large_image\" \/>\n<script type=\"application\/ld+json\" class=\"yoast-schema-graph\">{\"@context\":\"https:\/\/schema.org\",\"@graph\":[{\"@type\":\"WebPage\",\"@id\":\"https:\/\/3dtone.com\/terminos-y-condiciones\/\",\"url\":\"https:\/\/3dtone.com\/terminos-y-condiciones\/\",\"name\":\"T\u00e9rminos y condiciones - 3DTONE\",\"isPartOf\":{\"@id\":\"https:\/\/3dtone.com\/#website\"},\"datePublished\":\"2025-01-17T12:31:06+00:00\",\"dateModified\":\"2025-01-17T12:31:34+00:00\",\"breadcrumb\":{\"@id\":\"https:\/\/3dtone.com\/terminos-y-condiciones\/#breadcrumb\"},\"inLanguage\":\"nl-NL\",\"potentialAction\":[{\"@type\":\"ReadAction\",\"target\":[\"https:\/\/3dtone.com\/terminos-y-condiciones\/\"]}]},{\"@type\":\"BreadcrumbList\",\"@id\":\"https:\/\/3dtone.com\/terminos-y-condiciones\/#breadcrumb\",\"itemListElement\":[{\"@type\":\"ListItem\",\"position\":1,\"name\":\"Portada\",\"item\":\"https:\/\/3dtone.com\/es\/\"},{\"@type\":\"ListItem\",\"position\":2,\"name\":\"T\u00e9rminos y condiciones\"}]},{\"@type\":\"WebSite\",\"@id\":\"https:\/\/3dtone.com\/#website\",\"url\":\"https:\/\/3dtone.com\/\",\"name\":\"3DTONE\",\"description\":\"Accesorios musicales\",\"publisher\":{\"@id\":\"https:\/\/3dtone.com\/#organization\"},\"potentialAction\":[{\"@type\":\"SearchAction\",\"target\":{\"@type\":\"EntryPoint\",\"urlTemplate\":\"https:\/\/3dtone.com\/?s={search_term_string}\"},\"query-input\":{\"@type\":\"PropertyValueSpecification\",\"valueRequired\":true,\"valueName\":\"search_term_string\"}}],\"inLanguage\":\"nl-NL\"},{\"@type\":\"Organization\",\"@id\":\"https:\/\/3dtone.com\/#organization\",\"name\":\"3DTONE\",\"url\":\"https:\/\/3dtone.com\/\",\"logo\":{\"@type\":\"ImageObject\",\"inLanguage\":\"nl-NL\",\"@id\":\"https:\/\/3dtone.com\/#\/schema\/logo\/image\/\",\"url\":\"https:\/\/3dtone.com\/wp-content\/uploads\/2025\/01\/cropped-instagram-06.png\",\"contentUrl\":\"https:\/\/3dtone.com\/wp-content\/uploads\/2025\/01\/cropped-instagram-06.png\",\"width\":1341,\"height\":911,\"caption\":\"3DTONE\"},\"image\":{\"@id\":\"https:\/\/3dtone.com\/#\/schema\/logo\/image\/\"}}]}<\/script>\n<!-- \/ Yoast SEO plugin. -->","yoast_head_json":{"title":"T\u00e9rminos y condiciones - 3DTONE","robots":{"index":"noindex","follow":"follow"},"og_locale":"nl_NL","og_type":"article","og_title":"T\u00e9rminos y condiciones - 3DTONE","og_description":"Inicio 1. Informaci\u00f3n General Estos t\u00e9rminos y condiciones regulan el uso del sitio web de 3dTone S.L., en adelante \u00abel Sitio Web\u00bb, cuya titularidad corresponde a: Nombre: 3dTone S.L. CIF: B75531822 Direcci\u00f3n: C\/ del Algar n47, 46688 Poliny\u00e0 del X\u00faquer, Valencia, Espa\u00f1a Email: 3dTone.contacto@gmail.com Al utilizar este Sitio Web, aceptas los presentes t\u00e9rminos y condiciones [&hellip;]","og_url":"https:\/\/3dtone.com\/nl\/terminos-y-condiciones\/","og_site_name":"3DTONE","article_modified_time":"2025-01-17T12:31:34+00:00","og_image":[{"width":103,"height":74,"url":"https:\/\/3dtone.com\/wp-content\/uploads\/2025\/01\/logo-mail.png","type":"image\/png"}],"twitter_card":"summary_large_image","schema":{"@context":"https:\/\/schema.org","@graph":[{"@type":"WebPage","@id":"https:\/\/3dtone.com\/terminos-y-condiciones\/","url":"https:\/\/3dtone.com\/terminos-y-condiciones\/","name":"T\u00e9rminos y condiciones - 3DTONE","isPartOf":{"@id":"https:\/\/3dtone.com\/#website"},"datePublished":"2025-01-17T12:31:06+00:00","dateModified":"2025-01-17T12:31:34+00:00","breadcrumb":{"@id":"https:\/\/3dtone.com\/terminos-y-condiciones\/#breadcrumb"},"inLanguage":"nl-NL","potentialAction":[{"@type":"ReadAction","target":["https:\/\/3dtone.com\/terminos-y-condiciones\/"]}]},{"@type":"BreadcrumbList","@id":"https:\/\/3dtone.com\/terminos-y-condiciones\/#breadcrumb","itemListElement":[{"@type":"ListItem","position":1,"name":"Portada","item":"https:\/\/3dtone.com\/es\/"},{"@type":"ListItem","position":2,"name":"T\u00e9rminos y condiciones"}]},{"@type":"WebSite","@id":"https:\/\/3dtone.com\/#website","url":"https:\/\/3dtone.com\/","name":"3DTONE","description":"Muzikale accessoires","publisher":{"@id":"https:\/\/3dtone.com\/#organization"},"potentialAction":[{"@type":"SearchAction","target":{"@type":"EntryPoint","urlTemplate":"https:\/\/3dtone.com\/?s={search_term_string}"},"query-input":{"@type":"PropertyValueSpecification","valueRequired":true,"valueName":"search_term_string"}}],"inLanguage":"nl-NL"},{"@type":"Organization","@id":"https:\/\/3dtone.com\/#organization","name":"3DTONE","url":"https:\/\/3dtone.com\/","logo":{"@type":"ImageObject","inLanguage":"nl-NL","@id":"https:\/\/3dtone.com\/#\/schema\/logo\/image\/","url":"https:\/\/3dtone.com\/wp-content\/uploads\/2025\/01\/cropped-instagram-06.png","contentUrl":"https:\/\/3dtone.com\/wp-content\/uploads\/2025\/01\/cropped-instagram-06.png","width":1341,"height":911,"caption":"3DTONE"},"image":{"@id":"https:\/\/3dtone.com\/#\/schema\/logo\/image\/"}}]}},"_links":{"self":[{"href":"https:\/\/3dtone.com\/nl\/wp-json\/wp\/v2\/pages\/916","targetHints":{"allow":["GET"]}}],"collection":[{"href":"https:\/\/3dtone.com\/nl\/wp-json\/wp\/v2\/pages"}],"about":[{"href":"https:\/\/3dtone.com\/nl\/wp-json\/wp\/v2\/types\/page"}],"author":[{"embeddable":true,"href":"https:\/\/3dtone.com\/nl\/wp-json\/wp\/v2\/users\/2"}],"replies":[{"embeddable":true,"href":"https:\/\/3dtone.com\/nl\/wp-json\/wp\/v2\/comments?post=916"}],"version-history":[{"count":7,"href":"https:\/\/3dtone.com\/nl\/wp-json\/wp\/v2\/pages\/916\/revisions"}],"predecessor-version":[{"id":923,"href":"https:\/\/3dtone.com\/nl\/wp-json\/wp\/v2\/pages\/916\/revisions\/923"}],"wp:attachment":[{"href":"https:\/\/3dtone.com\/nl\/wp-json\/wp\/v2\/media?parent=916"}],"curies":[{"name":"wp","href":"https:\/\/api.w.org\/{rel}","templated":true}]}}