{"id":26475,"date":"2026-04-02T12:36:09","date_gmt":"2026-04-02T10:36:09","guid":{"rendered":"https:\/\/3dtone.com\/?post_type=product&#038;p=26475"},"modified":"2026-04-02T13:01:16","modified_gmt":"2026-04-02T11:01:16","slug":"atril-de-fliscorno-para-movil","status":"publish","type":"product","link":"https:\/\/3dtone.com\/nl\/product\/atril-de-fliscorno-para-movil\/","title":{"rendered":"Atril de Fliscorno para M\u00f3vil"},"content":{"rendered":"<p class=\"\" data-start=\"125\" data-end=\"343\">Deze<strong> Atril de Marcha para Fliscorno <\/strong>onderscheidt zich door zijn<em> ontwerp uit \u00e9\u00e9n stuk<\/em>leveren <em><strong>stabiliteit<\/strong> <\/em>en comfort in een lichtgewicht, gemakkelijk mee te nemen formaat.<\/p>\n<p class=\"\" data-start=\"345\" data-end=\"554\">Montage <em>snel en gemakkelijk<\/em>. Eenmaal op zijn plaats blijft de muziekstandaard vast en stevig staan, zodat je in elke situatie optimaal kunt spelen.<\/p>\n<p class=\"\" data-start=\"589\" data-end=\"758\">De achterkant, zichtbaar voor het publiek, is\u00a0<em><strong>aanpasbaar<\/strong><\/em>\u00a0met logo's, initialen of specifieke ontwerpen, waardoor de lessenaar een unieke en professionele uitstraling krijgt.<\/p>\n<p class=\"\" data-start=\"65\" data-end=\"371\">Inclusief een metalen zelfklevende folie om hem aan de behuizing van je mobiele apparaat of eBook te bevestigen. Voor de beste prestaties en stabiliteit is het\u00a0<strong><em>fundamenteel<\/em><\/strong>\u00a0De folie mag niet in direct contact komen met de magneet van de lessenaar, dus we raden aan om de folie direct aan de afdekking te bevestigen.<\/p>\n<p class=\"\" data-start=\"373\" data-end=\"477\">Bovendien kun je gerust zijn:\u00a0<strong><em>de magneet beschadigt de batterij van je telefoon niet<\/em><\/strong>\u00a0en heeft geen invloed op de werking ervan.<\/p>\n<hr \/>\n<h2>C\u00f3mo montar tu Atril de Fliscorno para m\u00f3vil:<\/h2>\n<hr \/>\n<h2 data-start=\"301\" data-end=\"370\"><strong data-start=\"306\" data-end=\"368\">\u00bfPor qu\u00e9 elegir el Atril de Fliscorno para M\u00f3vil de 3DTONE?<\/strong><\/h2>\n<p class=\"\" data-start=\"371\" data-end=\"618\">De <strong data-start=\"374\" data-end=\"406\">Atril de Fliscorno para M\u00f3vil<\/strong> van <b>3DTONE <\/b>is ontworpen met het comfort en de veelzijdigheid van muzikanten in gedachten. Met dit innovatieve accessoire kun je je mobiele apparaat vasthouden terwijl je speelt, waardoor het ideaal is voor repetities, concerten en lessen.<\/p>\n<p class=\"\" data-start=\"621\" data-end=\"681\">\u2705 <strong data-start=\"623\" data-end=\"645\">Lichtgewicht en compact:<\/strong> Gemakkelijk te vervoeren en op te bergen.<br \/>\n\u2705 <strong data-start=\"686\" data-end=\"704\">Veilige pasvorm:<\/strong> Compatible con la mayor\u00eda de dispositivos m\u00f3viles y fliscornos.<\/p>\n<p class=\"\" data-start=\"860\" data-end=\"965\">Si buscas un atril que se adapte a tus necesidades como fliscorno moderno, \u00a1este es el ideal para ti!<\/p>\n<hr class=\"\" data-start=\"967\" data-end=\"970\" \/>\n<h2 data-start=\"972\" data-end=\"1031\"><strong data-start=\"977\" data-end=\"1029\">Ventajas de nuestro Atril de Fliscorno para ebook<\/strong><\/h2>\n<ul data-start=\"1032\" data-end=\"1379\">\n<li class=\"\" data-start=\"1032\" data-end=\"1113\">\n<p class=\"\" data-start=\"1034\" data-end=\"1113\"><strong data-start=\"1034\" data-end=\"1063\">Universele compatibiliteit:<\/strong> Compatibel met elk type mobiele telefoon of apparaat.<\/p>\n<\/li>\n<li class=\"\" data-start=\"1114\" data-end=\"1201\">\n<p class=\"\" data-start=\"1116\" data-end=\"1201\"><strong data-start=\"1116\" data-end=\"1147\">Eenvoudige montage en demontage:<\/strong> In slechts enkele seconden is je lessenaar klaar voor gebruik.<\/p>\n<\/li>\n<li class=\"\" data-start=\"1202\" data-end=\"1271\">\n<p class=\"\" data-start=\"1204\" data-end=\"1271\"><strong data-start=\"1204\" data-end=\"1228\">Antislipvoet:<\/strong> Zorgt voor stabiliteit tijdens gebruik.<\/p>\n<\/li>\n<\/ul>\n<p class=\"\" data-start=\"1381\" data-end=\"1521\">Deze muziekstandaard is perfect voor zowel professionele muzikanten als trompetstudenten die een praktische en effici\u00ebnte oplossing nodig hebben.<\/p>\n<hr class=\"\" data-start=\"2041\" data-end=\"2044\" \/>\n<h2 data-start=\"2046\" data-end=\"2132\"><strong data-start=\"2051\" data-end=\"2130\">\u00bfC\u00f3mo utilizar el Atril de Fliscorno de marcha en tus ensayos y conciertos?<\/strong><\/h2>\n<ol data-start=\"2133\" data-end=\"2541\">\n<li class=\"\" data-start=\"2133\" data-end=\"2233\">\n<p class=\"\" data-start=\"2136\" data-end=\"2233\"><strong data-start=\"2136\" data-end=\"2159\">Montage:<\/strong> Mediante el sistema de bisagra, incorpora el atril en tu fliscorno.<\/p>\n<\/li>\n<li class=\"\" data-start=\"2234\" data-end=\"2316\">\n<p class=\"\" data-start=\"2237\" data-end=\"2316\"><strong data-start=\"2237\" data-end=\"2259\">Metalen folie: <\/strong>Plak de metaalfolie op de behuizing van je apparaat.<\/p>\n<\/li>\n<li class=\"\" data-start=\"2234\" data-end=\"2316\">\n<p class=\"\" data-start=\"2237\" data-end=\"2316\"><strong data-start=\"2421\" data-end=\"2442\">Apparaat:<\/strong> Bevestig het apparaat aan de magneet. De magneet moet contact maken met de metaalfolie.<\/p>\n<\/li>\n<li class=\"\" data-start=\"2234\" data-end=\"2316\">\n<p class=\"\" data-start=\"2237\" data-end=\"2316\"><strong data-start=\"2421\" data-end=\"2442\">Scoren:<\/strong> Bereid de partituur voor die je gaat bestuderen of uitvoeren.<\/p>\n<\/li>\n<li class=\"\" data-start=\"2234\" data-end=\"2316\">\n<p class=\"\" data-start=\"2237\" data-end=\"2316\"><strong data-start=\"2526\" data-end=\"2539\">Laten we spelen!<\/strong><\/p>\n<\/li>\n<\/ol>\n<hr class=\"\" data-start=\"3079\" data-end=\"3082\" \/>\n<h2 data-start=\"3084\" data-end=\"3153\"><strong data-start=\"3089\" data-end=\"3151\">Preguntas Frecuentes sobre el Atril de Fliscorno para M\u00f3vil<\/strong><\/h2>\n<h3 data-start=\"3155\" data-end=\"3294\"><strong data-start=\"3155\" data-end=\"3216\">\u00bfEl atril de fliscorno para m\u00f3vil es compatible con fliscornos de cualquier marca?<\/strong><\/h3>\n<p data-start=\"3155\" data-end=\"3294\">S\u00ed, el dise\u00f1o universal permite adaptarse a todos los fliscornos est\u00e1ndar.<\/p>\n<h3 data-start=\"3573\" data-end=\"3669\"><strong data-start=\"3573\" data-end=\"3595\">Zit er een garantie bij?<\/strong><\/h3>\n<p data-start=\"3573\" data-end=\"3669\">Ja, er zit 2 jaar garantie op fabricagefouten op.<\/p>\n<p>&nbsp;<\/p>","protected":false},"excerpt":{"rendered":"<p><strong>Standaard voor mobiele telefoon<\/strong>, dise\u00f1ado especialmente para m\u00fasicos de Fliscorno.<\/p>\n<p><em>Snelle montage<\/em>\u00a0in enkele seconden, ideaal voor repetities en concerten.<\/p>\n<p><em><strong>Aanpasbaar met logo's of initialen<\/strong><\/em>\u00a0aan de achterkant.<\/p>\n<p><strong>Inclusief\u00a0<\/strong><em>kleeffolie<\/em>\u00a0metaal om vast te maken aan de behuizing van het apparaat, zodat er optimaal contact is met de magneet.<\/p>\n<p>*De magneet beschadigt de batterij van de mobiele telefoon niet.<\/p>","protected":false},"featured_media":26487,"comment_status":"closed","ping_status":"closed","template":"","meta":{"_joinchat":[]},"product_brand":[],"product_cat":[21,29],"product_tag":[],"class_list":{"0":"post-26475","1":"product","2":"type-product","3":"status-publish","4":"has-post-thumbnail","6":"product_cat-accesorios-musicales","7":"product_cat-atril-para-movil-y-ebook","9":"first","10":"instock","11":"taxable","12":"shipping-taxable","13":"purchasable","14":"product-type-simple"},"yoast_head":"<!-- This site is optimized with the Yoast SEO plugin v27.1.1 - https:\/\/yoast.com\/product\/yoast-seo-wordpress\/ -->\n<title>Atril de Fliscorno para M\u00f3vil - 3DTONE<\/title>\n<meta name=\"description\" content=\"Descubre el atril fliscorno de 3DTONE. Dise\u00f1o de una sola pieza, ligero y resistente, perfecto para m\u00fasicos. \u00a1Compra ahora!\" \/>\n<meta name=\"robots\" content=\"index, follow, max-snippet:-1, max-image-preview:large, max-video-preview:-1\" \/>\n<link rel=\"canonical\" href=\"https:\/\/3dtone.com\/nl\/product-2\/atril-de-fliscorno-para-movil\/\" \/>\n<meta property=\"og:locale\" content=\"nl_NL\" \/>\n<meta property=\"og:type\" content=\"article\" \/>\n<meta property=\"og:title\" content=\"Atril de Fliscorno para M\u00f3vil - 3DTONE\" \/>\n<meta property=\"og:description\" content=\"Descubre el atril fliscorno de 3DTONE. Dise\u00f1o de una sola pieza, ligero y resistente, perfecto para m\u00fasicos. \u00a1Compra ahora!\" \/>\n<meta property=\"og:url\" content=\"https:\/\/3dtone.com\/nl\/product-2\/atril-de-fliscorno-para-movil\/\" \/>\n<meta property=\"og:site_name\" content=\"3DTONE\" \/>\n<meta property=\"article:modified_time\" content=\"2026-04-02T11:01:16+00:00\" \/>\n<meta property=\"og:image\" content=\"https:\/\/3dtone.com\/wp-content\/uploads\/2026\/04\/Diseno-sin-titulo-2.png\" \/>\n\t<meta property=\"og:image:width\" content=\"1080\" \/>\n\t<meta property=\"og:image:height\" content=\"1080\" \/>\n\t<meta property=\"og:image:type\" content=\"image\/png\" \/>\n<meta name=\"twitter:card\" content=\"summary_large_image\" \/>\n<script type=\"application\/ld+json\" class=\"yoast-schema-graph\">{\"@context\":\"https:\/\/schema.org\",\"@graph\":[{\"@type\":\"WebPage\",\"@id\":\"https:\/\/3dtone.com\/product\/atril-de-fliscorno-para-movil\/\",\"url\":\"https:\/\/3dtone.com\/product\/atril-de-fliscorno-para-movil\/\",\"name\":\"Atril de Fliscorno para M\u00f3vil - 3DTONE\",\"isPartOf\":{\"@id\":\"https:\/\/3dtone.com\/#website\"},\"primaryImageOfPage\":{\"@id\":\"https:\/\/3dtone.com\/product\/atril-de-fliscorno-para-movil\/#primaryimage\"},\"image\":{\"@id\":\"https:\/\/3dtone.com\/product\/atril-de-fliscorno-para-movil\/#primaryimage\"},\"thumbnailUrl\":\"https:\/\/3dtone.com\/wp-content\/uploads\/2026\/04\/Diseno-sin-titulo-2.png\",\"datePublished\":\"2026-04-02T10:36:09+00:00\",\"dateModified\":\"2026-04-02T11:01:16+00:00\",\"description\":\"Descubre el atril fliscorno de 3DTONE. Dise\u00f1o de una sola pieza, ligero y resistente, perfecto para m\u00fasicos. \u00a1Compra ahora!\",\"breadcrumb\":{\"@id\":\"https:\/\/3dtone.com\/product\/atril-de-fliscorno-para-movil\/#breadcrumb\"},\"inLanguage\":\"nl-NL\",\"potentialAction\":[{\"@type\":\"ReadAction\",\"target\":[\"https:\/\/3dtone.com\/product\/atril-de-fliscorno-para-movil\/\"]}]},{\"@type\":\"ImageObject\",\"inLanguage\":\"nl-NL\",\"@id\":\"https:\/\/3dtone.com\/product\/atril-de-fliscorno-para-movil\/#primaryimage\",\"url\":\"https:\/\/3dtone.com\/wp-content\/uploads\/2026\/04\/Diseno-sin-titulo-2.png\",\"contentUrl\":\"https:\/\/3dtone.com\/wp-content\/uploads\/2026\/04\/Diseno-sin-titulo-2.png\",\"width\":1080,\"height\":1080,\"caption\":\"ATRIL-FLISCORNO-PARA-EBOOK\"},{\"@type\":\"BreadcrumbList\",\"@id\":\"https:\/\/3dtone.com\/product\/atril-de-fliscorno-para-movil\/#breadcrumb\",\"itemListElement\":[{\"@type\":\"ListItem\",\"position\":1,\"name\":\"Portada\",\"item\":\"https:\/\/3dtone.com\/es\/\"},{\"@type\":\"ListItem\",\"position\":2,\"name\":\"Tienda\",\"item\":\"https:\/\/3dtone.com\/tienda\/\"},{\"@type\":\"ListItem\",\"position\":3,\"name\":\"Atril de Fliscorno para M\u00f3vil\"}]},{\"@type\":\"WebSite\",\"@id\":\"https:\/\/3dtone.com\/#website\",\"url\":\"https:\/\/3dtone.com\/\",\"name\":\"3DTONE\",\"description\":\"Accesorios musicales\",\"publisher\":{\"@id\":\"https:\/\/3dtone.com\/#organization\"},\"potentialAction\":[{\"@type\":\"SearchAction\",\"target\":{\"@type\":\"EntryPoint\",\"urlTemplate\":\"https:\/\/3dtone.com\/?s={search_term_string}\"},\"query-input\":{\"@type\":\"PropertyValueSpecification\",\"valueRequired\":true,\"valueName\":\"search_term_string\"}}],\"inLanguage\":\"nl-NL\"},{\"@type\":\"Organization\",\"@id\":\"https:\/\/3dtone.com\/#organization\",\"name\":\"3DTONE\",\"url\":\"https:\/\/3dtone.com\/\",\"logo\":{\"@type\":\"ImageObject\",\"inLanguage\":\"nl-NL\",\"@id\":\"https:\/\/3dtone.com\/#\/schema\/logo\/image\/\",\"url\":\"https:\/\/3dtone.com\/wp-content\/uploads\/2025\/01\/cropped-instagram-06.png\",\"contentUrl\":\"https:\/\/3dtone.com\/wp-content\/uploads\/2025\/01\/cropped-instagram-06.png\",\"width\":1341,\"height\":911,\"caption\":\"3DTONE\"},\"image\":{\"@id\":\"https:\/\/3dtone.com\/#\/schema\/logo\/image\/\"}}]}<\/script>\n<!-- \/ Yoast SEO plugin. -->","yoast_head_json":{"title":"Atril de Fliscorno para M\u00f3vil - 3DTONE","description":"Descubre el atril fliscorno de 3DTONE. Dise\u00f1o de una sola pieza, ligero y resistente, perfecto para m\u00fasicos. \u00a1Compra ahora!","robots":{"index":"index","follow":"follow","max-snippet":"max-snippet:-1","max-image-preview":"max-image-preview:large","max-video-preview":"max-video-preview:-1"},"canonical":"https:\/\/3dtone.com\/nl\/product-2\/atril-de-fliscorno-para-movil\/","og_locale":"nl_NL","og_type":"article","og_title":"Atril de Fliscorno para M\u00f3vil - 3DTONE","og_description":"Descubre el atril fliscorno de 3DTONE. Dise\u00f1o de una sola pieza, ligero y resistente, perfecto para m\u00fasicos. \u00a1Compra ahora!","og_url":"https:\/\/3dtone.com\/nl\/product-2\/atril-de-fliscorno-para-movil\/","og_site_name":"3DTONE","article_modified_time":"2026-04-02T11:01:16+00:00","og_image":[{"width":1080,"height":1080,"url":"https:\/\/3dtone.com\/wp-content\/uploads\/2026\/04\/Diseno-sin-titulo-2.png","type":"image\/png"}],"twitter_card":"summary_large_image","schema":{"@context":"https:\/\/schema.org","@graph":[{"@type":"WebPage","@id":"https:\/\/3dtone.com\/product\/atril-de-fliscorno-para-movil\/","url":"https:\/\/3dtone.com\/product\/atril-de-fliscorno-para-movil\/","name":"Atril de Fliscorno para M\u00f3vil - 3DTONE","isPartOf":{"@id":"https:\/\/3dtone.com\/#website"},"primaryImageOfPage":{"@id":"https:\/\/3dtone.com\/product\/atril-de-fliscorno-para-movil\/#primaryimage"},"image":{"@id":"https:\/\/3dtone.com\/product\/atril-de-fliscorno-para-movil\/#primaryimage"},"thumbnailUrl":"https:\/\/3dtone.com\/wp-content\/uploads\/2026\/04\/Diseno-sin-titulo-2.png","datePublished":"2026-04-02T10:36:09+00:00","dateModified":"2026-04-02T11:01:16+00:00","description":"Descubre el atril fliscorno de 3DTONE. Dise\u00f1o de una sola pieza, ligero y resistente, perfecto para m\u00fasicos. \u00a1Compra ahora!","breadcrumb":{"@id":"https:\/\/3dtone.com\/product\/atril-de-fliscorno-para-movil\/#breadcrumb"},"inLanguage":"nl-NL","potentialAction":[{"@type":"ReadAction","target":["https:\/\/3dtone.com\/product\/atril-de-fliscorno-para-movil\/"]}]},{"@type":"ImageObject","inLanguage":"nl-NL","@id":"https:\/\/3dtone.com\/product\/atril-de-fliscorno-para-movil\/#primaryimage","url":"https:\/\/3dtone.com\/wp-content\/uploads\/2026\/04\/Diseno-sin-titulo-2.png","contentUrl":"https:\/\/3dtone.com\/wp-content\/uploads\/2026\/04\/Diseno-sin-titulo-2.png","width":1080,"height":1080,"caption":"ATRIL-FLISCORNO-PARA-EBOOK"},{"@type":"BreadcrumbList","@id":"https:\/\/3dtone.com\/product\/atril-de-fliscorno-para-movil\/#breadcrumb","itemListElement":[{"@type":"ListItem","position":1,"name":"Portada","item":"https:\/\/3dtone.com\/es\/"},{"@type":"ListItem","position":2,"name":"Tienda","item":"https:\/\/3dtone.com\/tienda\/"},{"@type":"ListItem","position":3,"name":"Atril de Fliscorno para M\u00f3vil"}]},{"@type":"WebSite","@id":"https:\/\/3dtone.com\/#website","url":"https:\/\/3dtone.com\/","name":"3DTONE","description":"Muzikale accessoires","publisher":{"@id":"https:\/\/3dtone.com\/#organization"},"potentialAction":[{"@type":"SearchAction","target":{"@type":"EntryPoint","urlTemplate":"https:\/\/3dtone.com\/?s={search_term_string}"},"query-input":{"@type":"PropertyValueSpecification","valueRequired":true,"valueName":"search_term_string"}}],"inLanguage":"nl-NL"},{"@type":"Organization","@id":"https:\/\/3dtone.com\/#organization","name":"3DTONE","url":"https:\/\/3dtone.com\/","logo":{"@type":"ImageObject","inLanguage":"nl-NL","@id":"https:\/\/3dtone.com\/#\/schema\/logo\/image\/","url":"https:\/\/3dtone.com\/wp-content\/uploads\/2025\/01\/cropped-instagram-06.png","contentUrl":"https:\/\/3dtone.com\/wp-content\/uploads\/2025\/01\/cropped-instagram-06.png","width":1341,"height":911,"caption":"3DTONE"},"image":{"@id":"https:\/\/3dtone.com\/#\/schema\/logo\/image\/"}}]}},"jetpack_sharing_enabled":true,"_links":{"self":[{"href":"https:\/\/3dtone.com\/nl\/wp-json\/wp\/v2\/product\/26475","targetHints":{"allow":["GET"]}}],"collection":[{"href":"https:\/\/3dtone.com\/nl\/wp-json\/wp\/v2\/product"}],"about":[{"href":"https:\/\/3dtone.com\/nl\/wp-json\/wp\/v2\/types\/product"}],"replies":[{"embeddable":true,"href":"https:\/\/3dtone.com\/nl\/wp-json\/wp\/v2\/comments?post=26475"}],"version-history":[{"count":1,"href":"https:\/\/3dtone.com\/nl\/wp-json\/wp\/v2\/product\/26475\/revisions"}],"predecessor-version":[{"id":26488,"href":"https:\/\/3dtone.com\/nl\/wp-json\/wp\/v2\/product\/26475\/revisions\/26488"}],"wp:featuredmedia":[{"embeddable":true,"href":"https:\/\/3dtone.com\/nl\/wp-json\/wp\/v2\/media\/26487"}],"wp:attachment":[{"href":"https:\/\/3dtone.com\/nl\/wp-json\/wp\/v2\/media?parent=26475"}],"wp:term":[{"taxonomy":"product_brand","embeddable":true,"href":"https:\/\/3dtone.com\/nl\/wp-json\/wp\/v2\/product_brand?post=26475"},{"taxonomy":"product_cat","embeddable":true,"href":"https:\/\/3dtone.com\/nl\/wp-json\/wp\/v2\/product_cat?post=26475"},{"taxonomy":"product_tag","embeddable":true,"href":"https:\/\/3dtone.com\/nl\/wp-json\/wp\/v2\/product_tag?post=26475"}],"curies":[{"name":"wp","href":"https:\/\/api.w.org\/{rel}","templated":true}]}}